{"id":34599,"date":"2025-12-10T13:34:33","date_gmt":"2025-12-10T13:34:33","guid":{"rendered":"https:\/\/adidascombat.md\/product\/%d1%81%d0%b2%d0%b8%d1%82%d0%b5%d1%80-ju-sports-signature-line-%d0%ba%d1%80%d0%b0%d0%b2-%d0%bc%d0%b0%d0%b3%d0%b0\/"},"modified":"2025-12-10T13:36:09","modified_gmt":"2025-12-10T13:36:09","slug":"%d1%81%d0%b2%d0%b8%d1%82%d0%b5%d1%80-ju-sports-signature-line-%d0%ba%d1%80%d0%b0%d0%b2-%d0%bc%d0%b0%d0%b3%d0%b0","status":"publish","type":"product","link":"https:\/\/adidascombat.md\/ro\/Produs\/%d1%81%d0%b2%d0%b8%d1%82%d0%b5%d1%80-ju-sports-signature-line-%d0%ba%d1%80%d0%b0%d0%b2-%d0%bc%d0%b0%d0%b3%d0%b0\/","title":{"rendered":"Pulover Ju-Sports Signature Line \u201eKrav Maga\u201d"},"content":{"rendered":"<p>Un pulover sport, unisex, inspirat de Krav Maga. Acest pulover are o croial\u0103 modern\u0103 \u0219i este perfect at\u00e2t pentru antrenamentul de Krav Maga, c\u00e2t \u0219i pentru \u021binuta casual.<\/p>\n<p>Cu logo-ul \u0219i inscrip\u021bia discret\u0103 inspirat\u0103 de Krav Maga, \u00ee\u021bi po\u021bi etala pasiunea pentru acest sport.<\/p>\n<p>Acest hanorac sport te va face s\u0103 ar\u0103\u021bi grozav at\u00e2t \u00een \u200b\u200btimpul antrenamentului, c\u00e2t \u0219i pentru \u021binuta casual.<\/p>\n<p>Material stabil dimensional \u0219i confortabil: 50% bumbac, 50% poliester.<br \/>\nPieptene intern pentru confort suplimentar.<br \/>\nM\u00e2neci inserate.<br \/>\nCertificat Fair Wear.<br \/>\nFoarte la mod\u0103 \u0219i confortabil de purtat!<br \/>\nDisponibil \u00een m\u0103rimile de la XS la 4XL.<\/p>\n<p><strong>Caracteristici:<\/strong><\/p>\n<ul>\n<li>\u00a0Fair Wear<\/li>\n<li>La un unghi de 40\u00b0, nu c\u0103lca\u021bi, nu usca\u021bi \u00een usc\u0103tor \u0219i nu folosi\u021bi balsam.<\/li>\n<li>Extrem de confortabil de purtat.<\/li>\n<li>50% bumbac, 50% poliester<\/li>\n<li>Unisex (versiune obi\u0219nuit\u0103)<\/li>\n<\/ul>\n","protected":false},"excerpt":{"rendered":"<p>Un pulover sport, unisex, inspirat de Krav Maga. Acest pulover are o croial\u0103 modern\u0103 \u0219i este perfect at\u00e2t pentru antrenamentul<\/p>\n","protected":false},"featured_media":34596,"comment_status":"open","ping_status":"closed","template":"","meta":[],"product_brand":[],"product_cat":[848,846],"product_tag":[],"class_list":{"0":"post-34599","1":"product","2":"type-product","3":"status-publish","4":"has-post-thumbnail","6":"product_cat-imbracaminte-11","7":"product_cat-krav-maga-ro","9":"first","10":"instock","11":"shipping-taxable","12":"purchasable","13":"product-type-variable"},"_links":{"self":[{"href":"https:\/\/adidascombat.md\/ro\/wp-json\/wp\/v2\/product\/34599","targetHints":{"allow":["GET"]}}],"collection":[{"href":"https:\/\/adidascombat.md\/ro\/wp-json\/wp\/v2\/product"}],"about":[{"href":"https:\/\/adidascombat.md\/ro\/wp-json\/wp\/v2\/types\/product"}],"replies":[{"embeddable":true,"href":"https:\/\/adidascombat.md\/ro\/wp-json\/wp\/v2\/comments?post=34599"}],"version-history":[{"count":1,"href":"https:\/\/adidascombat.md\/ro\/wp-json\/wp\/v2\/product\/34599\/revisions"}],"predecessor-version":[{"id":34640,"href":"https:\/\/adidascombat.md\/ro\/wp-json\/wp\/v2\/product\/34599\/revisions\/34640"}],"wp:featuredmedia":[{"embeddable":true,"href":"https:\/\/adidascombat.md\/ro\/wp-json\/wp\/v2\/media\/34596"}],"wp:attachment":[{"href":"https:\/\/adidascombat.md\/ro\/wp-json\/wp\/v2\/media?parent=34599"}],"wp:term":[{"taxonomy":"product_brand","embeddable":true,"href":"https:\/\/adidascombat.md\/ro\/wp-json\/wp\/v2\/product_brand?post=34599"},{"taxonomy":"product_cat","embeddable":true,"href":"https:\/\/adidascombat.md\/ro\/wp-json\/wp\/v2\/product_cat?post=34599"},{"taxonomy":"product_tag","embeddable":true,"href":"https:\/\/adidascombat.md\/ro\/wp-json\/wp\/v2\/product_tag?post=34599"}],"curies":[{"name":"wp","href":"https:\/\/api.w.org\/{rel}","templated":true}]}}