{"id":34660,"date":"2025-12-10T13:42:42","date_gmt":"2025-12-10T13:42:42","guid":{"rendered":"https:\/\/adidascombat.md\/product\/kommando-flex-%d0%b3%d0%b8%d0%b1%d1%80%d0%b8%d0%b4%d0%bd%d1%8b%d0%b5-%d1%88%d0%be%d1%80%d1%82%d1%8b\/"},"modified":"2025-12-10T13:45:11","modified_gmt":"2025-12-10T13:45:11","slug":"kommando-flex-%d0%b3%d0%b8%d0%b1%d1%80%d0%b8%d0%b4%d0%bd%d1%8b%d0%b5-%d1%88%d0%be%d1%80%d1%82%d1%8b","status":"publish","type":"product","link":"https:\/\/adidascombat.md\/ro\/Produs\/kommando-flex-%d0%b3%d0%b8%d0%b1%d1%80%d0%b8%d0%b4%d0%bd%d1%8b%d0%b5-%d1%88%d0%be%d1%80%d1%82%d1%8b\/","title":{"rendered":"Kommando Flex \u2014 pantaloni scur\u021bi hibrid"},"content":{"rendered":"<p>Pantaloni scur\u021bi de antrenament pentru autoap\u0103rare, tip Commando, cu inser\u021bie de compresie<\/p>\n<p>Durabili, bine concepu\u021bi \u0219i gata de utilizare: alegerea perfect\u0103 pentru antrenamente solicitante, scenarii sau chiar pur \u0219i simplu pentru \u021binute casual. Fabrica\u021bi din poliester 100% durabil, ace\u0219ti pantaloni ofer\u0103 combina\u021bia perfect\u0103 de func\u021bionalitate, confort \u0219i durabilitate.<\/p>\n<p><strong>Prezentare general\u0103 a caracteristicilor:<\/strong><br \/>\n<strong>2 buzunare aplicate pentru depozitarea \u0219i accesarea rapid\u0103 a echipamentului esen\u021bial<\/strong><br \/>\n<strong>Construc\u021bie cu dou\u0103 straturi, cu elasticitate \u00een patru direc\u021bii<\/strong>, pentru un suport flexibil, dar stabil<br \/>\n<strong>Inser\u021bie de compresie pentru suport<\/strong> muscular, circula\u021bie \u00eembun\u0103t\u0103\u021bit\u0103 \u0219i confort superior \u00een timpul activit\u0103\u021bii fizice prelungite<br \/>\n<strong>Material: 100%<\/strong> poliester \u2013 u\u0219or de \u00eentre\u021binut, durabil \u0219i cu uscare rapid\u0103<br \/>\n<strong>Cus\u0103turi \u00eent\u0103rite<\/strong> pentru suport fiabil \u0219i durabilitate de lung\u0103 durat\u0103<\/p>\n","protected":false},"excerpt":{"rendered":"<p>Pantaloni scur\u021bi de antrenament pentru autoap\u0103rare, tip Commando, cu inser\u021bie de compresie Durabili, bine concepu\u021bi \u0219i gata de utilizare: alegerea<\/p>\n","protected":false},"featured_media":34646,"comment_status":"open","ping_status":"closed","template":"","meta":[],"product_brand":[],"product_cat":[801,848,815,846],"product_tag":[],"class_list":{"0":"post-34660","1":"product","2":"type-product","3":"status-publish","4":"has-post-thumbnail","6":"product_cat-adidas-ju-jutsu","7":"product_cat-imbracaminte-11","8":"product_cat-imbracaminte-incaltaminte-ro-7","9":"product_cat-krav-maga-ro","11":"first","12":"instock","13":"shipping-taxable","14":"purchasable","15":"product-type-variable"},"_links":{"self":[{"href":"https:\/\/adidascombat.md\/ro\/wp-json\/wp\/v2\/product\/34660","targetHints":{"allow":["GET"]}}],"collection":[{"href":"https:\/\/adidascombat.md\/ro\/wp-json\/wp\/v2\/product"}],"about":[{"href":"https:\/\/adidascombat.md\/ro\/wp-json\/wp\/v2\/types\/product"}],"replies":[{"embeddable":true,"href":"https:\/\/adidascombat.md\/ro\/wp-json\/wp\/v2\/comments?post=34660"}],"version-history":[{"count":2,"href":"https:\/\/adidascombat.md\/ro\/wp-json\/wp\/v2\/product\/34660\/revisions"}],"predecessor-version":[{"id":34665,"href":"https:\/\/adidascombat.md\/ro\/wp-json\/wp\/v2\/product\/34660\/revisions\/34665"}],"wp:featuredmedia":[{"embeddable":true,"href":"https:\/\/adidascombat.md\/ro\/wp-json\/wp\/v2\/media\/34646"}],"wp:attachment":[{"href":"https:\/\/adidascombat.md\/ro\/wp-json\/wp\/v2\/media?parent=34660"}],"wp:term":[{"taxonomy":"product_brand","embeddable":true,"href":"https:\/\/adidascombat.md\/ro\/wp-json\/wp\/v2\/product_brand?post=34660"},{"taxonomy":"product_cat","embeddable":true,"href":"https:\/\/adidascombat.md\/ro\/wp-json\/wp\/v2\/product_cat?post=34660"},{"taxonomy":"product_tag","embeddable":true,"href":"https:\/\/adidascombat.md\/ro\/wp-json\/wp\/v2\/product_tag?post=34660"}],"curies":[{"name":"wp","href":"https:\/\/api.w.org\/{rel}","templated":true}]}}