{"id":34859,"date":"2025-12-10T16:21:06","date_gmt":"2025-12-10T16:21:06","guid":{"rendered":"https:\/\/adidascombat.md\/product\/%d0%b7%d0%b0%d1%89%d0%b8%d1%82%d0%bd%d1%8b%d0%b9-%d1%89%d0%b8%d1%82%d0%be%d0%ba-%d0%b4%d0%bb%d1%8f-%d0%b3%d0%be%d0%bb%d0%be%d0%b2%d1%8b-%d1%87%d0%b5%d1%80%d0%bd%d1%8b%d0%b9\/"},"modified":"2025-12-10T16:22:06","modified_gmt":"2025-12-10T16:22:06","slug":"%d0%b7%d0%b0%d1%89%d0%b8%d1%82%d0%bd%d1%8b%d0%b9-%d1%89%d0%b8%d1%82%d0%be%d0%ba-%d0%b4%d0%bb%d1%8f-%d0%b3%d0%be%d0%bb%d0%be%d0%b2%d1%8b-%d1%87%d0%b5%d1%80%d0%bd%d1%8b%d0%b9","status":"publish","type":"product","link":"https:\/\/adidascombat.md\/ro\/Produs\/%d0%b7%d0%b0%d1%89%d0%b8%d1%82%d0%bd%d1%8b%d0%b9-%d1%89%d0%b8%d1%82%d0%be%d0%ba-%d0%b4%d0%bb%d1%8f-%d0%b3%d0%be%d0%bb%d0%be%d0%b2%d1%8b-%d1%87%d0%b5%d1%80%d0%bd%d1%8b%d0%b9\/","title":{"rendered":"Protec\u021bie pentru cap, negru"},"content":{"rendered":"<p>Protec\u021bie pentru cap confec\u021bionat\u0103 din piele sintetic\u0103 inovatoare, rezistent\u0103 la uzur\u0103, cu vizier\u0103 din plexiglas. Ideal\u0103 pentru antrenamentul cu arme contondente etc. Nu este potrivit\u0103 pentru sporturi de contact unde masca este expus\u0103 la impacturi directe!<\/p>\n<p>\u00cenchidere convenabil\u0103 cu velcro \u00een spate.<\/p>\n<p>Cu protec\u021bie pentru urechi.<br \/>\nC\u0103ptu\u0219eal\u0103 moale \u00een partea de sus.<br \/>\nMasca nu este deta\u0219abil\u0103.<\/p>\n","protected":false},"excerpt":{"rendered":"<p>Protec\u021bie pentru cap confec\u021bionat\u0103 din piele sintetic\u0103 inovatoare, rezistent\u0103 la uzur\u0103, cu vizier\u0103 din plexiglas. Ideal\u0103 pentru antrenamentul cu arme<\/p>\n","protected":false},"featured_media":34850,"comment_status":"open","ping_status":"closed","template":"","meta":[],"product_brand":[],"product_cat":[882,850,846,875],"product_tag":[],"class_list":{"0":"post-34859","1":"product","2":"type-product","3":"status-publish","4":"has-post-thumbnail","6":"product_cat-echipament-protectie-13","7":"product_cat-echipament-protectie-11","8":"product_cat-krav-maga-ro","9":"product_cat-mmafreefight-thaiboxing","11":"first","12":"instock","13":"shipping-taxable","14":"purchasable","15":"product-type-variable"},"_links":{"self":[{"href":"https:\/\/adidascombat.md\/ro\/wp-json\/wp\/v2\/product\/34859","targetHints":{"allow":["GET"]}}],"collection":[{"href":"https:\/\/adidascombat.md\/ro\/wp-json\/wp\/v2\/product"}],"about":[{"href":"https:\/\/adidascombat.md\/ro\/wp-json\/wp\/v2\/types\/product"}],"replies":[{"embeddable":true,"href":"https:\/\/adidascombat.md\/ro\/wp-json\/wp\/v2\/comments?post=34859"}],"version-history":[{"count":2,"href":"https:\/\/adidascombat.md\/ro\/wp-json\/wp\/v2\/product\/34859\/revisions"}],"predecessor-version":[{"id":34865,"href":"https:\/\/adidascombat.md\/ro\/wp-json\/wp\/v2\/product\/34859\/revisions\/34865"}],"wp:featuredmedia":[{"embeddable":true,"href":"https:\/\/adidascombat.md\/ro\/wp-json\/wp\/v2\/media\/34850"}],"wp:attachment":[{"href":"https:\/\/adidascombat.md\/ro\/wp-json\/wp\/v2\/media?parent=34859"}],"wp:term":[{"taxonomy":"product_brand","embeddable":true,"href":"https:\/\/adidascombat.md\/ro\/wp-json\/wp\/v2\/product_brand?post=34859"},{"taxonomy":"product_cat","embeddable":true,"href":"https:\/\/adidascombat.md\/ro\/wp-json\/wp\/v2\/product_cat?post=34859"},{"taxonomy":"product_tag","embeddable":true,"href":"https:\/\/adidascombat.md\/ro\/wp-json\/wp\/v2\/product_tag?post=34859"}],"curies":[{"name":"wp","href":"https:\/\/api.w.org\/{rel}","templated":true}]}}