{"id":34904,"date":"2025-12-11T13:10:39","date_gmt":"2025-12-11T13:10:39","guid":{"rendered":"https:\/\/adidascombat.md\/product\/%d0%bc%d0%b0%d0%bd%d0%b5%d0%ba%d0%b5%d0%bd-%d0%bc%d0%b8%d1%88%d0%b5%d0%bd%d1%8c-%d0%b4%d0%bb%d1%8f-%d1%83%d0%b4%d0%b0%d1%80%d0%be%d0%b2-%d0%bf%d0%be-%d0%bc%d0%b5%d1%88%d0%ba%d0%b0%d0%bc-%d1%81-%d0%bf\/"},"modified":"2025-12-11T13:13:05","modified_gmt":"2025-12-11T13:13:05","slug":"%d0%bc%d0%b0%d0%bd%d0%b5%d0%ba%d0%b5%d0%bd-%d0%bc%d0%b8%d1%88%d0%b5%d0%bd%d1%8c-%d0%b4%d0%bb%d1%8f-%d1%83%d0%b4%d0%b0%d1%80%d0%be%d0%b2-%d0%bf%d0%be-%d0%bc%d0%b5%d1%88%d0%ba%d0%b0%d0%bc-%d1%81-%d0%bf","status":"publish","type":"product","link":"https:\/\/adidascombat.md\/ro\/Produs\/%d0%bc%d0%b0%d0%bd%d0%b5%d0%ba%d0%b5%d0%bd-%d0%bc%d0%b8%d1%88%d0%b5%d0%bd%d1%8c-%d0%b4%d0%bb%d1%8f-%d1%83%d0%b4%d0%b0%d1%80%d0%be%d0%b2-%d0%bf%d0%be-%d0%bc%d0%b5%d1%88%d0%ba%d0%b0%d0%bc-%d1%81-%d0%bf\/","title":{"rendered":"Manechin \u021bint\u0103 tip sac de nisip"},"content":{"rendered":"<p>Antreneaz\u0103-te ca \u00een via\u021ba real\u0103: aceast\u0103 \u021bint\u0103, \u00een form\u0103 de cap \u0219i fa\u021b\u0103 uman\u0103, ofer\u0103 un antrenament excep\u021bional de realist \u0219i versatil. Ideal\u0103 pentru box, kickboxing, MMA, arte mar\u021biale \u0219i autoap\u0103rare, aceast\u0103 manechin\u0103 \u00ee\u021bi \u00eembun\u0103t\u0103\u021be\u0219te tehnica de lovire, precizia, acurate\u021bea \u0219i rezisten\u021ba.<\/p>\n<p>Fabricat\u0103 din poliuretan durabil \u0219i de \u00eenalt\u0103 calitate, aceast\u0103 manechin\u0103 de antrenament poate rezista chiar \u0219i celor mai intense sesiuni de antrenament. Datorit\u0103 unui sistem practic de fixare cu c\u00e2rlig, \u021binta poate fi ata\u0219at\u0103 rapid \u0219i sigur la to\u021bi sacii de box standard \u0219i \u00eendep\u0103rtat\u0103 la fel de u\u0219or.<\/p>\n<p>\u2714 Antrenament realist datorit\u0103 formei capului \u0219i fe\u021bei<br \/>\n\u2714 Ideal\u0103 pentru box, MMA, kickboxing \u0219i autoap\u0103rare<br \/>\n\u2714 \u00cembun\u0103t\u0103\u021be\u0219te tehnica, precizia \u0219i rezisten\u021ba<br \/>\n\u2714 Poliuretan durabil \u0219i de lung\u0103 durat\u0103<br \/>\n\u2714 Compatibil\u0103 universal cu to\u021bi sacii de box, u\u0219or de ata\u0219at<\/p>\n<p>F\u0103-\u021bi antrenamentul \u0219i mai eficient \u0219i cre\u0219te-\u021bi procentul de lovituri cu aceast\u0103 manechin\u0103 de antrenament profesional\u0103!<\/p>\n","protected":false},"excerpt":{"rendered":"<p>Antreneaz\u0103-te ca \u00een via\u021ba real\u0103: aceast\u0103 \u021bint\u0103, \u00een form\u0103 de cap \u0219i fa\u021b\u0103 uman\u0103, ofer\u0103 un antrenament excep\u021bional de realist<\/p>\n","protected":false},"featured_media":34895,"comment_status":"open","ping_status":"closed","template":"","meta":[],"product_brand":[],"product_cat":[814,517,801,757,79,846,81,875,852,539,781,886],"product_tag":[],"class_list":{"0":"post-34904","1":"product","2":"type-product","3":"status-publish","4":"has-post-thumbnail","6":"product_cat-accesorii-ro-7","7":"product_cat-adidas-box-ro","8":"product_cat-adidas-ju-jutsu","9":"product_cat-adidas-kickbox-ro","10":"product_cat-adidas-taekwondo-ro","11":"product_cat-krav-maga-ro","12":"product_cat-manechine-si-saci-de-box","13":"product_cat-mmafreefight-thaiboxing","14":"product_cat-perne-manusi-lovituri-11","15":"product_cat-saci-ro-4","16":"product_cat-saci-ro-5","17":"product_cat-anechini-si-saci-de-box","19":"first","20":"instock","21":"shipping-taxable","22":"purchasable","23":"product-type-simple"},"_links":{"self":[{"href":"https:\/\/adidascombat.md\/ro\/wp-json\/wp\/v2\/product\/34904","targetHints":{"allow":["GET"]}}],"collection":[{"href":"https:\/\/adidascombat.md\/ro\/wp-json\/wp\/v2\/product"}],"about":[{"href":"https:\/\/adidascombat.md\/ro\/wp-json\/wp\/v2\/types\/product"}],"replies":[{"embeddable":true,"href":"https:\/\/adidascombat.md\/ro\/wp-json\/wp\/v2\/comments?post=34904"}],"version-history":[{"count":2,"href":"https:\/\/adidascombat.md\/ro\/wp-json\/wp\/v2\/product\/34904\/revisions"}],"predecessor-version":[{"id":34906,"href":"https:\/\/adidascombat.md\/ro\/wp-json\/wp\/v2\/product\/34904\/revisions\/34906"}],"wp:featuredmedia":[{"embeddable":true,"href":"https:\/\/adidascombat.md\/ro\/wp-json\/wp\/v2\/media\/34895"}],"wp:attachment":[{"href":"https:\/\/adidascombat.md\/ro\/wp-json\/wp\/v2\/media?parent=34904"}],"wp:term":[{"taxonomy":"product_brand","embeddable":true,"href":"https:\/\/adidascombat.md\/ro\/wp-json\/wp\/v2\/product_brand?post=34904"},{"taxonomy":"product_cat","embeddable":true,"href":"https:\/\/adidascombat.md\/ro\/wp-json\/wp\/v2\/product_cat?post=34904"},{"taxonomy":"product_tag","embeddable":true,"href":"https:\/\/adidascombat.md\/ro\/wp-json\/wp\/v2\/product_tag?post=34904"}],"curies":[{"name":"wp","href":"https:\/\/api.w.org\/{rel}","templated":true}]}}