{"id":35013,"date":"2025-12-11T14:49:27","date_gmt":"2025-12-11T14:49:27","guid":{"rendered":"https:\/\/adidascombat.md\/product\/%d0%ba%d1%80%d0%b0%d0%b2-%d0%bc%d0%b0%d0%b3%d0%b0-%d0%bf%d0%be%d0%ba%d0%b5%d1%80-%d1%82%d1%83%d1%80-%d1%81%d0%b0%d0%bc%d0%be%d0%be%d0%b1%d0%be%d1%80%d0%be%d0%bd%d1%8b-1-dvd-252\/"},"modified":"2025-12-11T14:50:39","modified_gmt":"2025-12-11T14:50:39","slug":"%d0%ba%d1%80%d0%b0%d0%b2-%d0%bc%d0%b0%d0%b3%d0%b0-%d0%bf%d0%be%d0%ba%d0%b5%d1%80-%d1%82%d1%83%d1%80-%d1%81%d0%b0%d0%bc%d0%be%d0%be%d0%b1%d0%be%d1%80%d0%be%d0%bd%d1%8b-1-dvd-252","status":"publish","type":"product","link":"https:\/\/adidascombat.md\/ro\/Produs\/%d0%ba%d1%80%d0%b0%d0%b2-%d0%bc%d0%b0%d0%b3%d0%b0-%d0%bf%d0%be%d0%ba%d0%b5%d1%80-%d1%82%d1%83%d1%80-%d1%81%d0%b0%d0%bc%d0%be%d0%be%d0%b1%d0%be%d1%80%d0%be%d0%bd%d1%8b-1-dvd-252\/","title":{"rendered":"Tur de autoap\u0103rare Krav Maga Poker 1, DVD 252"},"content":{"rendered":"<p>Peste patru zile va avea loc finala unui turneu major de poker. Problema este c\u0103 \u201e\u0218eful\u201d, o figur\u0103 important\u0103 din lumea interlop\u0103, este implicat \u0219i este hot\u0103r\u00e2t s\u0103-\u0219i elimine concuren\u021bii. \u00ce\u0219i trimite cei mai buni oameni s\u0103-i elimine pe ceilal\u021bi finali\u0219ti, dar nu se a\u0219tepta ca ace\u0219tia s\u0103 st\u0103p\u00e2neasc\u0103 autoap\u0103rarea \u0219i tehnicile radicale de tot felul&#8230; Acest videoclip de antrenament etapizat v\u0103 va ajuta s\u0103 descoperi\u021bi o modalitate diferit\u0103 de a \u00eenv\u0103\u021ba: un cocktail exploziv, plin de umor \u0219i originalitate, dar posed\u00e2nd tehnici excep\u021bional de eficiente care pot fi folosite pentru autoap\u0103rare \u0219i sunt utilizate de exper\u021bi de renume mondial.<\/p>\n<p><strong>Caracteristici:<\/strong><\/p>\n<p>Krav Maga pur<\/p>\n<p>46 min<\/p>\n","protected":false},"excerpt":{"rendered":"<p>Peste patru zile va avea loc finala unui turneu major de poker. Problema este c\u0103 \u201e\u0218eful\u201d, o figur\u0103 important\u0103 din<\/p>\n","protected":false},"featured_media":35010,"comment_status":"open","ping_status":"closed","template":"","meta":[],"product_brand":[],"product_cat":[846,858],"product_tag":[],"class_list":{"0":"post-35013","1":"product","2":"type-product","3":"status-publish","4":"has-post-thumbnail","6":"product_cat-krav-maga-ro","7":"product_cat-media-11","9":"first","10":"instock","11":"shipping-taxable","12":"purchasable","13":"product-type-simple"},"_links":{"self":[{"href":"https:\/\/adidascombat.md\/ro\/wp-json\/wp\/v2\/product\/35013","targetHints":{"allow":["GET"]}}],"collection":[{"href":"https:\/\/adidascombat.md\/ro\/wp-json\/wp\/v2\/product"}],"about":[{"href":"https:\/\/adidascombat.md\/ro\/wp-json\/wp\/v2\/types\/product"}],"replies":[{"embeddable":true,"href":"https:\/\/adidascombat.md\/ro\/wp-json\/wp\/v2\/comments?post=35013"}],"version-history":[{"count":2,"href":"https:\/\/adidascombat.md\/ro\/wp-json\/wp\/v2\/product\/35013\/revisions"}],"predecessor-version":[{"id":35015,"href":"https:\/\/adidascombat.md\/ro\/wp-json\/wp\/v2\/product\/35013\/revisions\/35015"}],"wp:featuredmedia":[{"embeddable":true,"href":"https:\/\/adidascombat.md\/ro\/wp-json\/wp\/v2\/media\/35010"}],"wp:attachment":[{"href":"https:\/\/adidascombat.md\/ro\/wp-json\/wp\/v2\/media?parent=35013"}],"wp:term":[{"taxonomy":"product_brand","embeddable":true,"href":"https:\/\/adidascombat.md\/ro\/wp-json\/wp\/v2\/product_brand?post=35013"},{"taxonomy":"product_cat","embeddable":true,"href":"https:\/\/adidascombat.md\/ro\/wp-json\/wp\/v2\/product_cat?post=35013"},{"taxonomy":"product_tag","embeddable":true,"href":"https:\/\/adidascombat.md\/ro\/wp-json\/wp\/v2\/product_tag?post=35013"}],"curies":[{"name":"wp","href":"https:\/\/api.w.org\/{rel}","templated":true}]}}