{"id":35029,"date":"2025-12-11T14:56:33","date_gmt":"2025-12-11T14:56:33","guid":{"rendered":"https:\/\/adidascombat.md\/product\/%d0%ba%d1%80%d0%b0%d0%b2-%d0%bc%d0%b0%d0%b3%d0%b0-%d0%b2%d0%be%d0%b8%d0%bd%d1%8b-%d0%b2%d0%be%d0%b8%d0%bd%d1%8b-%d1%81%d0%b5%d0%b3%d0%be%d0%b4%d0%bd%d1%8f%d1%88%d0%bd%d0%b5%d0%b3%d0%be\/"},"modified":"2025-12-11T14:58:43","modified_gmt":"2025-12-11T14:58:43","slug":"%d0%ba%d1%80%d0%b0%d0%b2-%d0%bc%d0%b0%d0%b3%d0%b0-%d0%b2%d0%be%d0%b8%d0%bd%d1%8b-%d0%b2%d0%be%d0%b8%d0%bd%d1%8b-%d1%81%d0%b5%d0%b3%d0%be%d0%b4%d0%bd%d1%8f%d1%88%d0%bd%d0%b5%d0%b3%d0%be","status":"publish","type":"product","link":"https:\/\/adidascombat.md\/ro\/Produs\/%d0%ba%d1%80%d0%b0%d0%b2-%d0%bc%d0%b0%d0%b3%d0%b0-%d0%b2%d0%be%d0%b8%d0%bd%d1%8b-%d0%b2%d0%be%d0%b8%d0%bd%d1%8b-%d1%81%d0%b5%d0%b3%d0%be%d0%b4%d0%bd%d1%8f%d1%88%d0%bd%d0%b5%d0%b3%d0%be\/","title":{"rendered":"Krav Maga &#8211; R\u0103zboinici, r\u0103zboinici de ast\u0103zi, DVD 231"},"content":{"rendered":"<p>\u00cen fiecare an, diver\u0219i exper\u021bi se \u00eent\u00e2lnesc \u00een Italia pentru un seminar de autoap\u0103rare, fiecare explic\u00e2nd tehnici de lupt\u0103 stradal\u0103 de la diverse \u0219coli de Krav Maga. Peste 4 ore de tehnici!<\/p>\n<p><strong>Caracteristici:<\/strong><\/p>\n<p>Krav Maga pur<\/p>\n<p>258 min<\/p>\n<p>DVD dublu<\/p>\n<p>Limba german\u0103 este inclus\u0103 \u0219i ea.<\/p>\n","protected":false},"excerpt":{"rendered":"<p>\u00cen fiecare an, diver\u0219i exper\u021bi se \u00eent\u00e2lnesc \u00een Italia pentru un seminar de autoap\u0103rare, fiecare explic\u00e2nd tehnici de lupt\u0103 stradal\u0103<\/p>\n","protected":false},"featured_media":35025,"comment_status":"open","ping_status":"closed","template":"","meta":[],"product_brand":[],"product_cat":[846,858],"product_tag":[],"class_list":{"0":"post-35029","1":"product","2":"type-product","3":"status-publish","4":"has-post-thumbnail","6":"product_cat-krav-maga-ro","7":"product_cat-media-11","9":"first","10":"instock","11":"shipping-taxable","12":"purchasable","13":"product-type-simple"},"_links":{"self":[{"href":"https:\/\/adidascombat.md\/ro\/wp-json\/wp\/v2\/product\/35029","targetHints":{"allow":["GET"]}}],"collection":[{"href":"https:\/\/adidascombat.md\/ro\/wp-json\/wp\/v2\/product"}],"about":[{"href":"https:\/\/adidascombat.md\/ro\/wp-json\/wp\/v2\/types\/product"}],"replies":[{"embeddable":true,"href":"https:\/\/adidascombat.md\/ro\/wp-json\/wp\/v2\/comments?post=35029"}],"version-history":[{"count":1,"href":"https:\/\/adidascombat.md\/ro\/wp-json\/wp\/v2\/product\/35029\/revisions"}],"predecessor-version":[{"id":35030,"href":"https:\/\/adidascombat.md\/ro\/wp-json\/wp\/v2\/product\/35029\/revisions\/35030"}],"wp:featuredmedia":[{"embeddable":true,"href":"https:\/\/adidascombat.md\/ro\/wp-json\/wp\/v2\/media\/35025"}],"wp:attachment":[{"href":"https:\/\/adidascombat.md\/ro\/wp-json\/wp\/v2\/media?parent=35029"}],"wp:term":[{"taxonomy":"product_brand","embeddable":true,"href":"https:\/\/adidascombat.md\/ro\/wp-json\/wp\/v2\/product_brand?post=35029"},{"taxonomy":"product_cat","embeddable":true,"href":"https:\/\/adidascombat.md\/ro\/wp-json\/wp\/v2\/product_cat?post=35029"},{"taxonomy":"product_tag","embeddable":true,"href":"https:\/\/adidascombat.md\/ro\/wp-json\/wp\/v2\/product_tag?post=35029"}],"curies":[{"name":"wp","href":"https:\/\/api.w.org\/{rel}","templated":true}]}}