{"id":35042,"date":"2025-12-11T15:34:08","date_gmt":"2025-12-11T15:34:08","guid":{"rendered":"https:\/\/adidascombat.md\/product\/%d0%ba%d1%83%d1%80%d1%82%d0%ba%d0%b0-%d1%81%d0%b0%d0%bc%d0%b1%d0%be-%d0%ba%d1%83%d1%80%d1%82%d0%ba%d0%b0-%d1%81%d0%b8%d0%bd%d1%8f%d1%8f-%d1%81-%d0%bf%d0%be%d1%8f%d1%81%d0%be%d0%bc\/"},"modified":"2025-12-11T15:35:37","modified_gmt":"2025-12-11T15:35:37","slug":"%d0%ba%d1%83%d1%80%d1%82%d0%ba%d0%b0-%d1%81%d0%b0%d0%bc%d0%b1%d0%be-%d0%ba%d1%83%d1%80%d1%82%d0%ba%d0%b0-%d1%81%d0%b8%d0%bd%d1%8f%d1%8f-%d1%81-%d0%bf%d0%be%d1%8f%d1%81%d0%be%d0%bc","status":"publish","type":"product","link":"https:\/\/adidascombat.md\/ro\/Produs\/%d0%ba%d1%83%d1%80%d1%82%d0%ba%d0%b0-%d1%81%d0%b0%d0%bc%d0%b1%d0%be-%d0%ba%d1%83%d1%80%d1%82%d0%ba%d0%b0-%d1%81%d0%b8%d0%bd%d1%8f%d1%8f-%d1%81-%d0%bf%d0%be%d1%8f%d1%81%d0%be%d0%bc\/","title":{"rendered":"Jachet\u0103 Sambo &#8211; Jachet\u0103 &#8211; albastr\u0103, cu curea."},"content":{"rendered":"<p>O jachet\u0103 clasic\u0103 Sambo cu bretele \u0219i g\u0103ici pentru curea, perfect\u0103 pentru antrenament \u0219i competi\u021bie. 100% bumbac.<\/p>\n<ul>\n<li>\u00a0Construc\u021bie durabil\u0103<\/li>\n<li>Bumbac rezistent<\/li>\n<li>Revere \u00eent\u0103rite<\/li>\n<li>Curea inclus\u0103<\/li>\n<\/ul>\n","protected":false},"excerpt":{"rendered":"<p>O jachet\u0103 clasic\u0103 Sambo cu bretele \u0219i g\u0103ici pentru curea, perfect\u0103 pentru antrenament \u0219i competi\u021bie. 100% bumbac. \u00a0Construc\u021bie durabil\u0103 Bumbac<\/p>\n","protected":false},"featured_media":35039,"comment_status":"open","ping_status":"closed","template":"","meta":[],"product_brand":[],"product_cat":[844],"product_tag":[],"class_list":{"0":"post-35042","1":"product","2":"type-product","3":"status-publish","4":"has-post-thumbnail","6":"product_cat-sambo-ro","8":"first","9":"instock","10":"shipping-taxable","11":"purchasable","12":"product-type-variable"},"_links":{"self":[{"href":"https:\/\/adidascombat.md\/ro\/wp-json\/wp\/v2\/product\/35042","targetHints":{"allow":["GET"]}}],"collection":[{"href":"https:\/\/adidascombat.md\/ro\/wp-json\/wp\/v2\/product"}],"about":[{"href":"https:\/\/adidascombat.md\/ro\/wp-json\/wp\/v2\/types\/product"}],"replies":[{"embeddable":true,"href":"https:\/\/adidascombat.md\/ro\/wp-json\/wp\/v2\/comments?post=35042"}],"version-history":[{"count":2,"href":"https:\/\/adidascombat.md\/ro\/wp-json\/wp\/v2\/product\/35042\/revisions"}],"predecessor-version":[{"id":35048,"href":"https:\/\/adidascombat.md\/ro\/wp-json\/wp\/v2\/product\/35042\/revisions\/35048"}],"wp:featuredmedia":[{"embeddable":true,"href":"https:\/\/adidascombat.md\/ro\/wp-json\/wp\/v2\/media\/35039"}],"wp:attachment":[{"href":"https:\/\/adidascombat.md\/ro\/wp-json\/wp\/v2\/media?parent=35042"}],"wp:term":[{"taxonomy":"product_brand","embeddable":true,"href":"https:\/\/adidascombat.md\/ro\/wp-json\/wp\/v2\/product_brand?post=35042"},{"taxonomy":"product_cat","embeddable":true,"href":"https:\/\/adidascombat.md\/ro\/wp-json\/wp\/v2\/product_cat?post=35042"},{"taxonomy":"product_tag","embeddable":true,"href":"https:\/\/adidascombat.md\/ro\/wp-json\/wp\/v2\/product_tag?post=35042"}],"curies":[{"name":"wp","href":"https:\/\/api.w.org\/{rel}","templated":true}]}}