{"id":35132,"date":"2025-12-11T16:28:28","date_gmt":"2025-12-11T16:28:28","guid":{"rendered":"https:\/\/adidascombat.md\/product\/%d1%81%d1%83%d0%bc%d0%ba%d0%b0-sambo-%d0%bd%d0%b0-%d0%ba%d0%be%d0%bb%d1%91%d1%81%d0%b0%d1%85\/"},"modified":"2025-12-11T16:29:31","modified_gmt":"2025-12-11T16:29:31","slug":"%d1%81%d1%83%d0%bc%d0%ba%d0%b0-sambo-%d0%bd%d0%b0-%d0%ba%d0%be%d0%bb%d1%91%d1%81%d0%b0%d1%85","status":"publish","type":"product","link":"https:\/\/adidascombat.md\/ro\/Produs\/%d1%81%d1%83%d0%bc%d0%ba%d0%b0-sambo-%d0%bd%d0%b0-%d0%ba%d0%be%d0%bb%d1%91%d1%81%d0%b0%d1%85\/","title":{"rendered":"Geant\u0103 cu ro\u021bi Sambo"},"content":{"rendered":"<p>Aceast\u0103 geant\u0103 de echip\u0103 durabil\u0103, fabricat\u0103 dintr-un amestec de poliester 600D \u0219i nailon 420D, dispune de un compartiment interior mare, o curea de um\u0103r c\u0103ptu\u0219it\u0103, reglabil\u0103 \u0219i deta\u0219abil\u0103, m\u00e2nere de transport \u00eempletite durabile, un buzunar ascuns pentru eticheta de nume, picioare din plastic \u0219i este potrivit\u0103 pentru broderie sau imprimare. Capacitate: <strong>104 litri.<\/strong><\/p>\n<p>Dimensiuni: <strong>86 x 40 x 38 cm.<\/strong><\/p>\n<p>Imprimeu elegant cu sigla sportului t\u0103u.<\/p>\n","protected":false},"excerpt":{"rendered":"<p>Aceast\u0103 geant\u0103 de echip\u0103 durabil\u0103, fabricat\u0103 dintr-un amestec de poliester 600D \u0219i nailon 420D, dispune de un compartiment interior mare,<\/p>\n","protected":false},"featured_media":35129,"comment_status":"open","ping_status":"closed","template":"","meta":[],"product_brand":[],"product_cat":[844],"product_tag":[],"class_list":{"0":"post-35132","1":"product","2":"type-product","3":"status-publish","4":"has-post-thumbnail","6":"product_cat-sambo-ro","8":"first","9":"instock","10":"shipping-taxable","11":"purchasable","12":"product-type-simple"},"_links":{"self":[{"href":"https:\/\/adidascombat.md\/ro\/wp-json\/wp\/v2\/product\/35132","targetHints":{"allow":["GET"]}}],"collection":[{"href":"https:\/\/adidascombat.md\/ro\/wp-json\/wp\/v2\/product"}],"about":[{"href":"https:\/\/adidascombat.md\/ro\/wp-json\/wp\/v2\/types\/product"}],"replies":[{"embeddable":true,"href":"https:\/\/adidascombat.md\/ro\/wp-json\/wp\/v2\/comments?post=35132"}],"version-history":[{"count":2,"href":"https:\/\/adidascombat.md\/ro\/wp-json\/wp\/v2\/product\/35132\/revisions"}],"predecessor-version":[{"id":35134,"href":"https:\/\/adidascombat.md\/ro\/wp-json\/wp\/v2\/product\/35132\/revisions\/35134"}],"wp:featuredmedia":[{"embeddable":true,"href":"https:\/\/adidascombat.md\/ro\/wp-json\/wp\/v2\/media\/35129"}],"wp:attachment":[{"href":"https:\/\/adidascombat.md\/ro\/wp-json\/wp\/v2\/media?parent=35132"}],"wp:term":[{"taxonomy":"product_brand","embeddable":true,"href":"https:\/\/adidascombat.md\/ro\/wp-json\/wp\/v2\/product_brand?post=35132"},{"taxonomy":"product_cat","embeddable":true,"href":"https:\/\/adidascombat.md\/ro\/wp-json\/wp\/v2\/product_cat?post=35132"},{"taxonomy":"product_tag","embeddable":true,"href":"https:\/\/adidascombat.md\/ro\/wp-json\/wp\/v2\/product_tag?post=35132"}],"curies":[{"name":"wp","href":"https:\/\/api.w.org\/{rel}","templated":true}]}}