{"id":35302,"date":"2025-12-15T09:52:24","date_gmt":"2025-12-15T09:52:24","guid":{"rendered":"https:\/\/adidascombat.md\/product\/%d1%82%d0%b5%d1%85%d0%bd%d0%b8%d0%ba%d0%b8-%d0%b8-%d0%b4%d0%b5%d0%bc%d0%be%d0%bd%d1%81%d1%82%d1%80%d0%b0%d1%86%d0%b8%d1%8f-%d0%b0%d0%b9%d0%ba%d0%b8%d0%b4%d0%be-%d1%82%d0%b0%d0%ba%d0%b5%d0%bc%d1%83\/"},"modified":"2025-12-15T09:53:39","modified_gmt":"2025-12-15T09:53:39","slug":"%d1%82%d0%b5%d1%85%d0%bd%d0%b8%d0%ba%d0%b8-%d0%b8-%d0%b4%d0%b5%d0%bc%d0%be%d0%bd%d1%81%d1%82%d1%80%d0%b0%d1%86%d0%b8%d1%8f-%d0%b0%d0%b9%d0%ba%d0%b8%d0%b4%d0%be-%d1%82%d0%b0%d0%ba%d0%b5%d0%bc%d1%83","status":"publish","type":"product","link":"https:\/\/adidascombat.md\/ro\/Produs\/%d1%82%d0%b5%d1%85%d0%bd%d0%b8%d0%ba%d0%b8-%d0%b8-%d0%b4%d0%b5%d0%bc%d0%be%d0%bd%d1%81%d1%82%d1%80%d0%b0%d1%86%d0%b8%d1%8f-%d0%b0%d0%b9%d0%ba%d0%b8%d0%b4%d0%be-%d1%82%d0%b0%d0%ba%d0%b5%d0%bc%d1%83\/","title":{"rendered":"Tehnici \u0219i demonstra\u021bii de Aikido de Takemusu Aiki Bukkikai, DVD 182"},"content":{"rendered":"<p>TAKEMUSU AIKI BUKIKAI este o metod\u0103 de \u00een\u021belegere transmis\u0103 prin lucrul cu arme tradi\u021bionale (Ken, Jo \u0219i Tanto), inclusiv lucrul cu m\u00e2inile goale (Tai Jutsu), care sunt prezentate \u00een acest film. Diverse tehnici pot fi dezvoltate \u00een acest fel.<\/p>\n<p>Caracteristici speciale:<\/p>\n<p>Patricia Guerry<\/p>\n<p>A\u00efkido<\/p>\n<p>Limba german\u0103 este, de asemenea, p\u0103strat\u0103 ca limb\u0103<\/p>\n","protected":false},"excerpt":{"rendered":"<p>TAKEMUSU AIKI BUKIKAI este o metod\u0103 de \u00een\u021belegere transmis\u0103 prin lucrul cu arme tradi\u021bionale (Ken, Jo \u0219i Tanto), inclusiv lucrul<\/p>\n","protected":false},"featured_media":35298,"comment_status":"open","ping_status":"closed","template":"","meta":[],"product_brand":[],"product_cat":[818,826],"product_tag":[],"class_list":{"0":"post-35302","1":"product","2":"type-product","3":"status-publish","4":"has-post-thumbnail","6":"product_cat-adidas-aikido-ro","7":"product_cat-media-8","9":"first","10":"instock","11":"shipping-taxable","12":"purchasable","13":"product-type-simple"},"_links":{"self":[{"href":"https:\/\/adidascombat.md\/ro\/wp-json\/wp\/v2\/product\/35302","targetHints":{"allow":["GET"]}}],"collection":[{"href":"https:\/\/adidascombat.md\/ro\/wp-json\/wp\/v2\/product"}],"about":[{"href":"https:\/\/adidascombat.md\/ro\/wp-json\/wp\/v2\/types\/product"}],"replies":[{"embeddable":true,"href":"https:\/\/adidascombat.md\/ro\/wp-json\/wp\/v2\/comments?post=35302"}],"version-history":[{"count":2,"href":"https:\/\/adidascombat.md\/ro\/wp-json\/wp\/v2\/product\/35302\/revisions"}],"predecessor-version":[{"id":35304,"href":"https:\/\/adidascombat.md\/ro\/wp-json\/wp\/v2\/product\/35302\/revisions\/35304"}],"wp:featuredmedia":[{"embeddable":true,"href":"https:\/\/adidascombat.md\/ro\/wp-json\/wp\/v2\/media\/35298"}],"wp:attachment":[{"href":"https:\/\/adidascombat.md\/ro\/wp-json\/wp\/v2\/media?parent=35302"}],"wp:term":[{"taxonomy":"product_brand","embeddable":true,"href":"https:\/\/adidascombat.md\/ro\/wp-json\/wp\/v2\/product_brand?post=35302"},{"taxonomy":"product_cat","embeddable":true,"href":"https:\/\/adidascombat.md\/ro\/wp-json\/wp\/v2\/product_cat?post=35302"},{"taxonomy":"product_tag","embeddable":true,"href":"https:\/\/adidascombat.md\/ro\/wp-json\/wp\/v2\/product_tag?post=35302"}],"curies":[{"name":"wp","href":"https:\/\/api.w.org\/{rel}","templated":true}]}}