{"id":35371,"date":"2025-12-15T11:01:41","date_gmt":"2025-12-15T11:01:41","guid":{"rendered":"https:\/\/adidascombat.md\/product\/%d1%82%d0%b0%d0%b9%d1%81%d0%ba%d0%b8%d0%b5-%d1%88%d1%82%d0%b0%d0%bd%d1%8b-motion-pro-cs14-%d1%87%d1%91%d1%80%d0%bd%d1%8b%d0%b9\/"},"modified":"2025-12-15T11:03:00","modified_gmt":"2025-12-15T11:03:00","slug":"%d1%82%d0%b0%d0%b9%d1%81%d0%ba%d0%b8%d0%b5-%d1%88%d1%82%d0%b0%d0%bd%d1%8b-motion-pro-cs14-%d1%87%d1%91%d1%80%d0%bd%d1%8b%d0%b9","status":"publish","type":"product","link":"https:\/\/adidascombat.md\/ro\/Produs\/%d1%82%d0%b0%d0%b9%d1%81%d0%ba%d0%b8%d0%b5-%d1%88%d1%82%d0%b0%d0%bd%d1%8b-motion-pro-cs14-%d1%87%d1%91%d1%80%d0%bd%d1%8b%d0%b9\/","title":{"rendered":"Pantaloni thailandezi Motion Pro CS14 \u201eNegri\u201d"},"content":{"rendered":"<p>Mi\u0219c\u0103ri scurte de Muay Thai &#8211; numele spune totul. Ju-Sports a dezvoltat pantalonii perfec\u021bi pentru mobilitatea ta \u00een timpul antrenamentului \u0219i competi\u021biei. Pantalonii sunt men\u021binu\u021bi foarte scur\u021bi pentru a permite o mai mare libertate de mi\u0219care \u00een zona coapselor \u0219i pentru a preveni lipirea lor \u00een timpul transpira\u021biei. \u0218li\u021burile laterale \u00ee\u021bi permit s\u0103 execu\u021bi lovituri \u00eenalte f\u0103r\u0103 ca pantalonii s\u0103-\u021bi afecteze postura. O band\u0103 elastic\u0103 \u00een zona inghinal\u0103 ofer\u0103 un suport \u0219i mai bun. O band\u0103 elastic\u0103 cu \u0219nururi suplimentare men\u021bine pantalonii la locul lor \u00een timpul utiliz\u0103rii. Un strat satinat neted pe interior previne lipirea din cauza transpira\u021biei. 100% poliester. Designul este inten\u021bionat simplu, cu un logo Ju Sports brodat \u0219i cus\u0103turi triple contrastante gri pentru un aspect cu adev\u0103rat elegant.<\/p>\n<p>Caracteristici speciale:<br \/>\n&#8211; 100% satin poliester<br \/>\n&#8211; Croial\u0103 tradi\u021bional\u0103<br \/>\n&#8211; Talie lat\u0103<br \/>\n&#8211; Cu \u0219nururi suplimentare<\/p>\n","protected":false},"excerpt":{"rendered":"<p>Mi\u0219c\u0103ri scurte de Muay Thai &#8211; numele spune totul. Ju-Sports a dezvoltat pantalonii perfec\u021bi pentru mobilitatea ta \u00een timpul antrenamentului<\/p>\n","protected":false},"featured_media":35368,"comment_status":"open","ping_status":"closed","template":"","meta":[],"product_brand":[],"product_cat":[875,878],"product_tag":[],"class_list":{"0":"post-35371","1":"product","2":"type-product","3":"status-publish","4":"has-post-thumbnail","6":"product_cat-mmafreefight-thaiboxing","7":"product_cat-sorti-13","9":"first","10":"instock","11":"shipping-taxable","12":"purchasable","13":"product-type-variable"},"_links":{"self":[{"href":"https:\/\/adidascombat.md\/ro\/wp-json\/wp\/v2\/product\/35371","targetHints":{"allow":["GET"]}}],"collection":[{"href":"https:\/\/adidascombat.md\/ro\/wp-json\/wp\/v2\/product"}],"about":[{"href":"https:\/\/adidascombat.md\/ro\/wp-json\/wp\/v2\/types\/product"}],"replies":[{"embeddable":true,"href":"https:\/\/adidascombat.md\/ro\/wp-json\/wp\/v2\/comments?post=35371"}],"version-history":[{"count":1,"href":"https:\/\/adidascombat.md\/ro\/wp-json\/wp\/v2\/product\/35371\/revisions"}],"predecessor-version":[{"id":35376,"href":"https:\/\/adidascombat.md\/ro\/wp-json\/wp\/v2\/product\/35371\/revisions\/35376"}],"wp:featuredmedia":[{"embeddable":true,"href":"https:\/\/adidascombat.md\/ro\/wp-json\/wp\/v2\/media\/35368"}],"wp:attachment":[{"href":"https:\/\/adidascombat.md\/ro\/wp-json\/wp\/v2\/media?parent=35371"}],"wp:term":[{"taxonomy":"product_brand","embeddable":true,"href":"https:\/\/adidascombat.md\/ro\/wp-json\/wp\/v2\/product_brand?post=35371"},{"taxonomy":"product_cat","embeddable":true,"href":"https:\/\/adidascombat.md\/ro\/wp-json\/wp\/v2\/product_cat?post=35371"},{"taxonomy":"product_tag","embeddable":true,"href":"https:\/\/adidascombat.md\/ro\/wp-json\/wp\/v2\/product_tag?post=35371"}],"curies":[{"name":"wp","href":"https:\/\/api.w.org\/{rel}","templated":true}]}}