{"id":35386,"date":"2025-12-15T11:07:19","date_gmt":"2025-12-15T11:07:19","guid":{"rendered":"https:\/\/adidascombat.md\/product\/%d1%82%d0%b0%d0%b9%d1%81%d0%ba%d0%b8%d0%b5-%d0%b1%d0%be%d0%ba%d1%81%d0%b5%d1%80%d1%81%d0%ba%d0%b8%d0%b5-%d1%88%d1%82%d0%b0%d0%bd%d1%8b-%d1%81%d0%b8%d0%bd%d0%b5%d0%b3%d0%be-%d1%86%d0%b2%d0%b5%d1%82\/"},"modified":"2025-12-15T11:08:45","modified_gmt":"2025-12-15T11:08:45","slug":"%d1%82%d0%b0%d0%b9%d1%81%d0%ba%d0%b8%d0%b5-%d0%b1%d0%be%d0%ba%d1%81%d0%b5%d1%80%d1%81%d0%ba%d0%b8%d0%b5-%d1%88%d1%82%d0%b0%d0%bd%d1%8b-%d1%81%d0%b8%d0%bd%d0%b5%d0%b3%d0%be-%d1%86%d0%b2%d0%b5%d1%82","status":"publish","type":"product","link":"https:\/\/adidascombat.md\/ro\/Produs\/%d1%82%d0%b0%d0%b9%d1%81%d0%ba%d0%b8%d0%b5-%d0%b1%d0%be%d0%ba%d1%81%d0%b5%d1%80%d1%81%d0%ba%d0%b8%d0%b5-%d1%88%d1%82%d0%b0%d0%bd%d1%8b-%d1%81%d0%b8%d0%bd%d0%b5%d0%b3%d0%be-%d1%86%d0%b2%d0%b5%d1%82\/","title":{"rendered":"Pantaloni de box thailandez alba\u0219tri"},"content":{"rendered":"<p>Pantaloni de box thailandezi confec\u021biona\u021bi din satin (100% poliester), cu o croial\u0103 tipic\u0103 thailandez\u0103 pentru lovituri \u00eenalte perfecte. Designul excelent \u0219i raportul calitate-pre\u021b excelent caracterizeaz\u0103 ace\u0219ti pantaloni.<\/p>\n<p>Caracteristici speciale:<\/p>\n<ul>\n<li>\u00a0100% satin poliester<\/li>\n<li>Croial\u0103 tradi\u021bional\u0103<\/li>\n<li>Talie lat\u0103<\/li>\n<li>Cu \u0219nururi suplimentare<\/li>\n<\/ul>\n","protected":false},"excerpt":{"rendered":"<p>Pantaloni de box thailandezi confec\u021biona\u021bi din satin (100% poliester), cu o croial\u0103 tipic\u0103 thailandez\u0103 pentru lovituri \u00eenalte perfecte. Designul excelent<\/p>\n","protected":false},"featured_media":35383,"comment_status":"open","ping_status":"closed","template":"","meta":[],"product_brand":[],"product_cat":[875,878],"product_tag":[],"class_list":{"0":"post-35386","1":"product","2":"type-product","3":"status-publish","4":"has-post-thumbnail","6":"product_cat-mmafreefight-thaiboxing","7":"product_cat-sorti-13","9":"first","10":"instock","11":"shipping-taxable","12":"purchasable","13":"product-type-variable"},"_links":{"self":[{"href":"https:\/\/adidascombat.md\/ro\/wp-json\/wp\/v2\/product\/35386","targetHints":{"allow":["GET"]}}],"collection":[{"href":"https:\/\/adidascombat.md\/ro\/wp-json\/wp\/v2\/product"}],"about":[{"href":"https:\/\/adidascombat.md\/ro\/wp-json\/wp\/v2\/types\/product"}],"replies":[{"embeddable":true,"href":"https:\/\/adidascombat.md\/ro\/wp-json\/wp\/v2\/comments?post=35386"}],"version-history":[{"count":2,"href":"https:\/\/adidascombat.md\/ro\/wp-json\/wp\/v2\/product\/35386\/revisions"}],"predecessor-version":[{"id":35392,"href":"https:\/\/adidascombat.md\/ro\/wp-json\/wp\/v2\/product\/35386\/revisions\/35392"}],"wp:featuredmedia":[{"embeddable":true,"href":"https:\/\/adidascombat.md\/ro\/wp-json\/wp\/v2\/media\/35383"}],"wp:attachment":[{"href":"https:\/\/adidascombat.md\/ro\/wp-json\/wp\/v2\/media?parent=35386"}],"wp:term":[{"taxonomy":"product_brand","embeddable":true,"href":"https:\/\/adidascombat.md\/ro\/wp-json\/wp\/v2\/product_brand?post=35386"},{"taxonomy":"product_cat","embeddable":true,"href":"https:\/\/adidascombat.md\/ro\/wp-json\/wp\/v2\/product_cat?post=35386"},{"taxonomy":"product_tag","embeddable":true,"href":"https:\/\/adidascombat.md\/ro\/wp-json\/wp\/v2\/product_tag?post=35386"}],"curies":[{"name":"wp","href":"https:\/\/api.w.org\/{rel}","templated":true}]}}