{"id":35405,"date":"2025-12-15T11:12:56","date_gmt":"2025-12-15T11:12:56","guid":{"rendered":"https:\/\/adidascombat.md\/product\/%d1%82%d0%b0%d0%b9%d1%81%d0%ba%d0%b8%d0%b5-%d0%b1%d0%be%d0%ba%d1%81%d0%b5%d1%80%d1%81%d0%ba%d0%b8%d0%b5-%d1%88%d1%82%d0%b0%d0%bd%d1%8b-%d0%b1%d0%b5%d0%bb%d0%be%d0%b3%d0%be-%d1%86%d0%b2%d0%b5%d1%82\/"},"modified":"2025-12-15T11:14:38","modified_gmt":"2025-12-15T11:14:38","slug":"%d1%82%d0%b0%d0%b9%d1%81%d0%ba%d0%b8%d0%b5-%d0%b1%d0%be%d0%ba%d1%81%d0%b5%d1%80%d1%81%d0%ba%d0%b8%d0%b5-%d1%88%d1%82%d0%b0%d0%bd%d1%8b-%d0%b1%d0%b5%d0%bb%d0%be%d0%b3%d0%be-%d1%86%d0%b2%d0%b5%d1%82","status":"publish","type":"product","link":"https:\/\/adidascombat.md\/ro\/Produs\/%d1%82%d0%b0%d0%b9%d1%81%d0%ba%d0%b8%d0%b5-%d0%b1%d0%be%d0%ba%d1%81%d0%b5%d1%80%d1%81%d0%ba%d0%b8%d0%b5-%d1%88%d1%82%d0%b0%d0%bd%d1%8b-%d0%b1%d0%b5%d0%bb%d0%be%d0%b3%d0%be-%d1%86%d0%b2%d0%b5%d1%82\/","title":{"rendered":"Pantaloni albi de box thailandez"},"content":{"rendered":"<p>Pantaloni de box thailandezi confec\u021biona\u021bi din satin (100% poliester), cu o croial\u0103 tipic\u0103 thailandez\u0103 pentru lovituri \u00eenalte perfecte.<\/p>\n<p>Ace\u0219ti pantaloni sunt caracteriza\u021bi de un design excelent \u0219i un raport calitate-pre\u021b excelent.<\/p>\n<p>Caracteristici speciale:<br \/>\n&#8211; 100% satin poliester<br \/>\n&#8211; Croial\u0103 tradi\u021bional\u0103<br \/>\n&#8211; Talie lat\u0103<br \/>\n&#8211; Cu \u0219nururi suplimentare<\/p>\n","protected":false},"excerpt":{"rendered":"<p>Pantaloni de box thailandezi confec\u021biona\u021bi din satin (100% poliester), cu o croial\u0103 tipic\u0103 thailandez\u0103 pentru lovituri \u00eenalte perfecte. Ace\u0219ti pantaloni<\/p>\n","protected":false},"featured_media":35401,"comment_status":"open","ping_status":"closed","template":"","meta":[],"product_brand":[],"product_cat":[875,878],"product_tag":[],"class_list":{"0":"post-35405","1":"product","2":"type-product","3":"status-publish","4":"has-post-thumbnail","6":"product_cat-mmafreefight-thaiboxing","7":"product_cat-sorti-13","9":"first","10":"instock","11":"shipping-taxable","12":"purchasable","13":"product-type-variable"},"_links":{"self":[{"href":"https:\/\/adidascombat.md\/ro\/wp-json\/wp\/v2\/product\/35405","targetHints":{"allow":["GET"]}}],"collection":[{"href":"https:\/\/adidascombat.md\/ro\/wp-json\/wp\/v2\/product"}],"about":[{"href":"https:\/\/adidascombat.md\/ro\/wp-json\/wp\/v2\/types\/product"}],"replies":[{"embeddable":true,"href":"https:\/\/adidascombat.md\/ro\/wp-json\/wp\/v2\/comments?post=35405"}],"version-history":[{"count":2,"href":"https:\/\/adidascombat.md\/ro\/wp-json\/wp\/v2\/product\/35405\/revisions"}],"predecessor-version":[{"id":35413,"href":"https:\/\/adidascombat.md\/ro\/wp-json\/wp\/v2\/product\/35405\/revisions\/35413"}],"wp:featuredmedia":[{"embeddable":true,"href":"https:\/\/adidascombat.md\/ro\/wp-json\/wp\/v2\/media\/35401"}],"wp:attachment":[{"href":"https:\/\/adidascombat.md\/ro\/wp-json\/wp\/v2\/media?parent=35405"}],"wp:term":[{"taxonomy":"product_brand","embeddable":true,"href":"https:\/\/adidascombat.md\/ro\/wp-json\/wp\/v2\/product_brand?post=35405"},{"taxonomy":"product_cat","embeddable":true,"href":"https:\/\/adidascombat.md\/ro\/wp-json\/wp\/v2\/product_cat?post=35405"},{"taxonomy":"product_tag","embeddable":true,"href":"https:\/\/adidascombat.md\/ro\/wp-json\/wp\/v2\/product_tag?post=35405"}],"curies":[{"name":"wp","href":"https:\/\/api.w.org\/{rel}","templated":true}]}}