{"id":35491,"date":"2025-12-16T09:41:14","date_gmt":"2025-12-16T09:41:14","guid":{"rendered":"https:\/\/adidascombat.md\/product\/shock-doctor-sd-1-5-4000-junior\/"},"modified":"2025-12-16T09:42:20","modified_gmt":"2025-12-16T09:42:20","slug":"shock-doctor-sd-1-5-4000-junior","status":"publish","type":"product","link":"https:\/\/adidascombat.md\/ro\/Produs\/shock-doctor-sd-1-5-4000-junior\/","title":{"rendered":"Shock Doctor SD 1.5 4000 Junior"},"content":{"rendered":"<p>Forma reglabil\u0103 asigur\u0103 o potrivire optim\u0103, astfel \u00eenc\u00e2t s\u0103 te po\u021bi concentra asupra sportului, nu asupra gutierei. Construc\u021bia multistrat are un cadru integrat, care absoarbe \u0219ocurile. Canalele de respira\u021bie te ajut\u0103 s\u0103 respiri mai bine \u00een timpul exerci\u021biilor fizice.<\/p>\n<p>Caracteristici speciale:<\/p>\n<p>&#8211; Potrivire personalizat\u0103<\/p>\n<p>&#8211; Confortabil de purtat datorit\u0103 respira\u021biei libere.<\/p>\n","protected":false},"excerpt":{"rendered":"<p>Forma reglabil\u0103 asigur\u0103 o potrivire optim\u0103, astfel \u00eenc\u00e2t s\u0103 te po\u021bi concentra asupra sportului, nu asupra gutierei. Construc\u021bia multistrat are<\/p>\n","protected":false},"featured_media":35488,"comment_status":"open","ping_status":"closed","template":"","meta":[],"product_brand":[],"product_cat":[882,875],"product_tag":[],"class_list":{"0":"post-35491","1":"product","2":"type-product","3":"status-publish","4":"has-post-thumbnail","6":"product_cat-echipament-protectie-13","7":"product_cat-mmafreefight-thaiboxing","9":"first","10":"instock","11":"shipping-taxable","12":"purchasable","13":"product-type-simple"},"_links":{"self":[{"href":"https:\/\/adidascombat.md\/ro\/wp-json\/wp\/v2\/product\/35491","targetHints":{"allow":["GET"]}}],"collection":[{"href":"https:\/\/adidascombat.md\/ro\/wp-json\/wp\/v2\/product"}],"about":[{"href":"https:\/\/adidascombat.md\/ro\/wp-json\/wp\/v2\/types\/product"}],"replies":[{"embeddable":true,"href":"https:\/\/adidascombat.md\/ro\/wp-json\/wp\/v2\/comments?post=35491"}],"version-history":[{"count":1,"href":"https:\/\/adidascombat.md\/ro\/wp-json\/wp\/v2\/product\/35491\/revisions"}],"predecessor-version":[{"id":35492,"href":"https:\/\/adidascombat.md\/ro\/wp-json\/wp\/v2\/product\/35491\/revisions\/35492"}],"wp:featuredmedia":[{"embeddable":true,"href":"https:\/\/adidascombat.md\/ro\/wp-json\/wp\/v2\/media\/35488"}],"wp:attachment":[{"href":"https:\/\/adidascombat.md\/ro\/wp-json\/wp\/v2\/media?parent=35491"}],"wp:term":[{"taxonomy":"product_brand","embeddable":true,"href":"https:\/\/adidascombat.md\/ro\/wp-json\/wp\/v2\/product_brand?post=35491"},{"taxonomy":"product_cat","embeddable":true,"href":"https:\/\/adidascombat.md\/ro\/wp-json\/wp\/v2\/product_cat?post=35491"},{"taxonomy":"product_tag","embeddable":true,"href":"https:\/\/adidascombat.md\/ro\/wp-json\/wp\/v2\/product_tag?post=35491"}],"curies":[{"name":"wp","href":"https:\/\/api.w.org\/{rel}","templated":true}]}}