{"id":35518,"date":"2025-12-16T09:51:38","date_gmt":"2025-12-16T09:51:38","guid":{"rendered":"https:\/\/adidascombat.md\/product\/opro-ufc-%d0%ba%d0%b0%d0%bf%d0%b0-%d0%b1%d1%80%d0%be%d0%bd%d0%b7%d0%b0-junior-gen5-3-%d1%86%d0%b2%d0%b5%d1%82%d0%b0\/"},"modified":"2025-12-16T09:53:36","modified_gmt":"2025-12-16T09:53:36","slug":"opro-ufc-%d0%ba%d0%b0%d0%bf%d0%b0-%d0%b1%d1%80%d0%be%d0%bd%d0%b7%d0%b0-junior-gen5-3-%d1%86%d0%b2%d0%b5%d1%82%d0%b0","status":"publish","type":"product","link":"https:\/\/adidascombat.md\/ro\/Produs\/opro-ufc-%d0%ba%d0%b0%d0%bf%d0%b0-%d0%b1%d1%80%d0%be%d0%bd%d0%b7%d0%b0-junior-gen5-3-%d1%86%d0%b2%d0%b5%d1%82%d0%b0\/","title":{"rendered":"Ap\u0103r\u0103toare de gur\u0103 OPRO \u201eUFC\u201d Bronze Junior GEN5 &#8211; 3 culori"},"content":{"rendered":"<p>OPRO este furnizorul oficial al celei mai mari organiza\u021bii de arte mar\u021biale din lume, UFC. Iat\u0103 gutiera: Modelul \u201eBronz\u201d:<br \/>\nGutier\u0103 cu un singur strat de la Opro<\/p>\n<p>Tehnologia unic\u0103 \u0219i patentat\u0103 a aripioarelor de la Opro este deja utilizat\u0103 aici. La Opro, gutiera nu are gel \u00een interior, ci mai degrab\u0103 aripioare proeminente (lamele). Aceste aripioare se \u00eentind apoi pe din\u021bi atunci c\u00e2nd apa este fierbinte \u0219i se \u00eenf\u0103\u0219oar\u0103 \u00een jurul p\u0103r\u021bii superioare pentru o protec\u021bie maxim\u0103. Acest lucru previne excesul de gel s\u0103 compromit\u0103 potrivirea \u0219i confortul, care de obicei se \u00eenf\u0103\u0219oar\u0103 la gutierele standard.<\/p>\n<p>Zonele inovatoare de elasticitate (trei mici ad\u00e2ncituri situate de-a lungul marginii gutierei) permit, de asemenea, gutierei s\u0103 se extind\u0103 odat\u0103 cu din\u021bii la\u021bi \u0219i s\u0103 se contracte odat\u0103 cu din\u021bii \u00eengu\u0219ti. Acest lucru are ca rezultat o gutier\u0103 perfect\u0103 pentru toat\u0103 lumea.<\/p>\n<p>Pe l\u00e2ng\u0103 protejarea din\u021bilor, gutiera Opro ofer\u0103 \u0219i o protec\u021bie ideal\u0103 \u00eempotriva leziunilor la maxilar \u0219i facial, precum \u0219i a como\u021biilor cerebrale.<\/p>\n<p>Montare: V\u0103 rug\u0103m s\u0103 urma\u021bi EXACT instruc\u021biunile de montare furnizate pentru a asigura cea mai bun\u0103 potrivire.<\/p>\n<p>Instruc\u021biunile incluse sunt \u00een englez\u0103, german\u0103, francez\u0103, italian\u0103 \u0219i spaniol\u0103. \u00cen plus, pe spatele ambalajului este imprimat un cod QR cu un link c\u0103tre un videoclip pentru montare.<\/p>\n<p>Este inclus\u0103 o gutier\u0103 pentru \u00eenchidere sigur\u0103 \u0219i fante de ventila\u021bie.<\/p>\n<p>Instruc\u021biunile sunt \u0219i \u00een limba german\u0103 (asigura\u021bi-v\u0103 c\u0103 le urma\u021bi cu aten\u021bie).<br \/>\nNivel Bronz &#8211; Protec\u021bie de baz\u0103 pentru toate sporturile de contact.<br \/>\nOpro este sponsorul oficial al echipei na\u021bionale de rugby a Angliei, al echipei na\u021bionale de hochei a Angliei \u0219i al multor sportivi individuali.<br \/>\nFabricat \u00een Anglia.<\/p>\n<p>Aici, \u00een versiunea senior pentru v\u00e2rste de peste 10 ani \u0219i \u00een versiunea junior pentru copii; nu este potrivit.<br \/>\nNu este potrivit pentru aparatele dentare f\u0103r\u0103 latex.<\/p>\n","protected":false},"excerpt":{"rendered":"<p>OPRO este furnizorul oficial al celei mai mari organiza\u021bii de arte mar\u021biale din lume, UFC. Iat\u0103 gutiera: Modelul \u201eBronz\u201d: Gutier\u0103<\/p>\n","protected":false},"featured_media":35513,"comment_status":"open","ping_status":"closed","template":"","meta":[],"product_brand":[],"product_cat":[882,875],"product_tag":[],"class_list":{"0":"post-35518","1":"product","2":"type-product","3":"status-publish","4":"has-post-thumbnail","6":"product_cat-echipament-protectie-13","7":"product_cat-mmafreefight-thaiboxing","9":"first","10":"instock","11":"shipping-taxable","12":"purchasable","13":"product-type-variable"},"_links":{"self":[{"href":"https:\/\/adidascombat.md\/ro\/wp-json\/wp\/v2\/product\/35518","targetHints":{"allow":["GET"]}}],"collection":[{"href":"https:\/\/adidascombat.md\/ro\/wp-json\/wp\/v2\/product"}],"about":[{"href":"https:\/\/adidascombat.md\/ro\/wp-json\/wp\/v2\/types\/product"}],"replies":[{"embeddable":true,"href":"https:\/\/adidascombat.md\/ro\/wp-json\/wp\/v2\/comments?post=35518"}],"version-history":[{"count":2,"href":"https:\/\/adidascombat.md\/ro\/wp-json\/wp\/v2\/product\/35518\/revisions"}],"predecessor-version":[{"id":35523,"href":"https:\/\/adidascombat.md\/ro\/wp-json\/wp\/v2\/product\/35518\/revisions\/35523"}],"wp:featuredmedia":[{"embeddable":true,"href":"https:\/\/adidascombat.md\/ro\/wp-json\/wp\/v2\/media\/35513"}],"wp:attachment":[{"href":"https:\/\/adidascombat.md\/ro\/wp-json\/wp\/v2\/media?parent=35518"}],"wp:term":[{"taxonomy":"product_brand","embeddable":true,"href":"https:\/\/adidascombat.md\/ro\/wp-json\/wp\/v2\/product_brand?post=35518"},{"taxonomy":"product_cat","embeddable":true,"href":"https:\/\/adidascombat.md\/ro\/wp-json\/wp\/v2\/product_cat?post=35518"},{"taxonomy":"product_tag","embeddable":true,"href":"https:\/\/adidascombat.md\/ro\/wp-json\/wp\/v2\/product_tag?post=35518"}],"curies":[{"name":"wp","href":"https:\/\/api.w.org\/{rel}","templated":true}]}}