{"id":35608,"date":"2025-12-17T14:10:39","date_gmt":"2025-12-17T14:10:39","guid":{"rendered":"https:\/\/adidascombat.md\/product\/opro-%d0%ba%d0%b0%d0%bf-junior-%d1%81%d0%b5%d1%80%d0%b5%d0%b1%d1%80%d0%be-%d0%ba%d1%80%d0%b0%d1%81%d0%bd%d1%8b%d0%b9-%d1%81%d0%b8%d0%bd%d0%b8%d0%b9\/"},"modified":"2025-12-17T14:12:51","modified_gmt":"2025-12-17T14:12:51","slug":"opro-%d0%ba%d0%b0%d0%bf-junior-%d1%81%d0%b5%d1%80%d0%b5%d0%b1%d1%80%d0%be-%d0%ba%d1%80%d0%b0%d1%81%d0%bd%d1%8b%d0%b9-%d1%81%d0%b8%d0%bd%d0%b8%d0%b9","status":"publish","type":"product","link":"https:\/\/adidascombat.md\/ro\/Produs\/opro-%d0%ba%d0%b0%d0%bf-junior-%d1%81%d0%b5%d1%80%d0%b5%d0%b1%d1%80%d0%be-%d0%ba%d1%80%d0%b0%d1%81%d0%bd%d1%8b%d0%b9-%d1%81%d0%b8%d0%bd%d0%b8%d0%b9\/","title":{"rendered":"Protectie pentru gura OPRO Junior Argintie &#8211; Ro\u0219u\/Albastru"},"content":{"rendered":"<p>Gutiera Opro cu strat dublu are un strat exterior durabil pentru o protec\u021bie \u00eembun\u0103t\u0103\u021bit\u0103 la impact (comparativ cu nivelul de bronz).<\/p>\n<p>Aici intervine tehnologia unic\u0103 \u0219i patentat\u0103 a grilei de la Opro. Cu Opro, interiorul gutierei nu con\u021bine gel, cu aripioare care ies din interior. Aceste aripioare se \u00eentind apoi pe din\u021bi atunci c\u00e2nd apa fierbinte este pornit\u0103 \u0219i se \u00eenf\u0103\u0219oar\u0103 \u00een jurul p\u0103r\u021bii superioare pentru o protec\u021bie maxim\u0103. Acest lucru previne ca excesul de gel s\u0103 compromit\u0103 potrivirea \u0219i confortul, care de obicei se \u00eenf\u0103\u0219oar\u0103 la gutierele standard.<\/p>\n<p>Zonele inovatoare de elasticitate (trei mici ad\u00e2ncituri situate de-a lungul marginii gutierei) permit, de asemenea, extinderii carcasei odat\u0103 cu o \u00eentindere larg\u0103 a din\u021bilor \u0219i contract\u0103rii odat\u0103 cu o \u00eentindere \u00eengust\u0103 a din\u021bilor. Acest lucru asigur\u0103 o potrivire perfect\u0103 pentru toat\u0103 lumea.<\/p>\n<p>\u00cen plus, gutiera Opro-Silver este echipat\u0103 cu un m\u00e2ner, permi\u021b\u00e2nd scoaterea u\u0219oar\u0103 din apa fierbinte la nivelul m\u00e2nerului. \u00cen plus, m\u00e2nerul zim\u021bat previne mu\u0219c\u0103tura \u00een timpul ajust\u0103rii, permi\u021b\u00e2nd gutierei Opro-Silver s\u0103 fie ajustat\u0103 perfect pe din\u021bi cu presiune maxim\u0103 \u0219i mu\u0219c\u0103tur\u0103 maxim\u0103.<br \/>\nPe l\u00e2ng\u0103 protejarea din\u021bilor, gutiera Opro ofer\u0103 \u0219i o protec\u021bie ideal\u0103 \u00eempotriva leziunilor la nivelul maxilarului \u0219i fe\u021bei, precum \u0219i a como\u021biilor cerebrale.<\/p>\n<p>Ajustare: V\u0103 rug\u0103m s\u0103 urma\u021bi EXACT instruc\u021biunile de ajustare furnizate pentru a asigura o potrivire optim\u0103.<\/p>\n<ul>\n<li>\u00a0Instruc\u021biunile incluse sunt disponibile \u00een englez\u0103, german\u0103, francez\u0103, italian\u0103 \u0219i spaniol\u0103. Un cod QR cu un link c\u0103tre un videoclip de ajustare este, de asemenea, imprimat pe spatele ambalajului. Versiunea pentru juniori, pentru v\u00e2rstele sub 10 ani, nu este potrivit\u0103 pentru aparate dentare.<\/li>\n<li>Include o gutier\u0103 pentru \u00eenchidere sigur\u0103 \u0219i orificii de ventila\u021bie.<\/li>\n<li>Instruc\u021biunile sunt, de asemenea, \u00een german\u0103 (asigura\u021bi-v\u0103 c\u0103 le urma\u021bi cu aten\u021bie).<\/li>\n<li>Nivel Silver: Protec\u021bie \u00eembun\u0103t\u0103\u021bit\u0103 pentru toate sporturile de contact, cum ar fi artele mar\u021biale, rugby, fotbal, handbal, baschet, hochei, lacrosse \u0219i multe altele.<\/li>\n<li>Opro este sponsorul oficial al echipei na\u021bionale de rugby a Angliei, al echipei na\u021bionale de hochei a Angliei \u0219i al multor sportivi individuali.<\/li>\n<li>F\u0103r\u0103 latex.<\/li>\n<li>Fabricat \u00een Anglia.<\/li>\n<\/ul>\n","protected":false},"excerpt":{"rendered":"<p>Gutiera Opro cu strat dublu are un strat exterior durabil pentru o protec\u021bie \u00eembun\u0103t\u0103\u021bit\u0103 la impact (comparativ cu nivelul de<\/p>\n","protected":false},"featured_media":35604,"comment_status":"open","ping_status":"closed","template":"","meta":[],"product_brand":[],"product_cat":[517,882,875,527],"product_tag":[],"class_list":{"0":"post-35608","1":"product","2":"type-product","3":"status-publish","4":"has-post-thumbnail","6":"product_cat-adidas-box-ro","7":"product_cat-echipament-protectie-13","8":"product_cat-mmafreefight-thaiboxing","9":"product_cat-protectie-gura-ro-4","11":"first","12":"instock","13":"shipping-taxable","14":"purchasable","15":"product-type-simple"},"_links":{"self":[{"href":"https:\/\/adidascombat.md\/ro\/wp-json\/wp\/v2\/product\/35608","targetHints":{"allow":["GET"]}}],"collection":[{"href":"https:\/\/adidascombat.md\/ro\/wp-json\/wp\/v2\/product"}],"about":[{"href":"https:\/\/adidascombat.md\/ro\/wp-json\/wp\/v2\/types\/product"}],"replies":[{"embeddable":true,"href":"https:\/\/adidascombat.md\/ro\/wp-json\/wp\/v2\/comments?post=35608"}],"version-history":[{"count":2,"href":"https:\/\/adidascombat.md\/ro\/wp-json\/wp\/v2\/product\/35608\/revisions"}],"predecessor-version":[{"id":35610,"href":"https:\/\/adidascombat.md\/ro\/wp-json\/wp\/v2\/product\/35608\/revisions\/35610"}],"wp:featuredmedia":[{"embeddable":true,"href":"https:\/\/adidascombat.md\/ro\/wp-json\/wp\/v2\/media\/35604"}],"wp:attachment":[{"href":"https:\/\/adidascombat.md\/ro\/wp-json\/wp\/v2\/media?parent=35608"}],"wp:term":[{"taxonomy":"product_brand","embeddable":true,"href":"https:\/\/adidascombat.md\/ro\/wp-json\/wp\/v2\/product_brand?post=35608"},{"taxonomy":"product_cat","embeddable":true,"href":"https:\/\/adidascombat.md\/ro\/wp-json\/wp\/v2\/product_cat?post=35608"},{"taxonomy":"product_tag","embeddable":true,"href":"https:\/\/adidascombat.md\/ro\/wp-json\/wp\/v2\/product_tag?post=35608"}],"curies":[{"name":"wp","href":"https:\/\/api.w.org\/{rel}","templated":true}]}}