{"id":35649,"date":"2025-12-18T06:58:36","date_gmt":"2025-12-18T06:58:36","guid":{"rendered":"https:\/\/adidascombat.md\/product\/%d1%89%d0%b8%d1%82%d0%ba%d0%b8-%d0%b1%d0%b5%d0%bb%d1%8b%d0%b5-%d1%87%d0%b5%d1%80%d0%bd%d1%8b%d0%b5\/"},"modified":"2025-12-18T07:00:27","modified_gmt":"2025-12-18T07:00:27","slug":"%d1%89%d0%b8%d1%82%d0%ba%d0%b8-%d0%b1%d0%b5%d0%bb%d1%8b%d0%b5-%d1%87%d0%b5%d1%80%d0%bd%d1%8b%d0%b5","status":"publish","type":"product","link":"https:\/\/adidascombat.md\/ro\/Produs\/%d1%89%d0%b8%d1%82%d0%ba%d0%b8-%d0%b1%d0%b5%d0%bb%d1%8b%d0%b5-%d1%87%d0%b5%d1%80%d0%bd%d1%8b%d0%b5\/","title":{"rendered":"Scuturi albe\/negre"},"content":{"rendered":"<p>Ap\u0103r\u0103tori de tibie elastice pentru multe arte mar\u021biale. Materialul elastic permite ca ap\u0103r\u0103torile s\u0103 se potriveasc\u0103 perfect \u0219i s\u0103 r\u0103m\u00e2n\u0103 pe fa\u021b\u0103 ca o m\u0103nu\u0219\u0103.<\/p>\n<ul>\n<li>Material: 100% bumbac<\/li>\n<li>Potrivite pentru toate artele mar\u021biale<\/li>\n<li>Disponibile \u0219i \u00een alb \u0219i negru<\/li>\n<li>Lavabile<\/li>\n<\/ul>\n","protected":false},"excerpt":{"rendered":"<p>Ap\u0103r\u0103tori de tibie elastice pentru multe arte mar\u021biale. Materialul elastic permite ca ap\u0103r\u0103torile s\u0103 se potriveasc\u0103 perfect \u0219i s\u0103 r\u0103m\u00e2n\u0103<\/p>\n","protected":false},"featured_media":35646,"comment_status":"open","ping_status":"closed","template":"","meta":[],"product_brand":[],"product_cat":[801,882,804,875],"product_tag":[],"class_list":{"0":"post-35649","1":"product","2":"type-product","3":"status-publish","4":"has-post-thumbnail","6":"product_cat-adidas-ju-jutsu","7":"product_cat-echipament-protectie-13","8":"product_cat-echipament-protectie-7","9":"product_cat-mmafreefight-thaiboxing","11":"first","12":"instock","13":"shipping-taxable","14":"purchasable","15":"product-type-variable"},"_links":{"self":[{"href":"https:\/\/adidascombat.md\/ro\/wp-json\/wp\/v2\/product\/35649","targetHints":{"allow":["GET"]}}],"collection":[{"href":"https:\/\/adidascombat.md\/ro\/wp-json\/wp\/v2\/product"}],"about":[{"href":"https:\/\/adidascombat.md\/ro\/wp-json\/wp\/v2\/types\/product"}],"replies":[{"embeddable":true,"href":"https:\/\/adidascombat.md\/ro\/wp-json\/wp\/v2\/comments?post=35649"}],"version-history":[{"count":1,"href":"https:\/\/adidascombat.md\/ro\/wp-json\/wp\/v2\/product\/35649\/revisions"}],"predecessor-version":[{"id":35658,"href":"https:\/\/adidascombat.md\/ro\/wp-json\/wp\/v2\/product\/35649\/revisions\/35658"}],"wp:featuredmedia":[{"embeddable":true,"href":"https:\/\/adidascombat.md\/ro\/wp-json\/wp\/v2\/media\/35646"}],"wp:attachment":[{"href":"https:\/\/adidascombat.md\/ro\/wp-json\/wp\/v2\/media?parent=35649"}],"wp:term":[{"taxonomy":"product_brand","embeddable":true,"href":"https:\/\/adidascombat.md\/ro\/wp-json\/wp\/v2\/product_brand?post=35649"},{"taxonomy":"product_cat","embeddable":true,"href":"https:\/\/adidascombat.md\/ro\/wp-json\/wp\/v2\/product_cat?post=35649"},{"taxonomy":"product_tag","embeddable":true,"href":"https:\/\/adidascombat.md\/ro\/wp-json\/wp\/v2\/product_tag?post=35649"}],"curies":[{"name":"wp","href":"https:\/\/api.w.org\/{rel}","templated":true}]}}