{"id":35677,"date":"2025-12-18T16:14:20","date_gmt":"2025-12-18T16:14:20","guid":{"rendered":"https:\/\/adidascombat.md\/product\/opro-ufc-%d0%ba%d0%b0%d0%bf%d0%b0-gold-gen5-2-%d1%86%d0%b2%d0%b5%d1%82%d0%b0\/"},"modified":"2025-12-18T16:16:18","modified_gmt":"2025-12-18T16:16:18","slug":"opro-ufc-%d0%ba%d0%b0%d0%bf%d0%b0-gold-gen5-2-%d1%86%d0%b2%d0%b5%d1%82%d0%b0","status":"publish","type":"product","link":"https:\/\/adidascombat.md\/ro\/Produs\/opro-ufc-%d0%ba%d0%b0%d0%bf%d0%b0-gold-gen5-2-%d1%86%d0%b2%d0%b5%d1%82%d0%b0\/","title":{"rendered":"Ap\u0103r\u0103toare de gur\u0103 OPRO \u201eUFC\u201d Gold GEN5 &#8211; 2 culori"},"content":{"rendered":"<p>OPRO este furnizorul oficial al celei mai mari organiza\u021bii de arte mar\u021biale din lume, UFC. Iat\u0103 modelul de gutier\u0103 \u201eGold\u201d:<br \/>\nGutiera cu strat dublu de la Opro are un strat exterior durabil pentru o protec\u021bie \u00eembun\u0103t\u0103\u021bit\u0103 la impact (comparativ cu modelul Silver), un strat interior flexibil pentru confort \u0219i adaptabilitate \u0219i \u201eAir Spacers\u201d pentru amortizare \u0219i protec\u021bie maxim\u0103.<\/p>\n<p>Nout\u0103\u021bi pentru 2025: colivia perfect fit, inclus\u0103 anterior doar \u00een PowerFit, este acum inclus\u0103 \u0219i \u00een nivelul Gold. Cu acest instrument unic, v\u0103 pute\u021bi personaliza \u0219i mai mult gutiera OPRO!<\/p>\n<p>Aici intervine tehnologia unic\u0103 \u0219i patentat\u0103 a grilei de la Opro. Cu Opro, nu exist\u0103 gel \u00een interiorul gutierei, ci mai degrab\u0103 aripioare (lamele). Aceste aripioare se \u00eentind apoi pe din\u021bi atunci c\u00e2nd apa este \u00eenc\u0103lzit\u0103 \u0219i se \u00eenf\u0103\u0219oar\u0103 \u00een jurul p\u0103r\u021bii superioare pentru o protec\u021bie maxim\u0103. Acest lucru previne compromiterea potrivirii \u0219i a confortului, care de obicei se onduleaz\u0103 la gutierele standard. Zonele de elasticitate inovatoare (trei mici ad\u00e2ncituri situate de-a lungul marginii gutierei) permit, de asemenea, gutierei s\u0103 se extind\u0103 odat\u0103 cu din\u021bii la\u021bi \u0219i s\u0103 se contracte odat\u0103 cu din\u021bii \u00eengu\u0219ti. Acest lucru asigur\u0103 gutiera perfect\u0103 pentru toat\u0103 lumea.<\/p>\n<p>\u00cen plus, gutiera Opro-Gold este echipat\u0103 cu un m\u00e2ner, permi\u021b\u00e2nd scoaterea u\u0219oar\u0103 din apa fierbinte din apropierea m\u00e2nerului. \u00cen plus, zim\u021baturile m\u00e2nerului previn mu\u0219c\u0103tura \u00een timpul ajust\u0103rii, astfel \u00eenc\u00e2t<\/p>\n<p>Gutiera Opro-Gold poate fi ajustat\u0103 perfect pe din\u021bi cu presiune maxim\u0103 \u0219i mu\u0219c\u0103tur\u0103 maxim\u0103. Pe l\u00e2ng\u0103 protejarea din\u021bilor, gutiera Opro ofer\u0103 o protec\u021bie ideal\u0103 \u00eempotriva leziunilor maxilarului \u0219i faciale, precum \u0219i a como\u021biilor cerebrale.<\/p>\n<p>Montare: V\u0103 rug\u0103m s\u0103 urma\u021bi EXACT instruc\u021biunile de montare furnizate pentru a asigura cea mai bun\u0103 potrivire.<br \/>\nInstruc\u021biunile incluse sunt disponibile \u00een englez\u0103, german\u0103, francez\u0103, italian\u0103 \u0219i spaniol\u0103. Un cod QR cu un link c\u0103tre un videoclip pentru montare este, de asemenea, imprimat pe spatele ambalajului.<\/p>\n<p>Kitul include o gutier\u0103 pentru \u00eenchidere sigur\u0103 \u0219i fante de ventila\u021bie.<\/p>\n<p>Instruc\u021biunile sunt, de asemenea, \u00een german\u0103 (asigura\u021bi-v\u0103 c\u0103 le urma\u021bi cu aten\u021bie).<br \/>\nNivel Gold: Protec\u021bie excelent\u0103 pentru toate sporturile de contact, cum ar fi artele mar\u021biale, rugby, fotbal, handbal, baschet, hochei, lacrosse \u0219i multe altele.<\/p>\n<p>Opro este sponsorul oficial al echipei na\u021bionale de rugby a Angliei, al echipei na\u021bionale de hochei a Angliei \u0219i al multor sportivi individuali.<\/p>\n<p>Fabricat \u00een Anglia.<\/p>\n<p>Desigur, este inclus\u0103 o cutie octogonal\u0103 excelent\u0103, cu \u00eenchidere de protec\u021bie sigur\u0103.<\/p>\n<p>Versiunea pentru seniori, pentru v\u00e2rste de 10 ani \u0219i peste, nu este potrivit\u0103 pentru aparatele dentare f\u0103r\u0103 latex.<\/p>\n","protected":false},"excerpt":{"rendered":"<p>OPRO este furnizorul oficial al celei mai mari organiza\u021bii de arte mar\u021biale din lume, UFC. Iat\u0103 modelul de gutier\u0103 \u201eGold\u201d:<\/p>\n","protected":false},"featured_media":35669,"comment_status":"open","ping_status":"closed","template":"","meta":[],"product_brand":[],"product_cat":[882,875],"product_tag":[],"class_list":{"0":"post-35677","1":"product","2":"type-product","3":"status-publish","4":"has-post-thumbnail","6":"product_cat-echipament-protectie-13","7":"product_cat-mmafreefight-thaiboxing","9":"first","10":"instock","11":"shipping-taxable","12":"purchasable","13":"product-type-variable"},"_links":{"self":[{"href":"https:\/\/adidascombat.md\/ro\/wp-json\/wp\/v2\/product\/35677","targetHints":{"allow":["GET"]}}],"collection":[{"href":"https:\/\/adidascombat.md\/ro\/wp-json\/wp\/v2\/product"}],"about":[{"href":"https:\/\/adidascombat.md\/ro\/wp-json\/wp\/v2\/types\/product"}],"replies":[{"embeddable":true,"href":"https:\/\/adidascombat.md\/ro\/wp-json\/wp\/v2\/comments?post=35677"}],"version-history":[{"count":2,"href":"https:\/\/adidascombat.md\/ro\/wp-json\/wp\/v2\/product\/35677\/revisions"}],"predecessor-version":[{"id":35681,"href":"https:\/\/adidascombat.md\/ro\/wp-json\/wp\/v2\/product\/35677\/revisions\/35681"}],"wp:featuredmedia":[{"embeddable":true,"href":"https:\/\/adidascombat.md\/ro\/wp-json\/wp\/v2\/media\/35669"}],"wp:attachment":[{"href":"https:\/\/adidascombat.md\/ro\/wp-json\/wp\/v2\/media?parent=35677"}],"wp:term":[{"taxonomy":"product_brand","embeddable":true,"href":"https:\/\/adidascombat.md\/ro\/wp-json\/wp\/v2\/product_brand?post=35677"},{"taxonomy":"product_cat","embeddable":true,"href":"https:\/\/adidascombat.md\/ro\/wp-json\/wp\/v2\/product_cat?post=35677"},{"taxonomy":"product_tag","embeddable":true,"href":"https:\/\/adidascombat.md\/ro\/wp-json\/wp\/v2\/product_tag?post=35677"}],"curies":[{"name":"wp","href":"https:\/\/api.w.org\/{rel}","templated":true}]}}