{"id":35730,"date":"2025-12-18T17:10:31","date_gmt":"2025-12-18T17:10:31","guid":{"rendered":"https:\/\/adidascombat.md\/product\/%d0%b7%d0%b0%d1%89%d0%b8%d1%82%d0%b0-%d0%b3%d0%be%d0%bb%d0%b5%d0%bd%d0%b8-%d0%b4%d0%bb%d1%8f-%d0%bc%d1%83%d0%b0%d0%b9-%d1%82%d0%b0%d0%b9-%d0%b8%d0%b7%d0%b3%d0%be%d1%82%d0%be%d0%b2%d0%bb%d0%b5%d0%bd\/"},"modified":"2025-12-18T17:11:42","modified_gmt":"2025-12-18T17:11:42","slug":"%d0%b7%d0%b0%d1%89%d0%b8%d1%82%d0%b0-%d0%b3%d0%be%d0%bb%d0%b5%d0%bd%d0%b8-%d0%b4%d0%bb%d1%8f-%d0%bc%d1%83%d0%b0%d0%b9-%d1%82%d0%b0%d0%b9-%d0%b8%d0%b7%d0%b3%d0%be%d1%82%d0%be%d0%b2%d0%bb%d0%b5%d0%bd","status":"publish","type":"product","link":"https:\/\/adidascombat.md\/ro\/Produs\/%d0%b7%d0%b0%d1%89%d0%b8%d1%82%d0%b0-%d0%b3%d0%be%d0%bb%d0%b5%d0%bd%d0%b8-%d0%b4%d0%bb%d1%8f-%d0%bc%d1%83%d0%b0%d0%b9-%d1%82%d0%b0%d0%b9-%d0%b8%d0%b7%d0%b3%d0%be%d1%82%d0%be%d0%b2%d0%bb%d0%b5%d0%bd\/","title":{"rendered":"Ap\u0103r\u0103tori de tibie pentru Muay Thai confec\u021bionate din material textil."},"content":{"rendered":"<p>Ap\u0103r\u0103tori de tibie din material textil. Absorb\u021bie optim\u0103 a \u0219ocurilor datorit\u0103 c\u0103ptu\u0219elii groase. Preformate pentru o potrivire perfect\u0103. O bucl\u0103 suplimentar\u0103 \u00een partea de jos ofer\u0103 suport suplimentar pentru picior.<\/p>\n<p>&#8211;\u00a0 Ap\u0103r\u0103tori de tibie pentru Muay Thai<br \/>\n&#8211;\u00a0 Potrivite pentru toate artele mar\u021biale<br \/>\n&#8211;\u00a0 Potrivire optim\u0103 datorit\u0103 celor trei \u00eenchideri cu velcro \u0219i a unei bucle suplimentare pentru picior<br \/>\n&#8211;\u00a0 Fabricate din material extra-gros pentru o protec\u021bie superioar\u0103<\/p>\n","protected":false},"excerpt":{"rendered":"<p>Ap\u0103r\u0103tori de tibie din material textil. Absorb\u021bie optim\u0103 a \u0219ocurilor datorit\u0103 c\u0103ptu\u0219elii groase. Preformate pentru o potrivire perfect\u0103. O bucl\u0103<\/p>\n","protected":false},"featured_media":35723,"comment_status":"open","ping_status":"closed","template":"","meta":[],"product_brand":[],"product_cat":[882,875],"product_tag":[],"class_list":{"0":"post-35730","1":"product","2":"type-product","3":"status-publish","4":"has-post-thumbnail","6":"product_cat-echipament-protectie-13","7":"product_cat-mmafreefight-thaiboxing","9":"first","10":"instock","11":"shipping-taxable","12":"purchasable","13":"product-type-variable"},"_links":{"self":[{"href":"https:\/\/adidascombat.md\/ro\/wp-json\/wp\/v2\/product\/35730","targetHints":{"allow":["GET"]}}],"collection":[{"href":"https:\/\/adidascombat.md\/ro\/wp-json\/wp\/v2\/product"}],"about":[{"href":"https:\/\/adidascombat.md\/ro\/wp-json\/wp\/v2\/types\/product"}],"replies":[{"embeddable":true,"href":"https:\/\/adidascombat.md\/ro\/wp-json\/wp\/v2\/comments?post=35730"}],"version-history":[{"count":2,"href":"https:\/\/adidascombat.md\/ro\/wp-json\/wp\/v2\/product\/35730\/revisions"}],"predecessor-version":[{"id":35738,"href":"https:\/\/adidascombat.md\/ro\/wp-json\/wp\/v2\/product\/35730\/revisions\/35738"}],"wp:featuredmedia":[{"embeddable":true,"href":"https:\/\/adidascombat.md\/ro\/wp-json\/wp\/v2\/media\/35723"}],"wp:attachment":[{"href":"https:\/\/adidascombat.md\/ro\/wp-json\/wp\/v2\/media?parent=35730"}],"wp:term":[{"taxonomy":"product_brand","embeddable":true,"href":"https:\/\/adidascombat.md\/ro\/wp-json\/wp\/v2\/product_brand?post=35730"},{"taxonomy":"product_cat","embeddable":true,"href":"https:\/\/adidascombat.md\/ro\/wp-json\/wp\/v2\/product_cat?post=35730"},{"taxonomy":"product_tag","embeddable":true,"href":"https:\/\/adidascombat.md\/ro\/wp-json\/wp\/v2\/product_tag?post=35730"}],"curies":[{"name":"wp","href":"https:\/\/api.w.org\/{rel}","templated":true}]}}