{"id":35767,"date":"2025-12-18T17:57:48","date_gmt":"2025-12-18T17:57:48","guid":{"rendered":"https:\/\/adidascombat.md\/product\/shock-doctor-nano-double-black-white-6701\/"},"modified":"2025-12-18T17:59:07","modified_gmt":"2025-12-18T17:59:07","slug":"shock-doctor-nano-double-black-white-6701","status":"publish","type":"product","link":"https:\/\/adidascombat.md\/ro\/Produs\/shock-doctor-nano-double-black-white-6701\/","title":{"rendered":"Shock Doctor &#8211; Nano Dublu &#8211; Negru\/Alb (6701)"},"content":{"rendered":"<p>Cheia succesului este dimensiunea. Noul model Nano Double a fost redus \u0219i mai mult ca dimensiune \u00een timpul dezvolt\u0103rii. Rezultatul este o gutier\u0103 sub\u021bire \u0219i extrem de eficient\u0103 at\u00e2t pentru maxilarul superior, c\u00e2t \u0219i pentru cel inferior, cu o ajustabilitate \u00eembun\u0103t\u0103\u021bit\u0103 pentru un confort maxim. Integrarea a trei tehnologii &#8211; Monocoque Shock Frame, Tri-Bite \u0219i Gel-Fit &#8211; elimin\u0103 necesitatea unor gutiere conven\u021bionale cu dou\u0103 fe\u021be, mari \u0219i voluminoase.<\/p>\n<p>Caracteristici:<\/p>\n<p>* Monocoque Shock Frame \/ Designul ultra-sub\u021bire \u0219i structura u\u0219oar\u0103 absorb par\u021bial \u0219ocul \u0219i \u00eel redirec\u021bioneaz\u0103 departe de punctul de impact.<\/p>\n<p>* Tri-Bite \/ Sistemul Tri-Bite stabilizeaz\u0103 maxilarul. Zona de mu\u0219c\u0103tur\u0103 pentru incisivi \u0219i pernu\u021bele de gel pentru molari creeaz\u0103 un triunghi stabilizator.<\/p>\n<p>* Gel-Fit \/ Forma adaptabil\u0103 asigur\u0103 o potrivire optim\u0103, permi\u021b\u00e2ndu-v\u0103 s\u0103 v\u0103 concentra\u021bi asupra sportului dvs., nu asupra potrivirii gutierei.<\/p>\n<p>* MORA Performance Enhancement \/ Tehnologia MORA promoveaz\u0103 performan\u021be \u00eembun\u0103t\u0103\u021bite sub stres.<\/p>\n","protected":false},"excerpt":{"rendered":"<p>Cheia succesului este dimensiunea. Noul model Nano Double a fost redus \u0219i mai mult ca dimensiune \u00een timpul dezvolt\u0103rii. Rezultatul<\/p>\n","protected":false},"featured_media":35764,"comment_status":"open","ping_status":"closed","template":"","meta":[],"product_brand":[],"product_cat":[882,875],"product_tag":[],"class_list":{"0":"post-35767","1":"product","2":"type-product","3":"status-publish","4":"has-post-thumbnail","6":"product_cat-echipament-protectie-13","7":"product_cat-mmafreefight-thaiboxing","9":"first","10":"instock","11":"shipping-taxable","12":"purchasable","13":"product-type-variable"},"_links":{"self":[{"href":"https:\/\/adidascombat.md\/ro\/wp-json\/wp\/v2\/product\/35767","targetHints":{"allow":["GET"]}}],"collection":[{"href":"https:\/\/adidascombat.md\/ro\/wp-json\/wp\/v2\/product"}],"about":[{"href":"https:\/\/adidascombat.md\/ro\/wp-json\/wp\/v2\/types\/product"}],"replies":[{"embeddable":true,"href":"https:\/\/adidascombat.md\/ro\/wp-json\/wp\/v2\/comments?post=35767"}],"version-history":[{"count":1,"href":"https:\/\/adidascombat.md\/ro\/wp-json\/wp\/v2\/product\/35767\/revisions"}],"predecessor-version":[{"id":35770,"href":"https:\/\/adidascombat.md\/ro\/wp-json\/wp\/v2\/product\/35767\/revisions\/35770"}],"wp:featuredmedia":[{"embeddable":true,"href":"https:\/\/adidascombat.md\/ro\/wp-json\/wp\/v2\/media\/35764"}],"wp:attachment":[{"href":"https:\/\/adidascombat.md\/ro\/wp-json\/wp\/v2\/media?parent=35767"}],"wp:term":[{"taxonomy":"product_brand","embeddable":true,"href":"https:\/\/adidascombat.md\/ro\/wp-json\/wp\/v2\/product_brand?post=35767"},{"taxonomy":"product_cat","embeddable":true,"href":"https:\/\/adidascombat.md\/ro\/wp-json\/wp\/v2\/product_cat?post=35767"},{"taxonomy":"product_tag","embeddable":true,"href":"https:\/\/adidascombat.md\/ro\/wp-json\/wp\/v2\/product_tag?post=35767"}],"curies":[{"name":"wp","href":"https:\/\/api.w.org\/{rel}","templated":true}]}}