{"id":35783,"date":"2026-01-02T10:33:55","date_gmt":"2026-01-02T10:33:55","guid":{"rendered":"https:\/\/adidascombat.md\/product\/%d0%bf%d0%be%d0%b4%d0%b4%d0%b5%d1%80%d0%b6%d0%ba%d0%b0-shock-doctor-ultra-pro-%d1%81-%d0%ba%d0%b0%d1%80%d0%b1%d0%be%d0%bd%d0%be%d0%b2%d0%be%d0%b9-%d1%87%d0%b0%d1%88%d0%ba%d0%be%d0%b9-carbon-flex-cup-3\/"},"modified":"2026-01-02T10:36:55","modified_gmt":"2026-01-02T10:36:55","slug":"%d0%bf%d0%be%d0%b4%d0%b4%d0%b5%d1%80%d0%b6%d0%ba%d0%b0-shock-doctor-ultra-pro-%d1%81-%d0%ba%d0%b0%d1%80%d0%b1%d0%be%d0%bd%d0%be%d0%b2%d0%be%d0%b9-%d1%87%d0%b0%d1%88%d0%ba%d0%be%d0%b9-carbon-flex-cup-3","status":"publish","type":"product","link":"https:\/\/adidascombat.md\/ro\/Produs\/%d0%bf%d0%be%d0%b4%d0%b4%d0%b5%d1%80%d0%b6%d0%ba%d0%b0-shock-doctor-ultra-pro-%d1%81-%d0%ba%d0%b0%d1%80%d0%b1%d0%be%d0%bd%d0%be%d0%b2%d0%be%d0%b9-%d1%87%d0%b0%d1%88%d0%ba%d0%be%d0%b9-carbon-flex-cup-3\/","title":{"rendered":"Suport Shock Doctor Ultra Pro cu cup\u0103 Carbon Flex 329"},"content":{"rendered":"<p>Ace\u0219ti chilo\u021bi mula\u021bi pe corp pozi\u021bioneaz\u0103 optim cupa pentru confort maxim \u0219i o potrivire perfect\u0103. Materialul antimicrobian protejeaz\u0103 \u00eempotriva bacteriilor \u0219i a mirosurilor. Cupele profesionale cu strat dublu ofer\u0103 o amortizare optim\u0103 datorit\u0103 unui design optimizat cu c\u0103ptu\u0219eal\u0103 din gel pentru confort \u0219i potrivire maxime. Cupele Carbon Flex optimizate ofer\u0103 o protec\u021bie superioar\u0103. Se potrivesc u\u0219or \u00eentr-un buzunar anti-microbian.<\/p>\n<p><strong>Caracteristici:<\/strong><\/p>\n<p>M\u0103rimea cupei este \u00eentotdeauna aceea\u0219i; variaz\u0103 doar m\u0103rimea benzii.<\/p>\n<p><strong>Tabel m\u0103rimi talie:<\/strong><\/p>\n<p><strong>S:<\/strong> 66-76 cm (26-30 in)<\/p>\n<p><strong>M:<\/strong> 76-86 cm (30-34 in)<\/p>\n<p><strong>L:<\/strong> 86-96 cm (34-38 in)<\/p>\n<p><strong>XL:<\/strong> 96-106 cm (38-42 in)<\/p>\n<p><strong>XXL:<\/strong> 106-121 cm (42-48 in)<\/p>\n<p><strong>Chilo\u021bi: 100% poliester<\/strong><\/p>\n","protected":false},"excerpt":{"rendered":"<p>Ace\u0219ti chilo\u021bi mula\u021bi pe corp pozi\u021bioneaz\u0103 optim cupa pentru confort maxim \u0219i o potrivire perfect\u0103. Materialul antimicrobian protejeaz\u0103 \u00eempotriva bacteriilor<\/p>\n","protected":false},"featured_media":35780,"comment_status":"open","ping_status":"closed","template":"","meta":[],"product_brand":[],"product_cat":[882,875],"product_tag":[],"class_list":{"0":"post-35783","1":"product","2":"type-product","3":"status-publish","4":"has-post-thumbnail","6":"product_cat-echipament-protectie-13","7":"product_cat-mmafreefight-thaiboxing","9":"first","10":"instock","11":"shipping-taxable","12":"purchasable","13":"product-type-variable"},"_links":{"self":[{"href":"https:\/\/adidascombat.md\/ro\/wp-json\/wp\/v2\/product\/35783","targetHints":{"allow":["GET"]}}],"collection":[{"href":"https:\/\/adidascombat.md\/ro\/wp-json\/wp\/v2\/product"}],"about":[{"href":"https:\/\/adidascombat.md\/ro\/wp-json\/wp\/v2\/types\/product"}],"replies":[{"embeddable":true,"href":"https:\/\/adidascombat.md\/ro\/wp-json\/wp\/v2\/comments?post=35783"}],"version-history":[{"count":2,"href":"https:\/\/adidascombat.md\/ro\/wp-json\/wp\/v2\/product\/35783\/revisions"}],"predecessor-version":[{"id":35790,"href":"https:\/\/adidascombat.md\/ro\/wp-json\/wp\/v2\/product\/35783\/revisions\/35790"}],"wp:featuredmedia":[{"embeddable":true,"href":"https:\/\/adidascombat.md\/ro\/wp-json\/wp\/v2\/media\/35780"}],"wp:attachment":[{"href":"https:\/\/adidascombat.md\/ro\/wp-json\/wp\/v2\/media?parent=35783"}],"wp:term":[{"taxonomy":"product_brand","embeddable":true,"href":"https:\/\/adidascombat.md\/ro\/wp-json\/wp\/v2\/product_brand?post=35783"},{"taxonomy":"product_cat","embeddable":true,"href":"https:\/\/adidascombat.md\/ro\/wp-json\/wp\/v2\/product_cat?post=35783"},{"taxonomy":"product_tag","embeddable":true,"href":"https:\/\/adidascombat.md\/ro\/wp-json\/wp\/v2\/product_tag?post=35783"}],"curies":[{"name":"wp","href":"https:\/\/api.w.org\/{rel}","templated":true}]}}