{"id":35818,"date":"2026-01-02T11:57:50","date_gmt":"2026-01-02T11:57:50","guid":{"rendered":"https:\/\/adidascombat.md\/product\/%d0%b7%d0%b0%d1%89%d0%b8%d1%82%d0%bd%d1%8b%d0%b5-%d1%88%d0%be%d1%80%d1%82%d1%8b-%d0%b4%d0%bb%d1%8f-%d0%bf%d0%b0%d1%85%d0%b0-shock-doctor-%d0%ba%d0%be%d0%bc%d0%bf%d1%80%d0%b5%d1%81%d1%81%d0%b8%d0%be\/"},"modified":"2026-01-02T12:01:09","modified_gmt":"2026-01-02T12:01:09","slug":"%d0%b7%d0%b0%d1%89%d0%b8%d1%82%d0%bd%d1%8b%d0%b5-%d1%88%d0%be%d1%80%d1%82%d1%8b-%d0%b4%d0%bb%d1%8f-%d0%bf%d0%b0%d1%85%d0%b0-shock-doctor-%d0%ba%d0%be%d0%bc%d0%bf%d1%80%d0%b5%d1%81%d1%81%d0%b8%d0%be","status":"publish","type":"product","link":"https:\/\/adidascombat.md\/ro\/Produs\/%d0%b7%d0%b0%d1%89%d0%b8%d1%82%d0%bd%d1%8b%d0%b5-%d1%88%d0%be%d1%80%d1%82%d1%8b-%d0%b4%d0%bb%d1%8f-%d0%bf%d0%b0%d1%85%d0%b0-shock-doctor-%d0%ba%d0%be%d0%bc%d0%bf%d1%80%d0%b5%d1%81%d1%81%d0%b8%d0%be\/","title":{"rendered":"Pantaloni scur\u021bi Shock Doctor Groin Protector: Pantaloni scur\u021bi de hochei compresivi pentru femei cu protec\u021bie pelvian\u0103, 30060"},"content":{"rendered":"<p>Pantalonii de hochei compresivi pentru femei Shock Doctor CORE sunt cea mai bun\u0103 alegere pentru juc\u0103toarele care prefer\u0103 pantalonii de hochei compresivi. Am luat cei mai bine v\u00e2ndu\u021bi pantaloni de hochei ai no\u0219tri \u0219i i-am f\u0103cut \u0219i mai buni. Ace\u0219tia au o croial\u0103 discret\u0103, special conceput\u0103 pentru juc\u0103toarele de sex feminin, \u0219i o talie confortabil\u0103. Acest lucru asigur\u0103 un confort \u0219i o potrivire superioare, \u00een timp ce buzunarul integrat la coaps\u0103 men\u021bine \u00een siguran\u021b\u0103 c\u0103ptu\u0219eala \u00eencorporat\u0103, oferind o protec\u021bie de neegalat.<\/p>\n<p>Buzunar la coaps\u0103 cu curele integrate<\/p>\n<p>Design format biometric<\/p>\n<p>100% poliester (Material 1), 88% poliester, 12% elastan (spandex) (Material 2)<\/p>\n","protected":false},"excerpt":{"rendered":"<p>Pantalonii de hochei compresivi pentru femei Shock Doctor CORE sunt cea mai bun\u0103 alegere pentru juc\u0103toarele care prefer\u0103 pantalonii de<\/p>\n","protected":false},"featured_media":35799,"comment_status":"open","ping_status":"closed","template":"","meta":[],"product_brand":[],"product_cat":[882,875],"product_tag":[],"class_list":{"0":"post-35818","1":"product","2":"type-product","3":"status-publish","4":"has-post-thumbnail","6":"product_cat-echipament-protectie-13","7":"product_cat-mmafreefight-thaiboxing","9":"first","10":"instock","11":"shipping-taxable","12":"purchasable","13":"product-type-variable"},"_links":{"self":[{"href":"https:\/\/adidascombat.md\/ro\/wp-json\/wp\/v2\/product\/35818","targetHints":{"allow":["GET"]}}],"collection":[{"href":"https:\/\/adidascombat.md\/ro\/wp-json\/wp\/v2\/product"}],"about":[{"href":"https:\/\/adidascombat.md\/ro\/wp-json\/wp\/v2\/types\/product"}],"replies":[{"embeddable":true,"href":"https:\/\/adidascombat.md\/ro\/wp-json\/wp\/v2\/comments?post=35818"}],"version-history":[{"count":1,"href":"https:\/\/adidascombat.md\/ro\/wp-json\/wp\/v2\/product\/35818\/revisions"}],"predecessor-version":[{"id":35822,"href":"https:\/\/adidascombat.md\/ro\/wp-json\/wp\/v2\/product\/35818\/revisions\/35822"}],"wp:featuredmedia":[{"embeddable":true,"href":"https:\/\/adidascombat.md\/ro\/wp-json\/wp\/v2\/media\/35799"}],"wp:attachment":[{"href":"https:\/\/adidascombat.md\/ro\/wp-json\/wp\/v2\/media?parent=35818"}],"wp:term":[{"taxonomy":"product_brand","embeddable":true,"href":"https:\/\/adidascombat.md\/ro\/wp-json\/wp\/v2\/product_brand?post=35818"},{"taxonomy":"product_cat","embeddable":true,"href":"https:\/\/adidascombat.md\/ro\/wp-json\/wp\/v2\/product_cat?post=35818"},{"taxonomy":"product_tag","embeddable":true,"href":"https:\/\/adidascombat.md\/ro\/wp-json\/wp\/v2\/product_tag?post=35818"}],"curies":[{"name":"wp","href":"https:\/\/api.w.org\/{rel}","templated":true}]}}