{"id":35831,"date":"2026-01-02T12:09:16","date_gmt":"2026-01-02T12:09:16","guid":{"rendered":"https:\/\/adidascombat.md\/product\/%d1%82%d0%b0%d0%b9%d1%81%d0%ba%d0%b8%d0%b5-%d0%bf%d1%80%d0%be%d1%84%d0%b5%d1%81%d1%81%d0%b8%d0%be%d0%bd%d0%b0%d0%bb%d1%8c%d0%bd%d1%8b%d0%b5-%d1%89%d0%b8%d1%82%d0%ba%d0%b8-%d0%b4%d0%bb%d1%8f-%d0%b3\/"},"modified":"2026-01-02T12:11:50","modified_gmt":"2026-01-02T12:11:50","slug":"%d1%82%d0%b0%d0%b9%d1%81%d0%ba%d0%b8%d0%b5-%d0%bf%d1%80%d0%be%d1%84%d0%b5%d1%81%d1%81%d0%b8%d0%be%d0%bd%d0%b0%d0%bb%d1%8c%d0%bd%d1%8b%d0%b5-%d1%89%d0%b8%d1%82%d0%ba%d0%b8-%d0%b4%d0%bb%d1%8f-%d0%b3","status":"publish","type":"product","link":"https:\/\/adidascombat.md\/ro\/Produs\/%d1%82%d0%b0%d0%b9%d1%81%d0%ba%d0%b8%d0%b5-%d0%bf%d1%80%d0%be%d1%84%d0%b5%d1%81%d1%81%d0%b8%d0%be%d0%bd%d0%b0%d0%bb%d1%8c%d0%bd%d1%8b%d0%b5-%d1%89%d0%b8%d1%82%d0%ba%d0%b8-%d0%b4%d0%bb%d1%8f-%d0%b3\/","title":{"rendered":"Ap\u0103r\u0103tori de tibie profesionale thailandeze"},"content":{"rendered":"<p>Ap\u0103r\u0103tori de tibie din piele sintetic\u0103.<\/p>\n<p>Ap\u0103r\u0103torile de tibie sunt interconectate pentru o potrivire superioar\u0103.<\/p>\n<p>Ap\u0103r\u0103tori de tibie autentice, concepute pentru lupte cu contact complet, Muay Thai \u0219i MMA. Forma pre-curbat\u0103 asigur\u0103 o potrivire perfect\u0103.<\/p>\n<p>Dou\u0103 \u00eenchideri cu velcro fixeaz\u0103 suplimentar ap\u0103r\u0103torile de tibie. Dac\u0103 sunte\u021bi \u00een c\u0103utarea unei protec\u021bii optime pentru tibie cu un design elegant, Thai Pro este alegerea perfect\u0103.<\/p>\n","protected":false},"excerpt":{"rendered":"<p>Ap\u0103r\u0103tori de tibie din piele sintetic\u0103. Ap\u0103r\u0103torile de tibie sunt interconectate pentru o potrivire superioar\u0103. Ap\u0103r\u0103tori de tibie autentice, concepute<\/p>\n","protected":false},"featured_media":35828,"comment_status":"open","ping_status":"closed","template":"","meta":[],"product_brand":[],"product_cat":[882,875],"product_tag":[],"class_list":{"0":"post-35831","1":"product","2":"type-product","3":"status-publish","4":"has-post-thumbnail","6":"product_cat-echipament-protectie-13","7":"product_cat-mmafreefight-thaiboxing","9":"first","10":"instock","11":"shipping-taxable","12":"purchasable","13":"product-type-variable"},"_links":{"self":[{"href":"https:\/\/adidascombat.md\/ro\/wp-json\/wp\/v2\/product\/35831","targetHints":{"allow":["GET"]}}],"collection":[{"href":"https:\/\/adidascombat.md\/ro\/wp-json\/wp\/v2\/product"}],"about":[{"href":"https:\/\/adidascombat.md\/ro\/wp-json\/wp\/v2\/types\/product"}],"replies":[{"embeddable":true,"href":"https:\/\/adidascombat.md\/ro\/wp-json\/wp\/v2\/comments?post=35831"}],"version-history":[{"count":2,"href":"https:\/\/adidascombat.md\/ro\/wp-json\/wp\/v2\/product\/35831\/revisions"}],"predecessor-version":[{"id":35835,"href":"https:\/\/adidascombat.md\/ro\/wp-json\/wp\/v2\/product\/35831\/revisions\/35835"}],"wp:featuredmedia":[{"embeddable":true,"href":"https:\/\/adidascombat.md\/ro\/wp-json\/wp\/v2\/media\/35828"}],"wp:attachment":[{"href":"https:\/\/adidascombat.md\/ro\/wp-json\/wp\/v2\/media?parent=35831"}],"wp:term":[{"taxonomy":"product_brand","embeddable":true,"href":"https:\/\/adidascombat.md\/ro\/wp-json\/wp\/v2\/product_brand?post=35831"},{"taxonomy":"product_cat","embeddable":true,"href":"https:\/\/adidascombat.md\/ro\/wp-json\/wp\/v2\/product_cat?post=35831"},{"taxonomy":"product_tag","embeddable":true,"href":"https:\/\/adidascombat.md\/ro\/wp-json\/wp\/v2\/product_tag?post=35831"}],"curies":[{"name":"wp","href":"https:\/\/api.w.org\/{rel}","templated":true}]}}