{"id":35930,"date":"2026-01-04T20:11:54","date_gmt":"2026-01-04T20:11:54","guid":{"rendered":"https:\/\/adidascombat.md\/product\/%d1%81%d1%83%d0%bc%d0%ba%d0%b0-%d0%bd%d0%b0-%d0%ba%d0%be%d0%bb%d0%b5%d1%81%d0%b8%d0%ba%d0%b0%d1%85-%d0%bc%d1%83%d0%b0%d0%b9-%d1%82%d0%b0%d0%b9\/"},"modified":"2026-01-04T20:18:06","modified_gmt":"2026-01-04T20:18:06","slug":"%d1%81%d1%83%d0%bc%d0%ba%d0%b0-%d0%bd%d0%b0-%d0%ba%d0%be%d0%bb%d0%b5%d1%81%d0%b8%d0%ba%d0%b0%d1%85-%d0%bc%d1%83%d0%b0%d0%b9-%d1%82%d0%b0%d0%b9","status":"publish","type":"product","link":"https:\/\/adidascombat.md\/ro\/Produs\/%d1%81%d1%83%d0%bc%d0%ba%d0%b0-%d0%bd%d0%b0-%d0%ba%d0%be%d0%bb%d0%b5%d1%81%d0%b8%d0%ba%d0%b0%d1%85-%d0%bc%d1%83%d0%b0%d0%b9-%d1%82%d0%b0%d0%b9\/","title":{"rendered":"Geant\u0103 cu ro\u021bi Muay Thai"},"content":{"rendered":"<p>O geant\u0103 de echip\u0103 durabil\u0103, fabricat\u0103 din poliester 600D \u0219i nailon 420D, cu un interior spa\u021bios, o curea de um\u0103r reglabil\u0103, deta\u0219abil\u0103 \u0219i c\u0103ptu\u0219it\u0103, m\u00e2nere de transport \u021besute durabile, un compartiment ascuns pentru insign\u0103 \u0219i picioare din plastic potrivite pentru broderie sau imprimare. Capacitate: 104 litri.<\/p>\n<p>Dimensiuni: 86 x 40 x 38 cm.<\/p>\n<p>Imprimat\u0103 elegant cu logo-ul t\u0103u sportiv.<\/p>\n","protected":false},"excerpt":{"rendered":"<p>O geant\u0103 de echip\u0103 durabil\u0103, fabricat\u0103 din poliester 600D \u0219i nailon 420D, cu un interior spa\u021bios, o curea de um\u0103r<\/p>\n","protected":false},"featured_media":35927,"comment_status":"open","ping_status":"closed","template":"","meta":[],"product_brand":[],"product_cat":[884,875],"product_tag":[],"class_list":{"0":"post-35930","1":"product","2":"type-product","3":"status-publish","4":"has-post-thumbnail","6":"product_cat-accesorii-13","7":"product_cat-mmafreefight-thaiboxing","9":"first","10":"instock","11":"shipping-taxable","12":"purchasable","13":"product-type-simple"},"_links":{"self":[{"href":"https:\/\/adidascombat.md\/ro\/wp-json\/wp\/v2\/product\/35930","targetHints":{"allow":["GET"]}}],"collection":[{"href":"https:\/\/adidascombat.md\/ro\/wp-json\/wp\/v2\/product"}],"about":[{"href":"https:\/\/adidascombat.md\/ro\/wp-json\/wp\/v2\/types\/product"}],"replies":[{"embeddable":true,"href":"https:\/\/adidascombat.md\/ro\/wp-json\/wp\/v2\/comments?post=35930"}],"version-history":[{"count":2,"href":"https:\/\/adidascombat.md\/ro\/wp-json\/wp\/v2\/product\/35930\/revisions"}],"predecessor-version":[{"id":35932,"href":"https:\/\/adidascombat.md\/ro\/wp-json\/wp\/v2\/product\/35930\/revisions\/35932"}],"wp:featuredmedia":[{"embeddable":true,"href":"https:\/\/adidascombat.md\/ro\/wp-json\/wp\/v2\/media\/35927"}],"wp:attachment":[{"href":"https:\/\/adidascombat.md\/ro\/wp-json\/wp\/v2\/media?parent=35930"}],"wp:term":[{"taxonomy":"product_brand","embeddable":true,"href":"https:\/\/adidascombat.md\/ro\/wp-json\/wp\/v2\/product_brand?post=35930"},{"taxonomy":"product_cat","embeddable":true,"href":"https:\/\/adidascombat.md\/ro\/wp-json\/wp\/v2\/product_cat?post=35930"},{"taxonomy":"product_tag","embeddable":true,"href":"https:\/\/adidascombat.md\/ro\/wp-json\/wp\/v2\/product_tag?post=35930"}],"curies":[{"name":"wp","href":"https:\/\/api.w.org\/{rel}","templated":true}]}}