{"id":36002,"date":"2026-01-09T13:52:08","date_gmt":"2026-01-09T13:52:08","guid":{"rendered":"https:\/\/adidascombat.md\/product\/%d0%ba%d0%be%d1%81%d1%82%d1%8e%d0%bc%d1%8b-ju-jutsu-%d0%b4%d0%bb%d1%8f-%d0%bd%d0%b0%d1%87%d0%b0%d0%bb%d0%b0-%d0%be%d0%b1%d1%83%d1%87%d0%b5%d0%bd%d0%b8%d1%8f-%d0%b4%d0%b5%d1%82%d0%b5%d0%b9\/"},"modified":"2026-01-09T13:54:42","modified_gmt":"2026-01-09T13:54:42","slug":"%d0%ba%d0%be%d1%81%d1%82%d1%8e%d0%bc%d1%8b-ju-jutsu-%d0%b4%d0%bb%d1%8f-%d0%bd%d0%b0%d1%87%d0%b0%d0%bb%d0%b0-%d0%be%d0%b1%d1%83%d1%87%d0%b5%d0%bd%d0%b8%d1%8f-%d0%b4%d0%b5%d1%82%d0%b5%d0%b9","status":"publish","type":"product","link":"https:\/\/adidascombat.md\/ro\/Produs\/%d0%ba%d0%be%d1%81%d1%82%d1%8e%d0%bc%d1%8b-ju-jutsu-%d0%b4%d0%bb%d1%8f-%d0%bd%d0%b0%d1%87%d0%b0%d0%bb%d0%b0-%d0%be%d0%b1%d1%83%d1%87%d0%b5%d0%bd%d0%b8%d1%8f-%d0%b4%d0%b5%d1%82%d0%b5%d0%b9\/","title":{"rendered":"Costume de Ju-Jutsu pentru \u00eencep\u0103tori"},"content":{"rendered":"<p>Un costum de autoap\u0103rare premium: croial\u0103 modern\u0103, material rezistent la rupere \u0219i nu prea greu. Include o curea alb\u0103.<\/p>\n<p>Costumul Ju-Sports Kids este ideal pentru jiu-jitsu \u0219i alte stiluri de autoap\u0103rare. Construc\u021bia sa durabil\u0103 \u00eel face potrivit chiar \u0219i pentru judo, chiar \u0219i cu material neted, nel\u0103sat din orez. Pantalonii au o band\u0103 elastic\u0103 \u00een talie cu \u0219ireturi suplimentare. Broderia rafinat\u0103 (jutsu kanji pe bra\u021bul superior; dragonul Ju-Sports Kids pe picior) confer\u0103 costumului un aspect distinctiv.<\/p>\n<ul>\n<li>\u00a0Pieptul \u0219i umerii cu dubl\u0103 \u00eent\u0103ritur\u0103<\/li>\n<li>\u00a0Rever stabil<\/li>\n<li>Pantaloni cu \u00eent\u0103rituri multiple, elastic \u0219i \u0219ireturi suplimentare<\/li>\n<li>Garan\u021bie brodat\u0103 pe picioare \u0219i m\u00e2neci<\/li>\n<li>\u021aes\u0103tur\u0103 neted\u0103<\/li>\n<li>Curea alb\u0103 inclus\u0103<\/li>\n<li>100% bumbac<\/li>\n<\/ul>\n","protected":false},"excerpt":{"rendered":"<p>Un costum de autoap\u0103rare premium: croial\u0103 modern\u0103, material rezistent la rupere \u0219i nu prea greu. Include o curea alb\u0103. Costumul<\/p>\n","protected":false},"featured_media":35985,"comment_status":"open","ping_status":"closed","template":"","meta":[],"product_brand":[],"product_cat":[801,813],"product_tag":[],"class_list":{"0":"post-36002","1":"product","2":"type-product","3":"status-publish","4":"has-post-thumbnail","6":"product_cat-adidas-ju-jutsu","7":"product_cat-costume-ro-7","9":"first","10":"instock","11":"shipping-taxable","12":"purchasable","13":"product-type-variable"},"_links":{"self":[{"href":"https:\/\/adidascombat.md\/ro\/wp-json\/wp\/v2\/product\/36002","targetHints":{"allow":["GET"]}}],"collection":[{"href":"https:\/\/adidascombat.md\/ro\/wp-json\/wp\/v2\/product"}],"about":[{"href":"https:\/\/adidascombat.md\/ro\/wp-json\/wp\/v2\/types\/product"}],"replies":[{"embeddable":true,"href":"https:\/\/adidascombat.md\/ro\/wp-json\/wp\/v2\/comments?post=36002"}],"version-history":[{"count":2,"href":"https:\/\/adidascombat.md\/ro\/wp-json\/wp\/v2\/product\/36002\/revisions"}],"predecessor-version":[{"id":36012,"href":"https:\/\/adidascombat.md\/ro\/wp-json\/wp\/v2\/product\/36002\/revisions\/36012"}],"wp:featuredmedia":[{"embeddable":true,"href":"https:\/\/adidascombat.md\/ro\/wp-json\/wp\/v2\/media\/35985"}],"wp:attachment":[{"href":"https:\/\/adidascombat.md\/ro\/wp-json\/wp\/v2\/media?parent=36002"}],"wp:term":[{"taxonomy":"product_brand","embeddable":true,"href":"https:\/\/adidascombat.md\/ro\/wp-json\/wp\/v2\/product_brand?post=36002"},{"taxonomy":"product_cat","embeddable":true,"href":"https:\/\/adidascombat.md\/ro\/wp-json\/wp\/v2\/product_cat?post=36002"},{"taxonomy":"product_tag","embeddable":true,"href":"https:\/\/adidascombat.md\/ro\/wp-json\/wp\/v2\/product_tag?post=36002"}],"curies":[{"name":"wp","href":"https:\/\/api.w.org\/{rel}","templated":true}]}}