{"id":36045,"date":"2026-01-09T14:51:37","date_gmt":"2026-01-09T14:51:37","guid":{"rendered":"https:\/\/adidascombat.md\/product\/%d0%ba%d0%be%d1%81%d1%82%d1%8e%d0%bc-ju-jutsu-cayon-white\/"},"modified":"2026-01-09T15:00:10","modified_gmt":"2026-01-09T15:00:10","slug":"%d0%ba%d0%be%d1%81%d1%82%d1%8e%d0%bc-ju-jutsu-cayon-white","status":"publish","type":"product","link":"https:\/\/adidascombat.md\/ro\/Produs\/%d0%ba%d0%be%d1%81%d1%82%d1%8e%d0%bc-ju-jutsu-cayon-white\/","title":{"rendered":"Costum  Ju-Jutsu Cayon White"},"content":{"rendered":"<p>Costumul Cayon este un costum modern, de \u00eenalt\u0103 calitate, pentru tunuri autopropulsate, fabricat din acest material, f\u0103r\u0103 aceast\u0103 \u021bes\u0103tur\u0103 u\u0219oar\u0103. Acesta este terenul ideal de antrenament pentru tunuri autopropulsate, potrivite pentru disciplina de tunuri.<\/p>\n<ul>\n<li>\u00a0Dou\u0103 accesorii \u00een zona s\u00e2nilor \u0219i a spatelui, inclusiv dantela<\/li>\n<li>Pantaloni cu sus\u021binere multifunc\u021bional\u0103, talie elastic\u0103 \u0219i \u0219nur dublu de sus\u021binere<\/li>\n<li>Broderie pe rafturi \u0219i rochii<\/li>\n<li>Rochie de mireas\u0103 Glad<\/li>\n<li>100% bumbac<\/li>\n<\/ul>\n","protected":false},"excerpt":{"rendered":"<p>Costumul Cayon este un costum modern, de \u00eenalt\u0103 calitate, pentru tunuri autopropulsate, fabricat din acest material, f\u0103r\u0103 aceast\u0103 \u021bes\u0103tur\u0103 u\u0219oar\u0103.<\/p>\n","protected":false},"featured_media":36040,"comment_status":"open","ping_status":"closed","template":"","meta":[],"product_brand":[],"product_cat":[801,813],"product_tag":[],"class_list":{"0":"post-36045","1":"product","2":"type-product","3":"status-publish","4":"has-post-thumbnail","6":"product_cat-adidas-ju-jutsu","7":"product_cat-costume-ro-7","9":"first","10":"instock","11":"shipping-taxable","12":"purchasable","13":"product-type-variable"},"_links":{"self":[{"href":"https:\/\/adidascombat.md\/ro\/wp-json\/wp\/v2\/product\/36045","targetHints":{"allow":["GET"]}}],"collection":[{"href":"https:\/\/adidascombat.md\/ro\/wp-json\/wp\/v2\/product"}],"about":[{"href":"https:\/\/adidascombat.md\/ro\/wp-json\/wp\/v2\/types\/product"}],"replies":[{"embeddable":true,"href":"https:\/\/adidascombat.md\/ro\/wp-json\/wp\/v2\/comments?post=36045"}],"version-history":[{"count":2,"href":"https:\/\/adidascombat.md\/ro\/wp-json\/wp\/v2\/product\/36045\/revisions"}],"predecessor-version":[{"id":36054,"href":"https:\/\/adidascombat.md\/ro\/wp-json\/wp\/v2\/product\/36045\/revisions\/36054"}],"wp:featuredmedia":[{"embeddable":true,"href":"https:\/\/adidascombat.md\/ro\/wp-json\/wp\/v2\/media\/36040"}],"wp:attachment":[{"href":"https:\/\/adidascombat.md\/ro\/wp-json\/wp\/v2\/media?parent=36045"}],"wp:term":[{"taxonomy":"product_brand","embeddable":true,"href":"https:\/\/adidascombat.md\/ro\/wp-json\/wp\/v2\/product_brand?post=36045"},{"taxonomy":"product_cat","embeddable":true,"href":"https:\/\/adidascombat.md\/ro\/wp-json\/wp\/v2\/product_cat?post=36045"},{"taxonomy":"product_tag","embeddable":true,"href":"https:\/\/adidascombat.md\/ro\/wp-json\/wp\/v2\/product_tag?post=36045"}],"curies":[{"name":"wp","href":"https:\/\/api.w.org\/{rel}","templated":true}]}}