{"id":36080,"date":"2026-01-13T11:35:06","date_gmt":"2026-01-13T11:35:06","guid":{"rendered":"https:\/\/adidascombat.md\/product\/%d0%ba%d0%be%d1%81%d1%82%d1%8e%d0%bc-ju-jutsu-cayon-%d1%87%d0%b5%d1%80%d0%bd%d1%8b%d0%b9\/"},"modified":"2026-01-13T11:36:59","modified_gmt":"2026-01-13T11:36:59","slug":"%d0%ba%d0%be%d1%81%d1%82%d1%8e%d0%bc-ju-jutsu-cayon-%d1%87%d0%b5%d1%80%d0%bd%d1%8b%d0%b9","status":"publish","type":"product","link":"https:\/\/adidascombat.md\/ro\/Produs\/%d0%ba%d0%be%d1%81%d1%82%d1%8e%d0%bc-ju-jutsu-cayon-%d1%87%d0%b5%d1%80%d0%bd%d1%8b%d0%b9\/","title":{"rendered":"Costum Ju-Jutsu Cayon Negru"},"content":{"rendered":"<p>Costumul Cayon este un costum de autoap\u0103rare modern, de \u00eenalt\u0103 calitate, fabricat dintr-un material rezistent, dar u\u0219or. Acest lucru \u00eel face ideal pentru antrenamente de autoap\u0103rare, jiu-jitsu \u0219i multe alte arte mar\u021biale.<\/p>\n<p>Caracteristici:<\/p>\n<ul>\n<li>\u00a0\u00cent\u0103rire dubl\u0103 la piept \u0219i umeri, rever rezistent, pantaloni \u00eent\u0103ri\u021bi cu talie elastic\u0103 \u0219i \u0219nur suplimentar,<\/li>\n<li>detalii brodate pe picioare \u0219i m\u00e2neci,<\/li>\n<li>\u021bes\u0103tur\u0103 neted\u0103<\/li>\n<li>100% bumbac.<\/li>\n<\/ul>\n","protected":false},"excerpt":{"rendered":"<p>Costumul Cayon este un costum de autoap\u0103rare modern, de \u00eenalt\u0103 calitate, fabricat dintr-un material rezistent, dar u\u0219or. Acest lucru \u00eel<\/p>\n","protected":false},"featured_media":36065,"comment_status":"open","ping_status":"closed","template":"","meta":[],"product_brand":[],"product_cat":[801,813],"product_tag":[],"class_list":{"0":"post-36080","1":"product","2":"type-product","3":"status-publish","4":"has-post-thumbnail","6":"product_cat-adidas-ju-jutsu","7":"product_cat-costume-ro-7","9":"first","10":"instock","11":"shipping-taxable","12":"purchasable","13":"product-type-variable"},"_links":{"self":[{"href":"https:\/\/adidascombat.md\/ro\/wp-json\/wp\/v2\/product\/36080","targetHints":{"allow":["GET"]}}],"collection":[{"href":"https:\/\/adidascombat.md\/ro\/wp-json\/wp\/v2\/product"}],"about":[{"href":"https:\/\/adidascombat.md\/ro\/wp-json\/wp\/v2\/types\/product"}],"replies":[{"embeddable":true,"href":"https:\/\/adidascombat.md\/ro\/wp-json\/wp\/v2\/comments?post=36080"}],"version-history":[{"count":1,"href":"https:\/\/adidascombat.md\/ro\/wp-json\/wp\/v2\/product\/36080\/revisions"}],"predecessor-version":[{"id":36088,"href":"https:\/\/adidascombat.md\/ro\/wp-json\/wp\/v2\/product\/36080\/revisions\/36088"}],"wp:featuredmedia":[{"embeddable":true,"href":"https:\/\/adidascombat.md\/ro\/wp-json\/wp\/v2\/media\/36065"}],"wp:attachment":[{"href":"https:\/\/adidascombat.md\/ro\/wp-json\/wp\/v2\/media?parent=36080"}],"wp:term":[{"taxonomy":"product_brand","embeddable":true,"href":"https:\/\/adidascombat.md\/ro\/wp-json\/wp\/v2\/product_brand?post=36080"},{"taxonomy":"product_cat","embeddable":true,"href":"https:\/\/adidascombat.md\/ro\/wp-json\/wp\/v2\/product_cat?post=36080"},{"taxonomy":"product_tag","embeddable":true,"href":"https:\/\/adidascombat.md\/ro\/wp-json\/wp\/v2\/product_tag?post=36080"}],"curies":[{"name":"wp","href":"https:\/\/api.w.org\/{rel}","templated":true}]}}