{"id":36265,"date":"2026-01-14T10:44:11","date_gmt":"2026-01-14T10:44:11","guid":{"rendered":"https:\/\/adidascombat.md\/product\/%d1%81%d1%82%d0%b0%d1%80%d1%82%d0%be%d0%b2%d1%8b%d0%b9-%d0%ba%d0%be%d0%bc%d0%bf%d0%bb%d0%b5%d0%ba%d1%82-%d0%b4%d0%bb%d1%8f-bjj-fortaleza-%d0%bf%d0%be%d1%8f%d1%81-%d0%b4%d0%bb%d1%8f-bjj-%d1%87%d0%b5\/"},"modified":"2026-01-14T10:46:05","modified_gmt":"2026-01-14T10:46:05","slug":"%d1%81%d1%82%d0%b0%d1%80%d1%82%d0%be%d0%b2%d1%8b%d0%b9-%d0%ba%d0%be%d0%bc%d0%bf%d0%bb%d0%b5%d0%ba%d1%82-%d0%b4%d0%bb%d1%8f-bjj-fortaleza-%d0%bf%d0%be%d1%8f%d1%81-%d0%b4%d0%bb%d1%8f-bjj-%d1%87%d0%b5","status":"publish","type":"product","link":"https:\/\/adidascombat.md\/ro\/Produs\/%d1%81%d1%82%d0%b0%d1%80%d1%82%d0%be%d0%b2%d1%8b%d0%b9-%d0%ba%d0%be%d0%bc%d0%bf%d0%bb%d0%b5%d0%ba%d1%82-%d0%b4%d0%bb%d1%8f-bjj-fortaleza-%d0%bf%d0%be%d1%8f%d1%81-%d0%b4%d0%bb%d1%8f-bjj-%d1%87%d0%b5\/","title":{"rendered":"\u0421\u0442\u0430\u0440\u0442\u043e\u0432\u044b\u0439 \u043a\u043e\u043c\u043f\u043b\u0435\u043a\u0442 \u0434\u043b\u044f BJJ Fortaleza + \u043f\u043e\u044f\u0441 \u0434\u043b\u044f BJJ \u0447\u0435\u0440\u043d\u044b\u0439"},"content":{"rendered":"<p>Acest gi de jiu-jitsu brazilian u\u0219or \u0219i de \u00eenalt\u0103 calitate combin\u0103 func\u021bionalitatea \u0219i confortul, fiind ideal pentru \u00eencep\u0103tori. Jacheta este confec\u021bionat\u0103 dintr-o singur\u0103 bucat\u0103 de material semi-perlat, \u00een timp ce pantalonii sunt confec\u021biona\u021bi din twill de bumbac de 280 g, cu zone \u00eent\u0103rite pentru uzur\u0103 ridicat\u0103.<\/p>\n<p>&#8211;\u00a0 Croial\u0103 slim pentru jiu-jitsu brazilian<\/p>\n<p>&#8211;\u00a0 Material u\u0219or (450 g\/m\u00b2) cu o \u021bes\u0103tur\u0103 dens\u0103 semi-perlat\u0103<\/p>\n<p>&#8211; Pantaloni cu \u0219nur clasic \u0219i genunchi \u00eent\u0103ri\u021bi<\/p>\n<p>&#8211; Include o centur\u0103 alb\u0103 de jiu-jitsu brazilian<\/p>\n<p>&#8211; 100% bumbac<\/p>\n","protected":false},"excerpt":{"rendered":"<p>Acest gi de jiu-jitsu brazilian u\u0219or \u0219i de \u00eenalt\u0103 calitate combin\u0103 func\u021bionalitatea \u0219i confortul, fiind ideal pentru \u00eencep\u0103tori. Jacheta este<\/p>\n","protected":false},"featured_media":36262,"comment_status":"open","ping_status":"closed","template":"","meta":[],"product_brand":[],"product_cat":[785,801,787,813],"product_tag":[],"class_list":{"0":"post-36265","1":"product","2":"type-product","3":"status-publish","4":"has-post-thumbnail","6":"product_cat-adidas-bjj-ro","7":"product_cat-adidas-ju-jutsu","8":"product_cat-costume-ro-6","9":"product_cat-costume-ro-7","11":"first","12":"instock","13":"shipping-taxable","14":"purchasable","15":"product-type-variable"},"_links":{"self":[{"href":"https:\/\/adidascombat.md\/ro\/wp-json\/wp\/v2\/product\/36265","targetHints":{"allow":["GET"]}}],"collection":[{"href":"https:\/\/adidascombat.md\/ro\/wp-json\/wp\/v2\/product"}],"about":[{"href":"https:\/\/adidascombat.md\/ro\/wp-json\/wp\/v2\/types\/product"}],"replies":[{"embeddable":true,"href":"https:\/\/adidascombat.md\/ro\/wp-json\/wp\/v2\/comments?post=36265"}],"version-history":[{"count":2,"href":"https:\/\/adidascombat.md\/ro\/wp-json\/wp\/v2\/product\/36265\/revisions"}],"predecessor-version":[{"id":36271,"href":"https:\/\/adidascombat.md\/ro\/wp-json\/wp\/v2\/product\/36265\/revisions\/36271"}],"wp:featuredmedia":[{"embeddable":true,"href":"https:\/\/adidascombat.md\/ro\/wp-json\/wp\/v2\/media\/36262"}],"wp:attachment":[{"href":"https:\/\/adidascombat.md\/ro\/wp-json\/wp\/v2\/media?parent=36265"}],"wp:term":[{"taxonomy":"product_brand","embeddable":true,"href":"https:\/\/adidascombat.md\/ro\/wp-json\/wp\/v2\/product_brand?post=36265"},{"taxonomy":"product_cat","embeddable":true,"href":"https:\/\/adidascombat.md\/ro\/wp-json\/wp\/v2\/product_cat?post=36265"},{"taxonomy":"product_tag","embeddable":true,"href":"https:\/\/adidascombat.md\/ro\/wp-json\/wp\/v2\/product_tag?post=36265"}],"curies":[{"name":"wp","href":"https:\/\/api.w.org\/{rel}","templated":true}]}}