{"id":36294,"date":"2026-01-14T10:55:16","date_gmt":"2026-01-14T10:55:16","guid":{"rendered":"https:\/\/adidascombat.md\/product\/%d1%81%d1%82%d0%b0%d1%80%d1%82%d0%be%d0%b2%d1%8b%d0%b9-%d0%ba%d0%be%d1%81%d1%82%d1%8e%d0%bc-%d0%b4%d0%bb%d1%8f-bjj-fortaleza-%d1%81%d0%b8%d0%bd%d0%b8%d0%b9-%d0%bf%d0%be%d1%8f%d1%81-%d0%b4%d0%bb\/"},"modified":"2026-01-14T10:57:49","modified_gmt":"2026-01-14T10:57:49","slug":"%d1%81%d1%82%d0%b0%d1%80%d1%82%d0%be%d0%b2%d1%8b%d0%b9-%d0%ba%d0%be%d1%81%d1%82%d1%8e%d0%bc-%d0%b4%d0%bb%d1%8f-bjj-fortaleza-%d1%81%d0%b8%d0%bd%d0%b8%d0%b9-%d0%bf%d0%be%d1%8f%d1%81-%d0%b4%d0%bb","status":"publish","type":"product","link":"https:\/\/adidascombat.md\/ro\/Produs\/%d1%81%d1%82%d0%b0%d1%80%d1%82%d0%be%d0%b2%d1%8b%d0%b9-%d0%ba%d0%be%d1%81%d1%82%d1%8e%d0%bc-%d0%b4%d0%bb%d1%8f-bjj-fortaleza-%d1%81%d0%b8%d0%bd%d0%b8%d0%b9-%d0%bf%d0%be%d1%8f%d1%81-%d0%b4%d0%bb\/","title":{"rendered":"Costum BJJ Fortaleza Blue pentru \u00eencep\u0103tori + centur\u0103 BJJ alba"},"content":{"rendered":"<p>Acest gi de jiu-jitsu brazilian u\u0219or \u0219i de \u00eenalt\u0103 calitate combin\u0103 func\u021bionalitatea \u0219i confortul, fiind ideal pentru \u00eencep\u0103tori. Jacheta este confec\u021bionat\u0103 dintr-o singur\u0103 bucat\u0103 de material semi-perlat, \u00een timp ce pantalonii sunt confec\u021biona\u021bi din twill de bumbac de 280 g, cu zone \u00eent\u0103rite pentru uzur\u0103 ridicat\u0103.<\/p>\n<p>&#8211;\u00a0 Croial\u0103 slim pentru jiu-jitsu brazilian<\/p>\n<p>&#8211; Material u\u0219or (450 g\/m\u00b2) cu o \u021bes\u0103tur\u0103 dens\u0103 semi-perlat\u0103<\/p>\n<p>&#8211; Pantaloni cu \u0219nur clasic \u0219i genunchi \u00eent\u0103ri\u021bi<\/p>\n<p>&#8211; Include o curea alb\u0103 de jiu-jitsu brazilian<\/p>\n<p>&#8211; 100% bumbac<\/p>\n","protected":false},"excerpt":{"rendered":"<p>Acest gi de jiu-jitsu brazilian u\u0219or \u0219i de \u00eenalt\u0103 calitate combin\u0103 func\u021bionalitatea \u0219i confortul, fiind ideal pentru \u00eencep\u0103tori. Jacheta este<\/p>\n","protected":false},"featured_media":36290,"comment_status":"open","ping_status":"closed","template":"","meta":[],"product_brand":[],"product_cat":[785,801,787,813],"product_tag":[],"class_list":{"0":"post-36294","1":"product","2":"type-product","3":"status-publish","4":"has-post-thumbnail","6":"product_cat-adidas-bjj-ro","7":"product_cat-adidas-ju-jutsu","8":"product_cat-costume-ro-6","9":"product_cat-costume-ro-7","11":"first","12":"instock","13":"shipping-taxable","14":"purchasable","15":"product-type-variable"},"_links":{"self":[{"href":"https:\/\/adidascombat.md\/ro\/wp-json\/wp\/v2\/product\/36294","targetHints":{"allow":["GET"]}}],"collection":[{"href":"https:\/\/adidascombat.md\/ro\/wp-json\/wp\/v2\/product"}],"about":[{"href":"https:\/\/adidascombat.md\/ro\/wp-json\/wp\/v2\/types\/product"}],"replies":[{"embeddable":true,"href":"https:\/\/adidascombat.md\/ro\/wp-json\/wp\/v2\/comments?post=36294"}],"version-history":[{"count":2,"href":"https:\/\/adidascombat.md\/ro\/wp-json\/wp\/v2\/product\/36294\/revisions"}],"predecessor-version":[{"id":36300,"href":"https:\/\/adidascombat.md\/ro\/wp-json\/wp\/v2\/product\/36294\/revisions\/36300"}],"wp:featuredmedia":[{"embeddable":true,"href":"https:\/\/adidascombat.md\/ro\/wp-json\/wp\/v2\/media\/36290"}],"wp:attachment":[{"href":"https:\/\/adidascombat.md\/ro\/wp-json\/wp\/v2\/media?parent=36294"}],"wp:term":[{"taxonomy":"product_brand","embeddable":true,"href":"https:\/\/adidascombat.md\/ro\/wp-json\/wp\/v2\/product_brand?post=36294"},{"taxonomy":"product_cat","embeddable":true,"href":"https:\/\/adidascombat.md\/ro\/wp-json\/wp\/v2\/product_cat?post=36294"},{"taxonomy":"product_tag","embeddable":true,"href":"https:\/\/adidascombat.md\/ro\/wp-json\/wp\/v2\/product_tag?post=36294"}],"curies":[{"name":"wp","href":"https:\/\/api.w.org\/{rel}","templated":true}]}}