{"id":36315,"date":"2026-01-14T11:07:07","date_gmt":"2026-01-14T11:07:07","guid":{"rendered":"https:\/\/adidascombat.md\/product\/%d1%86%d0%b2%d0%b5%d1%82%d0%bd%d0%b0%d1%8f-%d0%bb%d0%b8%d0%bd%d0%b5%d0%b9%d0%ba%d0%b0-pearl-bonsai-%d1%81%d0%b5%d1%80%d0%b5%d0%b1%d1%80%d0%b5%d0%bd%d1%8b%d0%b9\/"},"modified":"2026-01-14T11:09:30","modified_gmt":"2026-01-14T11:09:30","slug":"%d1%86%d0%b2%d0%b5%d1%82%d0%bd%d0%b0%d1%8f-%d0%bb%d0%b8%d0%bd%d0%b5%d0%b9%d0%ba%d0%b0-pearl-bonsai-%d1%81%d0%b5%d1%80%d0%b5%d0%b1%d1%80%d0%b5%d0%bd%d1%8b%d0%b9","status":"publish","type":"product","link":"https:\/\/adidascombat.md\/ro\/Produs\/%d1%86%d0%b2%d0%b5%d1%82%d0%bd%d0%b0%d1%8f-%d0%bb%d0%b8%d0%bd%d0%b5%d0%b9%d0%ba%d0%b0-pearl-bonsai-%d1%81%d0%b5%d1%80%d0%b5%d0%b1%d1%80%d0%b5%d0%bd%d1%8b%d0%b9\/","title":{"rendered":"Linie de culori Pearl Bonsai &#8211; Argintiu"},"content":{"rendered":"<p>Broderie excelent\u0103 \u00een culoarea dorit\u0103 &#8211; o mul\u021bime de culoare pe salteaua ta cu linia de culori Bonsai!<\/p>\n<p>Pearl Bonsai este bazat pe modelul premium Pearl Pure. Jacheta este confec\u021bionat\u0103 din \u021bes\u0103tur\u0103 Single Pearl de 350 GSM \u0219i este construit\u0103 dintr-o singur\u0103 pies\u0103 cu \u00eent\u0103rituri \u00een zonele cheie (revere, piept \u0219i subra\u021b). Designul complet alb ofer\u0103 spa\u021biu amplu pentru logo-urile clubului \u0219i permite o varietate de op\u021biuni pentru imprimare a clubului, flocare \u0219i broderie la cerere.<\/p>\n<p>Pantalonii sunt confec\u021biona\u021bi din twill sustenabil \u0219i au o band\u0103 elastic\u0103 \u00een talie cu \u0219nururi suplimentare.<\/p>\n<ul>\n<li>\u00a0Material: 100% bumbac<\/li>\n<li>350 gsm<\/li>\n<li>Croial\u0103 sportiv\u0103<\/li>\n<li>Special conceput\u0103 pentru copii<\/li>\n<li>Garan\u021bie de \u00eenalt\u0103 calitate<\/li>\n<li>Potrivit\u0103 pentru jujutsu \u0219i BJJ<\/li>\n<li>Culorile selectate sunt brodate pe umeri, a\u0219a cum se vede \u00een fotografii.<\/li>\n<\/ul>\n","protected":false},"excerpt":{"rendered":"<p>Broderie excelent\u0103 \u00een culoarea dorit\u0103 &#8211; o mul\u021bime de culoare pe salteaua ta cu linia de culori Bonsai! Pearl Bonsai<\/p>\n","protected":false},"featured_media":36312,"comment_status":"open","ping_status":"closed","template":"","meta":[],"product_brand":[],"product_cat":[785,801,787,813],"product_tag":[],"class_list":{"0":"post-36315","1":"product","2":"type-product","3":"status-publish","4":"has-post-thumbnail","6":"product_cat-adidas-bjj-ro","7":"product_cat-adidas-ju-jutsu","8":"product_cat-costume-ro-6","9":"product_cat-costume-ro-7","11":"first","12":"instock","13":"shipping-taxable","14":"purchasable","15":"product-type-variable"},"_links":{"self":[{"href":"https:\/\/adidascombat.md\/ro\/wp-json\/wp\/v2\/product\/36315","targetHints":{"allow":["GET"]}}],"collection":[{"href":"https:\/\/adidascombat.md\/ro\/wp-json\/wp\/v2\/product"}],"about":[{"href":"https:\/\/adidascombat.md\/ro\/wp-json\/wp\/v2\/types\/product"}],"replies":[{"embeddable":true,"href":"https:\/\/adidascombat.md\/ro\/wp-json\/wp\/v2\/comments?post=36315"}],"version-history":[{"count":2,"href":"https:\/\/adidascombat.md\/ro\/wp-json\/wp\/v2\/product\/36315\/revisions"}],"predecessor-version":[{"id":36321,"href":"https:\/\/adidascombat.md\/ro\/wp-json\/wp\/v2\/product\/36315\/revisions\/36321"}],"wp:featuredmedia":[{"embeddable":true,"href":"https:\/\/adidascombat.md\/ro\/wp-json\/wp\/v2\/media\/36312"}],"wp:attachment":[{"href":"https:\/\/adidascombat.md\/ro\/wp-json\/wp\/v2\/media?parent=36315"}],"wp:term":[{"taxonomy":"product_brand","embeddable":true,"href":"https:\/\/adidascombat.md\/ro\/wp-json\/wp\/v2\/product_brand?post=36315"},{"taxonomy":"product_cat","embeddable":true,"href":"https:\/\/adidascombat.md\/ro\/wp-json\/wp\/v2\/product_cat?post=36315"},{"taxonomy":"product_tag","embeddable":true,"href":"https:\/\/adidascombat.md\/ro\/wp-json\/wp\/v2\/product_tag?post=36315"}],"curies":[{"name":"wp","href":"https:\/\/api.w.org\/{rel}","templated":true}]}}