{"id":36397,"date":"2026-01-21T14:30:29","date_gmt":"2026-01-21T14:30:29","guid":{"rendered":"https:\/\/adidascombat.md\/product\/%d0%ba%d0%be%d1%81%d1%82%d1%8e%d0%bc-%d0%b4%d0%bb%d1%8f-%d0%b1%d1%80%d0%b0%d0%b7%d0%b8%d0%bb%d1%8c%d1%81%d0%ba%d0%be%d0%b3%d0%be-%d0%b4%d0%b6%d0%b8%d1%83-%d0%b4%d0%b6%d0%b8%d1%82%d1%81%d1%83-adidas-bj\/"},"modified":"2026-01-21T14:32:50","modified_gmt":"2026-01-21T14:32:50","slug":"%d0%ba%d0%be%d1%81%d1%82%d1%8e%d0%bc-%d0%b4%d0%bb%d1%8f-%d0%b1%d1%80%d0%b0%d0%b7%d0%b8%d0%bb%d1%8c%d1%81%d0%ba%d0%be%d0%b3%d0%be-%d0%b4%d0%b6%d0%b8%d1%83-%d0%b4%d0%b6%d0%b8%d1%82%d1%81%d1%83-adidas-bj","status":"publish","type":"product","link":"https:\/\/adidascombat.md\/ro\/Produs\/%d0%ba%d0%be%d1%81%d1%82%d1%8e%d0%bc-%d0%b4%d0%bb%d1%8f-%d0%b1%d1%80%d0%b0%d0%b7%d0%b8%d0%bb%d1%8c%d1%81%d0%ba%d0%be%d0%b3%d0%be-%d0%b4%d0%b6%d0%b8%d1%83-%d0%b4%d0%b6%d0%b8%d1%82%d1%81%d1%83-adidas-bj\/","title":{"rendered":"Costum adidas BJJ Suit Contest 2.0 Brazilian Jiu-Jitsu, Alb, Model JJ430"},"content":{"rendered":"<p>Mai pu\u021bin \u00eenseamn\u0103 mai mult \u2013 gi-ul Contest 2.0 este conceput pentru to\u021bi sportivii de BJJ care caut\u0103 o croial\u0103 sofisticat\u0103, dar incredibil de calitativ\u0103. Contest impresioneaz\u0103 prin aten\u021bia la detalii \u0219i utilizarea materialelor de \u00eenalt\u0103 calitate.<\/p>\n<p>Material: 100% bumbac<br \/>\nGreutate material: 430 g\/m\u00b2, \u021bes\u0103tur\u0103 perlat\u0103<br \/>\nPantaloni cu band\u0103 cu \u0219nur \u0219i \u021bes\u0103tur\u0103 ripstop durabil\u0103<br \/>\n\u0218nururi de str\u00e2ngere din \u021bes\u0103tur\u0103 ripstop durabil\u0103<br \/>\nCus\u0103turi multistrat pe pantaloni<br \/>\nTabel de m\u0103rimi: A4 aprox. +195 cm<\/p>\n<p>Livrat \u00eentr-o hus\u0103 practic\u0103 cu \u0219nur<\/p>\n<p>Perfect pentru antrenamente zilnice \u0219i competi\u021bii intense<\/p>\n","protected":false},"excerpt":{"rendered":"<p>Mai pu\u021bin \u00eenseamn\u0103 mai mult \u2013 gi-ul Contest 2.0 este conceput pentru to\u021bi sportivii de BJJ care caut\u0103 o croial\u0103<\/p>\n","protected":false},"featured_media":36378,"comment_status":"open","ping_status":"closed","template":"","meta":[],"product_brand":[],"product_cat":[785,801,787,813],"product_tag":[],"class_list":{"0":"post-36397","1":"product","2":"type-product","3":"status-publish","4":"has-post-thumbnail","6":"product_cat-adidas-bjj-ro","7":"product_cat-adidas-ju-jutsu","8":"product_cat-costume-ro-6","9":"product_cat-costume-ro-7","11":"first","12":"instock","13":"shipping-taxable","14":"purchasable","15":"product-type-variable"},"_links":{"self":[{"href":"https:\/\/adidascombat.md\/ro\/wp-json\/wp\/v2\/product\/36397","targetHints":{"allow":["GET"]}}],"collection":[{"href":"https:\/\/adidascombat.md\/ro\/wp-json\/wp\/v2\/product"}],"about":[{"href":"https:\/\/adidascombat.md\/ro\/wp-json\/wp\/v2\/types\/product"}],"replies":[{"embeddable":true,"href":"https:\/\/adidascombat.md\/ro\/wp-json\/wp\/v2\/comments?post=36397"}],"version-history":[{"count":1,"href":"https:\/\/adidascombat.md\/ro\/wp-json\/wp\/v2\/product\/36397\/revisions"}],"predecessor-version":[{"id":36399,"href":"https:\/\/adidascombat.md\/ro\/wp-json\/wp\/v2\/product\/36397\/revisions\/36399"}],"wp:featuredmedia":[{"embeddable":true,"href":"https:\/\/adidascombat.md\/ro\/wp-json\/wp\/v2\/media\/36378"}],"wp:attachment":[{"href":"https:\/\/adidascombat.md\/ro\/wp-json\/wp\/v2\/media?parent=36397"}],"wp:term":[{"taxonomy":"product_brand","embeddable":true,"href":"https:\/\/adidascombat.md\/ro\/wp-json\/wp\/v2\/product_brand?post=36397"},{"taxonomy":"product_cat","embeddable":true,"href":"https:\/\/adidascombat.md\/ro\/wp-json\/wp\/v2\/product_cat?post=36397"},{"taxonomy":"product_tag","embeddable":true,"href":"https:\/\/adidascombat.md\/ro\/wp-json\/wp\/v2\/product_tag?post=36397"}],"curies":[{"name":"wp","href":"https:\/\/api.w.org\/{rel}","templated":true}]}}