{"id":36563,"date":"2026-01-28T13:53:06","date_gmt":"2026-01-28T13:53:06","guid":{"rendered":"https:\/\/adidascombat.md\/product\/%d0%ba%d0%be%d1%81%d1%82%d1%8e%d0%bc-%d0%b4%d0%bb%d1%8f-%d0%b1%d1%80%d0%b0%d0%b7%d0%b8%d0%bb%d1%8c%d1%81%d0%ba%d0%be%d0%b3%d0%be-%d0%b4%d0%b6%d0%b8%d1%83-%d0%b4%d0%b6%d0%b8%d1%82%d1%81%d1%83-adidas-ro\/"},"modified":"2026-01-28T13:56:51","modified_gmt":"2026-01-28T13:56:51","slug":"%d0%ba%d0%be%d1%81%d1%82%d1%8e%d0%bc-%d0%b4%d0%bb%d1%8f-%d0%b1%d1%80%d0%b0%d0%b7%d0%b8%d0%bb%d1%8c%d1%81%d0%ba%d0%be%d0%b3%d0%be-%d0%b4%d0%b6%d0%b8%d1%83-%d0%b4%d0%b6%d0%b8%d1%82%d1%81%d1%83-adidas-ro","status":"publish","type":"product","link":"https:\/\/adidascombat.md\/ro\/Produs\/%d0%ba%d0%be%d1%81%d1%82%d1%8e%d0%bc-%d0%b4%d0%bb%d1%8f-%d0%b1%d1%80%d0%b0%d0%b7%d0%b8%d0%bb%d1%8c%d1%81%d0%ba%d0%be%d0%b3%d0%be-%d0%b4%d0%b6%d0%b8%d1%83-%d0%b4%d0%b6%d0%b8%d1%82%d1%81%d1%83-adidas-ro\/","title":{"rendered":"Costum adidas Rookie 2.0 Scale JJ250_20S Jiu-Jitsu Brazilian"},"content":{"rendered":"<p>Gi Jiu-Jitsu pentru copii ROOKIE<br \/>\nU\u0219or. Confortabil. Conceput pentru antrenament.<\/p>\n<p>Gi-ul ROOKIE Jiu-Jitsu este \u021binuta perfect\u0103 pentru copiii care fac primii pa\u0219i pe tatami. Conceput pentru confort, libertate de mi\u0219care \u0219i durabilitate, acest gi ofer\u0103 suport optim tinerilor sportivi \u00een timpul antrenamentului \u0219i al primelor competi\u021bii.<\/p>\n<p>Jacheta este confec\u021bionat\u0103 din \u021bes\u0103tur\u0103 alb\u0103 de policombac 200g\/m\u00b2 (\u00b15%) 65:35, care este pl\u0103cut de u\u0219oar\u0103, dar ofer\u0103 suficient\u0103 stabilitate pentru antrenamentul zilnic. Materialul este respirabil \u0219i u\u0219or de \u00eentre\u021binut &#8211; perfect pentru copiii care \u00eel poart\u0103 \u00een mod regulat.<\/p>\n<p>Pantalonii sunt confec\u021biona\u021bi din \u021bes\u0103tur\u0103 de policombac 200g\/m\u00b2 (\u00b15%) 52:48 cu o \u021bes\u0103tur\u0103 twill \u0219i un finisaj alb str\u0103lucitor, decolorat. Impresioneaz\u0103 prin durabilitate, rezisten\u021b\u0103 la rupere \u0219i libertate excelent\u0103 de mi\u0219care.<\/p>\n<p>Uniforma ROOKIE Gi este furnizat\u0103 f\u0103r\u0103 curea \u0219i nu este pre-mic\u0219orat\u0103 (sanforizat\u0103), ceea ce \u00eenseamn\u0103 c\u0103 se poate mic\u0219ora u\u0219or dup\u0103 sp\u0103lare. Aceast\u0103 uniform\u0103 func\u021bional\u0103, u\u0219oar\u0103 \u0219i fiabil\u0103 de Jiu-Jitsu brazilian este ideal\u0103 pentru \u00eencep\u0103tori \u0219i sportivi aspiran\u021bi.<\/p>\n<p>Caracteristici principale:<\/p>\n<p>&#8211; Uniform\u0103 BJJ pentru copii, potrivit\u0103 pentru \u00eencep\u0103tori \u0219i antrenamente.<\/p>\n<p>&#8211;\u00a0 Jachet\u0103: 200 g\/m\u00b2 (\u00b15%) | 65:35 poliester-bumbac | material alb pentru judo<\/p>\n<p>&#8211;\u00a0 Pantaloni: 200 g\/m\u00b2 (\u00b15%) | 52:48 poliester-bumbac | 2&#215;1 twill (14&#215;14 \/ 82&#215;40)<\/p>\n<p>&#8211;\u00a0 U\u0219oar\u0103, confortabil\u0103 \u0219i durabil\u0103<\/p>\n<p>&#8211; Nu este pre-mic\u0219orat\u0103 (sanforizat\u0103)<\/p>\n<p><strong>Centura nu este inclus\u0103<\/strong><\/p>\n<p>Uniforma Jiu-Jitsu ROOKIE ofer\u0103 un \u00eenceput sigur \u00een jiu-jitsu brazilian &#8211; fiabil\u0103, confortabil\u0103 \u0219i perfect adaptat\u0103 nevoilor copiilor.<\/p>\n","protected":false},"excerpt":{"rendered":"<p>Gi Jiu-Jitsu pentru copii ROOKIE U\u0219or. Confortabil. Conceput pentru antrenament. Gi-ul ROOKIE Jiu-Jitsu este \u021binuta perfect\u0103 pentru copiii care fac<\/p>\n","protected":false},"featured_media":36522,"comment_status":"open","ping_status":"closed","template":"","meta":[],"product_brand":[],"product_cat":[785,801,787,813],"product_tag":[],"class_list":{"0":"post-36563","1":"product","2":"type-product","3":"status-publish","4":"has-post-thumbnail","6":"product_cat-adidas-bjj-ro","7":"product_cat-adidas-ju-jutsu","8":"product_cat-costume-ro-6","9":"product_cat-costume-ro-7","11":"first","12":"instock","13":"shipping-taxable","14":"purchasable","15":"product-type-variable"},"_links":{"self":[{"href":"https:\/\/adidascombat.md\/ro\/wp-json\/wp\/v2\/product\/36563","targetHints":{"allow":["GET"]}}],"collection":[{"href":"https:\/\/adidascombat.md\/ro\/wp-json\/wp\/v2\/product"}],"about":[{"href":"https:\/\/adidascombat.md\/ro\/wp-json\/wp\/v2\/types\/product"}],"replies":[{"embeddable":true,"href":"https:\/\/adidascombat.md\/ro\/wp-json\/wp\/v2\/comments?post=36563"}],"version-history":[{"count":2,"href":"https:\/\/adidascombat.md\/ro\/wp-json\/wp\/v2\/product\/36563\/revisions"}],"predecessor-version":[{"id":36577,"href":"https:\/\/adidascombat.md\/ro\/wp-json\/wp\/v2\/product\/36563\/revisions\/36577"}],"wp:featuredmedia":[{"embeddable":true,"href":"https:\/\/adidascombat.md\/ro\/wp-json\/wp\/v2\/media\/36522"}],"wp:attachment":[{"href":"https:\/\/adidascombat.md\/ro\/wp-json\/wp\/v2\/media?parent=36563"}],"wp:term":[{"taxonomy":"product_brand","embeddable":true,"href":"https:\/\/adidascombat.md\/ro\/wp-json\/wp\/v2\/product_brand?post=36563"},{"taxonomy":"product_cat","embeddable":true,"href":"https:\/\/adidascombat.md\/ro\/wp-json\/wp\/v2\/product_cat?post=36563"},{"taxonomy":"product_tag","embeddable":true,"href":"https:\/\/adidascombat.md\/ro\/wp-json\/wp\/v2\/product_tag?post=36563"}],"curies":[{"name":"wp","href":"https:\/\/api.w.org\/{rel}","templated":true}]}}