{"id":36666,"date":"2026-02-07T08:44:00","date_gmt":"2026-02-07T08:44:00","guid":{"rendered":"https:\/\/adidascombat.md\/product\/%d0%ba%d0%be%d1%81%d1%82%d1%8e%d0%bc-%d0%b4%d0%b6%d0%b8%d1%83-%d0%b4%d0%b7%d1%8e%d1%86%d1%83-%d0%b1%d1%80%d0%b0%d0%b7%d0%b8%d0%bb%d0%b8%d0%b0-%d0%b1%d0%b5%d0%bb%d1%8b%d0%b9\/"},"modified":"2026-02-07T08:45:23","modified_gmt":"2026-02-07T08:45:23","slug":"%d0%ba%d0%be%d1%81%d1%82%d1%8e%d0%bc-%d0%b4%d0%b6%d0%b8%d1%83-%d0%b4%d0%b7%d1%8e%d1%86%d1%83-%d0%b1%d1%80%d0%b0%d0%b7%d0%b8%d0%bb%d0%b8%d0%b0-%d0%b1%d0%b5%d0%bb%d1%8b%d0%b9","status":"publish","type":"product","link":"https:\/\/adidascombat.md\/ro\/Produs\/%d0%ba%d0%be%d1%81%d1%82%d1%8e%d0%bc-%d0%b4%d0%b6%d0%b8%d1%83-%d0%b4%d0%b7%d1%8e%d1%86%d1%83-%d0%b1%d1%80%d0%b0%d0%b7%d0%b8%d0%bb%d0%b8%d0%b0-%d0%b1%d0%b5%d0%bb%d1%8b%d0%b9\/","title":{"rendered":"Costum alb de jiu-jitsu brazilian"},"content":{"rendered":"<p>Acest costum de Jiu-Jitsu brazilian, confec\u021bionat din material premium Gold-Weave (750 g\/m\u00b2), a fost special conceput pentru BJJ, jiu-jitsu, jujitsu \u0219i alte stiluri de lupt\u0103 conexe. Jacheta tradi\u021bional\u0103 sub\u021bire cu revere, umeri \u0219i axile \u00eent\u0103rite, greutatea dens\u0103 a materialului \u0219i garnitura versatil\u0103 \u00eei conving, de asemenea, pe judoki s\u0103 aleag\u0103 acest gi BJJ versatil. 100% bumbac<\/p>\n<ul>\n<li>Material din bumbac foarte rezistent (jachet\u0103 &#8211; 25 oz, pantaloni &#8211; 14 oz)<\/li>\n<li>Jachet\u0103 tradi\u021bional\u0103 sub\u021bire, umeri, axile \u0219i revere \u00eent\u0103rite<\/li>\n<li>Pantaloni cu \u00eent\u0103rituri multiple, \u0219ireturi clasice \u0219i clin<\/li>\n<li>Potrivit pentru lupte, jujutsu, jiu-jitsu, judo \u0219i autoap\u0103rare<\/li>\n<\/ul>\n","protected":false},"excerpt":{"rendered":"<p>Acest costum de Jiu-Jitsu brazilian, confec\u021bionat din material premium Gold-Weave (750 g\/m\u00b2), a fost special conceput pentru BJJ, jiu-jitsu, jujitsu<\/p>\n","protected":false},"featured_media":36651,"comment_status":"open","ping_status":"closed","template":"","meta":[],"product_brand":[],"product_cat":[785,801,787,813],"product_tag":[],"class_list":{"0":"post-36666","1":"product","2":"type-product","3":"status-publish","4":"has-post-thumbnail","6":"product_cat-adidas-bjj-ro","7":"product_cat-adidas-ju-jutsu","8":"product_cat-costume-ro-6","9":"product_cat-costume-ro-7","11":"first","12":"instock","13":"shipping-taxable","14":"purchasable","15":"product-type-variable"},"_links":{"self":[{"href":"https:\/\/adidascombat.md\/ro\/wp-json\/wp\/v2\/product\/36666","targetHints":{"allow":["GET"]}}],"collection":[{"href":"https:\/\/adidascombat.md\/ro\/wp-json\/wp\/v2\/product"}],"about":[{"href":"https:\/\/adidascombat.md\/ro\/wp-json\/wp\/v2\/types\/product"}],"replies":[{"embeddable":true,"href":"https:\/\/adidascombat.md\/ro\/wp-json\/wp\/v2\/comments?post=36666"}],"version-history":[{"count":1,"href":"https:\/\/adidascombat.md\/ro\/wp-json\/wp\/v2\/product\/36666\/revisions"}],"predecessor-version":[{"id":36673,"href":"https:\/\/adidascombat.md\/ro\/wp-json\/wp\/v2\/product\/36666\/revisions\/36673"}],"wp:featuredmedia":[{"embeddable":true,"href":"https:\/\/adidascombat.md\/ro\/wp-json\/wp\/v2\/media\/36651"}],"wp:attachment":[{"href":"https:\/\/adidascombat.md\/ro\/wp-json\/wp\/v2\/media?parent=36666"}],"wp:term":[{"taxonomy":"product_brand","embeddable":true,"href":"https:\/\/adidascombat.md\/ro\/wp-json\/wp\/v2\/product_brand?post=36666"},{"taxonomy":"product_cat","embeddable":true,"href":"https:\/\/adidascombat.md\/ro\/wp-json\/wp\/v2\/product_cat?post=36666"},{"taxonomy":"product_tag","embeddable":true,"href":"https:\/\/adidascombat.md\/ro\/wp-json\/wp\/v2\/product_tag?post=36666"}],"curies":[{"name":"wp","href":"https:\/\/api.w.org\/{rel}","templated":true}]}}