{"id":36697,"date":"2026-02-07T08:51:12","date_gmt":"2026-02-07T08:51:12","guid":{"rendered":"https:\/\/adidascombat.md\/product\/%d0%b4%d0%b6%d0%b8%d1%83-%d0%b4%d0%b7%d1%8e%d1%86%d1%83-%d0%ba%d0%be%d1%81%d1%82%d1%8e%d0%bc-pearl-pure\/"},"modified":"2026-02-07T08:53:27","modified_gmt":"2026-02-07T08:53:27","slug":"%d0%b4%d0%b6%d0%b8%d1%83-%d0%b4%d0%b7%d1%8e%d1%86%d1%83-%d0%ba%d0%be%d1%81%d1%82%d1%8e%d0%bc-pearl-pure","status":"publish","type":"product","link":"https:\/\/adidascombat.md\/ro\/Produs\/%d0%b4%d0%b6%d0%b8%d1%83-%d0%b4%d0%b7%d1%8e%d1%86%d1%83-%d0%ba%d0%be%d1%81%d1%82%d1%8e%d0%bc-pearl-pure\/","title":{"rendered":"Costum Jiu-Jitsu Pearl Pure"},"content":{"rendered":"<p>Datorit\u0103 numeroaselor sale calit\u0103\u021bi \u0219i croielii standard, costumul Pearl Pure este o alegere popular\u0103 \u00een r\u00e2ndul echipei na\u021bionale de jiu-jitsu a Germaniei. Acest costum de jiu-jitsu de \u00eenalt\u0103 calitate din linia Ju-Sports Pearl este conceput pentru arti\u0219tii mar\u021biali exigen\u021bi \u0219i orienta\u021bi spre tradi\u021bie. Costumul complet alb are o croial\u0103 slim fit \u0219i, datorit\u0103 \u021bes\u0103turii dense de perle, o structur\u0103 extrem de dens\u0103 \u0219i o greutate medie a \u021bes\u0103turii (550 g\/m\u00b2). Jacheta este confec\u021bionat\u0103 dintr-o singur\u0103 bucat\u0103 \u0219i \u00eent\u0103rit\u0103 \u00een zone cheie (revere, piept \u0219i axile). Designul alb pur ofer\u0103 spa\u021biu amplu pentru logo-urile clubului \u0219i permite o varietate de op\u021biuni pentru imprimare, flocare \u0219i broderie la cerere.<\/p>\n<ul>\n<li>100% bumbac<\/li>\n<li>Croial\u0103 clasic\u0103 slim fit BJJ<\/li>\n<li>Pantaloni cu genunchi dublu \u00eent\u0103ri\u021bi \u0219i \u0219ireturi clasice<\/li>\n<li>Potrivit \u00een special pentru tehnici de jutsu, jiu-jitsu \u0219i autoap\u0103rare<\/li>\n<li>Design curat<\/li>\n<li>Aprobat JJIF<\/li>\n<\/ul>\n","protected":false},"excerpt":{"rendered":"<p>Datorit\u0103 numeroaselor sale calit\u0103\u021bi \u0219i croielii standard, costumul Pearl Pure este o alegere popular\u0103 \u00een r\u00e2ndul echipei na\u021bionale de jiu-jitsu<\/p>\n","protected":false},"featured_media":36682,"comment_status":"open","ping_status":"closed","template":"","meta":[],"product_brand":[],"product_cat":[785,801,787,813],"product_tag":[],"class_list":{"0":"post-36697","1":"product","2":"type-product","3":"status-publish","4":"has-post-thumbnail","6":"product_cat-adidas-bjj-ro","7":"product_cat-adidas-ju-jutsu","8":"product_cat-costume-ro-6","9":"product_cat-costume-ro-7","11":"first","12":"instock","13":"shipping-taxable","14":"purchasable","15":"product-type-variable"},"_links":{"self":[{"href":"https:\/\/adidascombat.md\/ro\/wp-json\/wp\/v2\/product\/36697","targetHints":{"allow":["GET"]}}],"collection":[{"href":"https:\/\/adidascombat.md\/ro\/wp-json\/wp\/v2\/product"}],"about":[{"href":"https:\/\/adidascombat.md\/ro\/wp-json\/wp\/v2\/types\/product"}],"replies":[{"embeddable":true,"href":"https:\/\/adidascombat.md\/ro\/wp-json\/wp\/v2\/comments?post=36697"}],"version-history":[{"count":2,"href":"https:\/\/adidascombat.md\/ro\/wp-json\/wp\/v2\/product\/36697\/revisions"}],"predecessor-version":[{"id":36705,"href":"https:\/\/adidascombat.md\/ro\/wp-json\/wp\/v2\/product\/36697\/revisions\/36705"}],"wp:featuredmedia":[{"embeddable":true,"href":"https:\/\/adidascombat.md\/ro\/wp-json\/wp\/v2\/media\/36682"}],"wp:attachment":[{"href":"https:\/\/adidascombat.md\/ro\/wp-json\/wp\/v2\/media?parent=36697"}],"wp:term":[{"taxonomy":"product_brand","embeddable":true,"href":"https:\/\/adidascombat.md\/ro\/wp-json\/wp\/v2\/product_brand?post=36697"},{"taxonomy":"product_cat","embeddable":true,"href":"https:\/\/adidascombat.md\/ro\/wp-json\/wp\/v2\/product_cat?post=36697"},{"taxonomy":"product_tag","embeddable":true,"href":"https:\/\/adidascombat.md\/ro\/wp-json\/wp\/v2\/product_tag?post=36697"}],"curies":[{"name":"wp","href":"https:\/\/api.w.org\/{rel}","templated":true}]}}