{"id":36762,"date":"2026-02-12T14:37:18","date_gmt":"2026-02-12T14:37:18","guid":{"rendered":"https:\/\/adidascombat.md\/product\/%d0%ba%d0%be%d1%81%d1%82%d1%8e%d0%bc-%d0%b4%d0%b6%d0%b8%d1%83-%d0%b4%d0%b7%d1%8e%d1%86%d1%83-tenno-classic-%d1%87%d1%91%d1%80%d0%bd%d1%8b%d0%b9\/"},"modified":"2026-02-12T14:41:30","modified_gmt":"2026-02-12T14:41:30","slug":"%d0%ba%d0%be%d1%81%d1%82%d1%8e%d0%bc-%d0%b4%d0%b6%d0%b8%d1%83-%d0%b4%d0%b7%d1%8e%d1%86%d1%83-tenno-classic-%d1%87%d1%91%d1%80%d0%bd%d1%8b%d0%b9","status":"publish","type":"product","link":"https:\/\/adidascombat.md\/ro\/Produs\/%d0%ba%d0%be%d1%81%d1%82%d1%8e%d0%bc-%d0%b4%d0%b6%d0%b8%d1%83-%d0%b4%d0%b7%d1%8e%d1%86%d1%83-tenno-classic-%d1%87%d1%91%d1%80%d0%bd%d1%8b%d0%b9\/","title":{"rendered":"Costum Tenno Classic negru de jiu-jitsu"},"content":{"rendered":"<p>Tenno este un costum de autoap\u0103rare premium, fabricat din p\u00e2nz\u0103 de 400 g, extrem de rezistent\u0103 la rupere, capabil\u0103 s\u0103 reziste oric\u0103rui uz. M\u00e2necile scurte accentuate permit un antrenament eficient cu arme (cu\u021bit, baston etc.). Capetele cusute \u00een mai multe straturi ale pantalonilor \u0219i m\u00e2necilor ofer\u0103 un efect sonor puternic \u00een timpul loviturilor de pumn \u0219i picior. Construc\u021bia cu strat dublu la g\u00e2t \u0219i umeri spore\u0219te \u0219i mai mult rezisten\u021ba la rupere a jachetei. 100% bumbac.<\/p>\n<p>Caracteristici speciale:<\/p>\n<ul>\n<li>\u00a0Bloc cu leg\u0103turi laterale \u0219i m\u00e2neci scurte accentuate<\/li>\n<li>Pantaloni cu talie elastic\u0103 lat\u0103 \u0219i \u0219ireturi suplimentare<\/li>\n<li>Capetele cusute \u00een mai multe straturi ale m\u00e2necilor \u0219i pantalonilor pentru un efect \u201eexploziv\u201d<\/li>\n<\/ul>\n<p>&nbsp;<\/p>\n","protected":false},"excerpt":{"rendered":"<p>Tenno este un costum de autoap\u0103rare premium, fabricat din p\u00e2nz\u0103 de 400 g, extrem de rezistent\u0103 la rupere, capabil\u0103 s\u0103<\/p>\n","protected":false},"featured_media":36750,"comment_status":"open","ping_status":"closed","template":"","meta":[],"product_brand":[],"product_cat":[801,813,828,830],"product_tag":[],"class_list":{"0":"post-36762","1":"product","2":"type-product","3":"status-publish","4":"has-post-thumbnail","6":"product_cat-adidas-ju-jutsu","7":"product_cat-costume-ro-7","8":"product_cat-hapkido-ro","9":"product_cat-imbracaminte-9","11":"first","12":"instock","13":"shipping-taxable","14":"purchasable","15":"product-type-variable"},"_links":{"self":[{"href":"https:\/\/adidascombat.md\/ro\/wp-json\/wp\/v2\/product\/36762","targetHints":{"allow":["GET"]}}],"collection":[{"href":"https:\/\/adidascombat.md\/ro\/wp-json\/wp\/v2\/product"}],"about":[{"href":"https:\/\/adidascombat.md\/ro\/wp-json\/wp\/v2\/types\/product"}],"replies":[{"embeddable":true,"href":"https:\/\/adidascombat.md\/ro\/wp-json\/wp\/v2\/comments?post=36762"}],"version-history":[{"count":2,"href":"https:\/\/adidascombat.md\/ro\/wp-json\/wp\/v2\/product\/36762\/revisions"}],"predecessor-version":[{"id":36773,"href":"https:\/\/adidascombat.md\/ro\/wp-json\/wp\/v2\/product\/36762\/revisions\/36773"}],"wp:featuredmedia":[{"embeddable":true,"href":"https:\/\/adidascombat.md\/ro\/wp-json\/wp\/v2\/media\/36750"}],"wp:attachment":[{"href":"https:\/\/adidascombat.md\/ro\/wp-json\/wp\/v2\/media?parent=36762"}],"wp:term":[{"taxonomy":"product_brand","embeddable":true,"href":"https:\/\/adidascombat.md\/ro\/wp-json\/wp\/v2\/product_brand?post=36762"},{"taxonomy":"product_cat","embeddable":true,"href":"https:\/\/adidascombat.md\/ro\/wp-json\/wp\/v2\/product_cat?post=36762"},{"taxonomy":"product_tag","embeddable":true,"href":"https:\/\/adidascombat.md\/ro\/wp-json\/wp\/v2\/product_tag?post=36762"}],"curies":[{"name":"wp","href":"https:\/\/api.w.org\/{rel}","templated":true}]}}