{"id":36798,"date":"2026-02-12T15:04:38","date_gmt":"2026-02-12T15:04:38","guid":{"rendered":"https:\/\/adidascombat.md\/product\/%d0%ba%d0%be%d1%81%d1%82%d1%8e%d0%bc-%d1%81%d1%83%d0%bf%d0%b5%d1%80%d1%81%d0%b2%d0%b5%d1%82%d0%bb%d0%be-%d0%b3%d0%be%d0%bb%d1%83%d0%b1%d0%be%d0%b9-%d1%86%d0%b2%d0%b5%d1%82-pearl-competition\/"},"modified":"2026-02-12T15:18:13","modified_gmt":"2026-02-12T15:18:13","slug":"%d0%ba%d0%be%d1%81%d1%82%d1%8e%d0%bc-%d1%81%d1%83%d0%bf%d0%b5%d1%80%d1%81%d0%b2%d0%b5%d1%82%d0%bb%d0%be-%d0%b3%d0%be%d0%bb%d1%83%d0%b1%d0%be%d0%b9-%d1%86%d0%b2%d0%b5%d1%82-pearl-competition","status":"publish","type":"product","link":"https:\/\/adidascombat.md\/ro\/Produs\/%d0%ba%d0%be%d1%81%d1%82%d1%8e%d0%bc-%d1%81%d1%83%d0%bf%d0%b5%d1%80%d1%81%d0%b2%d0%b5%d1%82%d0%bb%d0%be-%d0%b3%d0%be%d0%bb%d1%83%d0%b1%d0%be%d0%b9-%d1%86%d0%b2%d0%b5%d1%82-pearl-competition\/","title":{"rendered":"Costum Pearl Competition albastru supeAcest costum de BJJ este cel mai u\u0219or model din linia noastr\u0103 Pearl \u0219i, pe l\u00e2ng\u0103 greutatea sa (350 g\/m2), se m\u00e2ndre\u0219te cu alte caracteristici remarcabile: jacheta este confec\u021bionat\u0103 dintr-o singur\u0103 pies\u0103 \u0219i este \u00eent\u0103rit\u0103 \u00een zonele de stres, \u00een timp ce pantalonii sunt, de asemenea, \u00eent\u0103ri\u021bi \u0219i confec\u021biona\u021bi din material ultra-u\u0219or rip-stop (8 oz). Cus\u0103turile contrastante \u0219i broderia elegant\u0103 confer\u0103, de asemenea, costumului o not\u0103 vizual\u0103 distinct\u0103.  \u00cen ciuda tuturor reducerilor de greutate, costumul poate rezista oric\u0103rei competi\u021bii \u0219i este ideal pentru taberele de antrenament de BJJ \u0219i jiu-jitsu, deoarece \u00eencape cu u\u0219urin\u021b\u0103 \u00eentr-un rucsac. Fabricat din bumbac 100%.  Greutate aproximativ\u0103: A2: 1190 grame, A3: 1280 grame, A4: 1380 grame, A5: 1490 grame  Croial\u0103 \u00eengust\u0103 BJJ Pantaloni cu partea din fa\u021b\u0103 complet \u00eent\u0103rit\u0103 \u0219i \u00eenchidere clasic\u0103 cu \u0219ireturi Aspect \u0219i confort unicedeschis"},"content":{"rendered":"<p>Acest costum de BJJ este cel mai u\u0219or model din linia noastr\u0103 Pearl \u0219i, pe l\u00e2ng\u0103 greutatea sa (350 g\/m2), se m\u00e2ndre\u0219te cu alte caracteristici remarcabile: jacheta este confec\u021bionat\u0103 dintr-o singur\u0103 pies\u0103 \u0219i este \u00eent\u0103rit\u0103 \u00een zonele de stres, \u00een timp ce pantalonii sunt, de asemenea, \u00eent\u0103ri\u021bi \u0219i confec\u021biona\u021bi din material ultra-u\u0219or rip-stop (8 oz). Cus\u0103turile contrastante \u0219i broderia elegant\u0103 confer\u0103, de asemenea, costumului o not\u0103 vizual\u0103 distinct\u0103.<\/p>\n<p>\u00cen ciuda tuturor reducerilor de greutate, costumul poate rezista oric\u0103rei competi\u021bii \u0219i este ideal pentru taberele de antrenament de BJJ \u0219i jiu-jitsu, deoarece \u00eencape cu u\u0219urin\u021b\u0103 \u00eentr-un rucsac. Fabricat din bumbac 100%.<\/p>\n<p><strong>Greutate aproximativ\u0103: A2: 1190 grame, A3: 1280 grame, A4: 1380 grame, A5: 1490 grame<\/strong><\/p>\n<ul>\n<li>\u00a0Croial\u0103 \u00eengust\u0103 BJJ<\/li>\n<li>Pantaloni cu partea din fa\u021b\u0103 complet \u00eent\u0103rit\u0103 \u0219i \u00eenchidere clasic\u0103 cu \u0219ireturi<\/li>\n<li>Aspect \u0219i confort unice<\/li>\n<\/ul>\n","protected":false},"excerpt":{"rendered":"<p>Acest costum de BJJ este cel mai u\u0219or model din linia noastr\u0103 Pearl \u0219i, pe l\u00e2ng\u0103 greutatea sa (350 g\/m2),<\/p>\n","protected":false},"featured_media":36782,"comment_status":"open","ping_status":"closed","template":"","meta":[],"product_brand":[],"product_cat":[801,813],"product_tag":[],"class_list":{"0":"post-36798","1":"product","2":"type-product","3":"status-publish","4":"has-post-thumbnail","6":"product_cat-adidas-ju-jutsu","7":"product_cat-costume-ro-7","9":"first","10":"instock","11":"shipping-taxable","12":"purchasable","13":"product-type-variable"},"_links":{"self":[{"href":"https:\/\/adidascombat.md\/ro\/wp-json\/wp\/v2\/product\/36798","targetHints":{"allow":["GET"]}}],"collection":[{"href":"https:\/\/adidascombat.md\/ro\/wp-json\/wp\/v2\/product"}],"about":[{"href":"https:\/\/adidascombat.md\/ro\/wp-json\/wp\/v2\/types\/product"}],"replies":[{"embeddable":true,"href":"https:\/\/adidascombat.md\/ro\/wp-json\/wp\/v2\/comments?post=36798"}],"version-history":[{"count":2,"href":"https:\/\/adidascombat.md\/ro\/wp-json\/wp\/v2\/product\/36798\/revisions"}],"predecessor-version":[{"id":36804,"href":"https:\/\/adidascombat.md\/ro\/wp-json\/wp\/v2\/product\/36798\/revisions\/36804"}],"wp:featuredmedia":[{"embeddable":true,"href":"https:\/\/adidascombat.md\/ro\/wp-json\/wp\/v2\/media\/36782"}],"wp:attachment":[{"href":"https:\/\/adidascombat.md\/ro\/wp-json\/wp\/v2\/media?parent=36798"}],"wp:term":[{"taxonomy":"product_brand","embeddable":true,"href":"https:\/\/adidascombat.md\/ro\/wp-json\/wp\/v2\/product_brand?post=36798"},{"taxonomy":"product_cat","embeddable":true,"href":"https:\/\/adidascombat.md\/ro\/wp-json\/wp\/v2\/product_cat?post=36798"},{"taxonomy":"product_tag","embeddable":true,"href":"https:\/\/adidascombat.md\/ro\/wp-json\/wp\/v2\/product_tag?post=36798"}],"curies":[{"name":"wp","href":"https:\/\/api.w.org\/{rel}","templated":true}]}}