{"id":36858,"date":"2026-02-12T15:56:54","date_gmt":"2026-02-12T15:56:54","guid":{"rendered":"https:\/\/adidascombat.md\/product\/%d0%ba%d0%be%d1%81%d1%82%d1%8e%d0%bc-%d0%b4%d0%bb%d1%8f-%d0%b1%d1%80%d0%b0%d0%b7%d0%b8%d0%bb%d1%8c%d1%81%d0%ba%d0%be%d0%b3%d0%be-%d0%b4%d0%b6%d0%b8%d1%83-%d0%b4%d0%b6%d0%b8%d1%82%d1%81%d1%83-adidas-ch\/"},"modified":"2026-02-12T16:07:10","modified_gmt":"2026-02-12T16:07:10","slug":"%d0%ba%d0%be%d1%81%d1%82%d1%8e%d0%bc-%d0%b4%d0%bb%d1%8f-%d0%b1%d1%80%d0%b0%d0%b7%d0%b8%d0%bb%d1%8c%d1%81%d0%ba%d0%be%d0%b3%d0%be-%d0%b4%d0%b6%d0%b8%d1%83-%d0%b4%d0%b6%d0%b8%d1%82%d1%81%d1%83-adidas-ch","status":"publish","type":"product","link":"https:\/\/adidascombat.md\/ro\/Produs\/%d0%ba%d0%be%d1%81%d1%82%d1%8e%d0%bc-%d0%b4%d0%bb%d1%8f-%d0%b1%d1%80%d0%b0%d0%b7%d0%b8%d0%bb%d1%8c%d1%81%d0%ba%d0%be%d0%b3%d0%be-%d0%b4%d0%b6%d0%b8%d1%83-%d0%b4%d0%b6%d0%b8%d1%82%d1%81%d1%83-adidas-ch\/","title":{"rendered":"Costum adidas Challenge 2.0 JJ380P 2026 Brazilian Jiu-Jitsu"},"content":{"rendered":"<p>O uniform\u0103 de Jiu-Jitsu brazilian de \u00eenalt\u0103 performan\u021b\u0103 pentru sportivii care apreciaz\u0103 func\u021bionalitatea, confortul \u0219i designul minimalist. Jacheta este confec\u021bionat\u0103 din 100% bumbac, 380 g\/m\u00b2 (+5%), cu o \u021bes\u0103tur\u0103 perlat\u0103, oferind un echilibru optim \u00eentre stabilitate, flexibilitate \u0219i respirabilitate &#8211; perfect\u0103 pentru antrenamente \u0219i competi\u021bii intense.<\/p>\n<p>Materialul alb str\u0103lucitor, decolorat, ofer\u0103 un aspect premium \u0219i subliniaz\u0103 natura minimalist\u0103 a acestei uniforme. Pantalonii sunt confec\u021biona\u021bi din material CVC de 260 g\/m\u00b2 (+5%) \u0219i impresioneaz\u0103 prin durabilitatea \u0219i libertatea de mi\u0219care confortabil\u0103, chiar \u0219i \u00een timpul sesiunilor lungi de antrenament.<\/p>\n<p>Uniforma Challenge 2.0 evit\u0103 \u00een mod inten\u021bionat detaliile inutile \u0219i ofer\u0103 exact ceea ce conteaz\u0103: performan\u021b\u0103 fiabil\u0103 pe saltea. Uniforma este livrat\u0103 f\u0103r\u0103 centur\u0103 \u0219i este ideal\u0103 at\u00e2t pentru \u00eencep\u0103tori, c\u00e2t \u0219i pentru lupt\u0103tori experimenta\u021bi.<\/p>\n<p><strong>M\u0103rime &#8211; \u00cen\u0103l\u021bime &#8211; Greutate<\/strong><\/p>\n<p>A0 150\u2013160 cm 50\u201365 kg<br \/>\nA1 160\u2013172 cm 60\u201375 kg<br \/>\nA1L 170\u2013178 cm 60\u201375 kg (sub\u021bire \u0219i \u00eenalt\u0103)<br \/>\nA2 172\u2013182 cm 70\u201385 kg<br \/>\nA2L 180\u2013188 cm 70\u201385 kg (sub\u021bire \u0219i \u00eenalt\u0103)<br \/>\nA3 178\u2013188 cm 85\u2013100 kg<\/p>\n<p>A4 188\u2013200 cm 100\u2013115 kg<\/p>\n<p>Caracteristici principale:<\/p>\n<ul>\n<li>\u00a0Costum de jiu-jitsu brazilian de \u00eenalt\u0103 performan\u021b\u0103 pentru antrenament \u0219i competi\u021bie<\/li>\n<li>Jachet\u0103: 380 g\/m\u00b2 (+5%) | 100% bumbac | \u021aes\u0103tur\u0103 perlat\u0103<\/li>\n<li>Material decolorat alb str\u0103lucitor<\/li>\n<li>Pantaloni: 260 g\/m\u00b2 (+5%) CVC<\/li>\n<li>Durabil, respirabil \u0219i confortabil<\/li>\n<li>Design minimalist, atemporal<\/li>\n<\/ul>\n<p>Centura nu este inclus\u0103<\/p>\n<p>Challenge 2.0 \u00eenseamn\u0103 claritate, control \u0219i fiabilitate &#8211; un kimono pentru cei care se concentreaz\u0103 pe ceea ce conteaz\u0103 cel mai mult.<\/p>\n","protected":false},"excerpt":{"rendered":"<p>O uniform\u0103 de Jiu-Jitsu brazilian de \u00eenalt\u0103 performan\u021b\u0103 pentru sportivii care apreciaz\u0103 func\u021bionalitatea, confortul \u0219i designul minimalist. Jacheta este confec\u021bionat\u0103<\/p>\n","protected":false},"featured_media":36841,"comment_status":"open","ping_status":"closed","template":"","meta":[],"product_brand":[],"product_cat":[785,801,787,813],"product_tag":[],"class_list":{"0":"post-36858","1":"product","2":"type-product","3":"status-publish","4":"has-post-thumbnail","6":"product_cat-adidas-bjj-ro","7":"product_cat-adidas-ju-jutsu","8":"product_cat-costume-ro-6","9":"product_cat-costume-ro-7","11":"first","12":"instock","13":"shipping-taxable","14":"purchasable","15":"product-type-variable"},"_links":{"self":[{"href":"https:\/\/adidascombat.md\/ro\/wp-json\/wp\/v2\/product\/36858","targetHints":{"allow":["GET"]}}],"collection":[{"href":"https:\/\/adidascombat.md\/ro\/wp-json\/wp\/v2\/product"}],"about":[{"href":"https:\/\/adidascombat.md\/ro\/wp-json\/wp\/v2\/types\/product"}],"replies":[{"embeddable":true,"href":"https:\/\/adidascombat.md\/ro\/wp-json\/wp\/v2\/comments?post=36858"}],"version-history":[{"count":2,"href":"https:\/\/adidascombat.md\/ro\/wp-json\/wp\/v2\/product\/36858\/revisions"}],"predecessor-version":[{"id":36867,"href":"https:\/\/adidascombat.md\/ro\/wp-json\/wp\/v2\/product\/36858\/revisions\/36867"}],"wp:featuredmedia":[{"embeddable":true,"href":"https:\/\/adidascombat.md\/ro\/wp-json\/wp\/v2\/media\/36841"}],"wp:attachment":[{"href":"https:\/\/adidascombat.md\/ro\/wp-json\/wp\/v2\/media?parent=36858"}],"wp:term":[{"taxonomy":"product_brand","embeddable":true,"href":"https:\/\/adidascombat.md\/ro\/wp-json\/wp\/v2\/product_brand?post=36858"},{"taxonomy":"product_cat","embeddable":true,"href":"https:\/\/adidascombat.md\/ro\/wp-json\/wp\/v2\/product_cat?post=36858"},{"taxonomy":"product_tag","embeddable":true,"href":"https:\/\/adidascombat.md\/ro\/wp-json\/wp\/v2\/product_tag?post=36858"}],"curies":[{"name":"wp","href":"https:\/\/api.w.org\/{rel}","templated":true}]}}