{"id":36974,"date":"2026-02-16T10:59:06","date_gmt":"2026-02-16T10:59:06","guid":{"rendered":"https:\/\/adidascombat.md\/product\/%d0%ba%d0%be%d1%81%d1%82%d1%8e%d0%bc-%d0%b4%d0%bb%d1%8f-%d0%b1%d1%80%d0%b0%d0%b7%d0%b8%d0%bb%d1%8c%d1%81%d0%ba%d0%be%d0%b3%d0%be-%d0%b4%d0%b6%d0%b8%d1%83-%d0%b4%d0%b6%d0%b8%d1%82%d1%81%d1%83-extreme-w\/"},"modified":"2026-02-16T11:02:29","modified_gmt":"2026-02-16T11:02:29","slug":"%d0%ba%d0%be%d1%81%d1%82%d1%8e%d0%bc-%d0%b4%d0%bb%d1%8f-%d0%b1%d1%80%d0%b0%d0%b7%d0%b8%d0%bb%d1%8c%d1%81%d0%ba%d0%be%d0%b3%d0%be-%d0%b4%d0%b6%d0%b8%d1%83-%d0%b4%d0%b6%d0%b8%d1%82%d1%81%d1%83-extreme-w","status":"publish","type":"product","link":"https:\/\/adidascombat.md\/ro\/Produs\/%d0%ba%d0%be%d1%81%d1%82%d1%8e%d0%bc-%d0%b4%d0%bb%d1%8f-%d0%b1%d1%80%d0%b0%d0%b7%d0%b8%d0%bb%d1%8c%d1%81%d0%ba%d0%be%d0%b3%d0%be-%d0%b4%d0%b6%d0%b8%d1%83-%d0%b4%d0%b6%d0%b8%d1%82%d1%81%d1%83-extreme-w\/","title":{"rendered":"Costum Jiu-Jitsu Brazilian EXTREME Alb 2.0"},"content":{"rendered":"<p>Xtreme 2.0 reprezint\u0103 apogeul celor mai recente dezvolt\u0103ri ale Ju-Sports \u00een Jiu-Jitsu Brazilian. Optimizat pentru Jiu-Jitsu Brazilian, costumul \u00eendepline\u0219te cele mai recente standarde JJIF \u00een ceea ce prive\u0219te croiala \u0219i culoarea. Stratul exterior al jachetei este confec\u021bionat \u00een mod tradi\u021bional dintr-o singur\u0103 bucat\u0103 de material, cu spate f\u0103r\u0103 cus\u0103turi.<\/p>\n<p>Noua \u021bes\u0103tur\u0103 structurat\u0103 din perle este excep\u021bional de fin\u0103 \u0219i dens\u0103, oferind un echilibru optim \u00eentre rezisten\u021ba la trac\u021biune \u0219i flexibilitate.<\/p>\n<p>Densitatea materialului de <strong>500 g\/m\u00b2<\/strong> este perfect echilibrat\u0103 pentru un confort superior. Inser\u021bia Lycra f\u0103r\u0103 cus\u0103turi de pe guler este prietenoas\u0103 cu pielea \u0219i respirabil\u0103. Toate punctele de stres sunt \u00eent\u0103rite cu cus\u0103turi multistrat, folosind o tehnic\u0103 specializat\u0103 de coasere. Pantalonii sunt confec\u021biona\u021bi din material ripstop durabil. Aceast\u0103 structur\u0103 complex\u0103 a \u021bes\u0103turii p\u0103trate \u00eei permite s\u0103 reziste la sarcini deosebit de mari de trac\u021biune \u0219i rupere. Un \u0219nur special de str\u00e2ngere cu elastic asigur\u0103 o potrivire precis\u0103. Toate elementele decorative sunt brodate individual \u0219i meticulos \u0219i \u021besute cu cea mai mare grij\u0103.<\/p>\n<ul>\n<li>Material: 100% bumbac<\/li>\n<li>Croial\u0103 conic\u0103 pentru BJJ<\/li>\n<li>Material de \u00eenalt\u0103 rezisten\u021b\u0103, rezistent la rupere<\/li>\n<li>Pantaloni cu fa\u021b\u0103 \u00eent\u0103rit\u0103 \u0219i \u00eenchidere clasic\u0103 cu \u0219nur<\/li>\n<li>Aspect elegant datorit\u0103 bordurilor \u0219i broderiei de \u00eenalt\u0103 calitate<\/li>\n<\/ul>\n","protected":false},"excerpt":{"rendered":"<p>Xtreme 2.0 reprezint\u0103 apogeul celor mai recente dezvolt\u0103ri ale Ju-Sports \u00een Jiu-Jitsu Brazilian. Optimizat pentru Jiu-Jitsu Brazilian, costumul \u00eendepline\u0219te cele<\/p>\n","protected":false},"featured_media":36955,"comment_status":"open","ping_status":"closed","template":"","meta":[],"product_brand":[],"product_cat":[801,813],"product_tag":[],"class_list":{"0":"post-36974","1":"product","2":"type-product","3":"status-publish","4":"has-post-thumbnail","6":"product_cat-adidas-ju-jutsu","7":"product_cat-costume-ro-7","9":"first","10":"instock","11":"shipping-taxable","12":"purchasable","13":"product-type-variable"},"_links":{"self":[{"href":"https:\/\/adidascombat.md\/ro\/wp-json\/wp\/v2\/product\/36974","targetHints":{"allow":["GET"]}}],"collection":[{"href":"https:\/\/adidascombat.md\/ro\/wp-json\/wp\/v2\/product"}],"about":[{"href":"https:\/\/adidascombat.md\/ro\/wp-json\/wp\/v2\/types\/product"}],"replies":[{"embeddable":true,"href":"https:\/\/adidascombat.md\/ro\/wp-json\/wp\/v2\/comments?post=36974"}],"version-history":[{"count":2,"href":"https:\/\/adidascombat.md\/ro\/wp-json\/wp\/v2\/product\/36974\/revisions"}],"predecessor-version":[{"id":36982,"href":"https:\/\/adidascombat.md\/ro\/wp-json\/wp\/v2\/product\/36974\/revisions\/36982"}],"wp:featuredmedia":[{"embeddable":true,"href":"https:\/\/adidascombat.md\/ro\/wp-json\/wp\/v2\/media\/36955"}],"wp:attachment":[{"href":"https:\/\/adidascombat.md\/ro\/wp-json\/wp\/v2\/media?parent=36974"}],"wp:term":[{"taxonomy":"product_brand","embeddable":true,"href":"https:\/\/adidascombat.md\/ro\/wp-json\/wp\/v2\/product_brand?post=36974"},{"taxonomy":"product_cat","embeddable":true,"href":"https:\/\/adidascombat.md\/ro\/wp-json\/wp\/v2\/product_cat?post=36974"},{"taxonomy":"product_tag","embeddable":true,"href":"https:\/\/adidascombat.md\/ro\/wp-json\/wp\/v2\/product_tag?post=36974"}],"curies":[{"name":"wp","href":"https:\/\/api.w.org\/{rel}","templated":true}]}}