{"id":37144,"date":"2026-02-16T14:09:04","date_gmt":"2026-02-16T14:09:04","guid":{"rendered":"https:\/\/adidascombat.md\/product\/%d0%b1%d1%80%d0%b0%d0%b7%d0%b8%d0%bb%d1%8c%d1%81%d0%ba%d0%be%d0%b5-%d0%ba%d0%b8%d0%bc%d0%be%d0%bd%d0%be-%d0%b4%d0%bb%d1%8f-%d0%b4%d0%b6%d0%b8%d1%83-%d0%b4%d0%b6%d0%b8%d1%82%d1%81%d1%83-extreme-black-2\/"},"modified":"2026-02-16T14:12:36","modified_gmt":"2026-02-16T14:12:36","slug":"%d0%b1%d1%80%d0%b0%d0%b7%d0%b8%d0%bb%d1%8c%d1%81%d0%ba%d0%be%d0%b5-%d0%ba%d0%b8%d0%bc%d0%be%d0%bd%d0%be-%d0%b4%d0%bb%d1%8f-%d0%b4%d0%b6%d0%b8%d1%83-%d0%b4%d0%b6%d0%b8%d1%82%d1%81%d1%83-extreme-black-2","status":"publish","type":"product","link":"https:\/\/adidascombat.md\/ro\/Produs\/%d0%b1%d1%80%d0%b0%d0%b7%d0%b8%d0%bb%d1%8c%d1%81%d0%ba%d0%be%d0%b5-%d0%ba%d0%b8%d0%bc%d0%be%d0%bd%d0%be-%d0%b4%d0%bb%d1%8f-%d0%b4%d0%b6%d0%b8%d1%83-%d0%b4%d0%b6%d0%b8%d1%82%d1%81%d1%83-extreme-black-2\/","title":{"rendered":"Kimono Extreme Black 2.0 Brazilian Jiu-Jitsu"},"content":{"rendered":"<p>Linia noastr\u0103 Extreme prezint\u0103 cele mai bune modele pentru Jiu-Jitsu Brazilian. Jacheta este confec\u021bionat\u0103 dintr-un material perlat, extrem de rezistent, dar elastic <strong>(500 g\/m\u00b2)<\/strong> \u0219i dispune de numeroase \u00eent\u0103rituri, precum \u0219i de un panou din spate moale, prietenos cu pielea \u0219i respirabil. Pantalonii ripstop \u00eent\u0103ri\u021bi, cu mai multe straturi, echipa\u021bi cu un sistem de \u0219nur elastic cu 4 bucle, asigur\u0103 o potrivire perfect\u0103 \u0219i un confort sporit.<\/p>\n<p>Aplica\u021biile elegante, de \u00eenalt\u0103 calitate, completeaz\u0103 aspectul premium.<\/p>\n<p>Culoarea \u0219i m\u0103rimile respect\u0103 regulile actuale IBJJF \u0219i JJIF.<\/p>\n<p>100% bumbac.<\/p>\n","protected":false},"excerpt":{"rendered":"<p>Linia noastr\u0103 Extreme prezint\u0103 cele mai bune modele pentru Jiu-Jitsu Brazilian. Jacheta este confec\u021bionat\u0103 dintr-un material perlat, extrem de rezistent,<\/p>\n","protected":false},"featured_media":37123,"comment_status":"open","ping_status":"closed","template":"","meta":[],"product_brand":[],"product_cat":[785,801,787,813],"product_tag":[],"class_list":{"0":"post-37144","1":"product","2":"type-product","3":"status-publish","4":"has-post-thumbnail","6":"product_cat-adidas-bjj-ro","7":"product_cat-adidas-ju-jutsu","8":"product_cat-costume-ro-6","9":"product_cat-costume-ro-7","11":"first","12":"instock","13":"shipping-taxable","14":"purchasable","15":"product-type-variable"},"_links":{"self":[{"href":"https:\/\/adidascombat.md\/ro\/wp-json\/wp\/v2\/product\/37144","targetHints":{"allow":["GET"]}}],"collection":[{"href":"https:\/\/adidascombat.md\/ro\/wp-json\/wp\/v2\/product"}],"about":[{"href":"https:\/\/adidascombat.md\/ro\/wp-json\/wp\/v2\/types\/product"}],"replies":[{"embeddable":true,"href":"https:\/\/adidascombat.md\/ro\/wp-json\/wp\/v2\/comments?post=37144"}],"version-history":[{"count":2,"href":"https:\/\/adidascombat.md\/ro\/wp-json\/wp\/v2\/product\/37144\/revisions"}],"predecessor-version":[{"id":37146,"href":"https:\/\/adidascombat.md\/ro\/wp-json\/wp\/v2\/product\/37144\/revisions\/37146"}],"wp:featuredmedia":[{"embeddable":true,"href":"https:\/\/adidascombat.md\/ro\/wp-json\/wp\/v2\/media\/37123"}],"wp:attachment":[{"href":"https:\/\/adidascombat.md\/ro\/wp-json\/wp\/v2\/media?parent=37144"}],"wp:term":[{"taxonomy":"product_brand","embeddable":true,"href":"https:\/\/adidascombat.md\/ro\/wp-json\/wp\/v2\/product_brand?post=37144"},{"taxonomy":"product_cat","embeddable":true,"href":"https:\/\/adidascombat.md\/ro\/wp-json\/wp\/v2\/product_cat?post=37144"},{"taxonomy":"product_tag","embeddable":true,"href":"https:\/\/adidascombat.md\/ro\/wp-json\/wp\/v2\/product_tag?post=37144"}],"curies":[{"name":"wp","href":"https:\/\/api.w.org\/{rel}","templated":true}]}}