{"id":37215,"date":"2026-02-19T06:41:07","date_gmt":"2026-02-19T06:41:07","guid":{"rendered":"https:\/\/adidascombat.md\/product\/amazona-%d0%b6%d0%b5%d0%bd%d1%81%d0%ba%d0%b8%d0%b9-bjj-gi-extreme-2-0-%d1%87%d0%b5%d1%80%d0%bd%d1%8b%d0%b9-%d1%80%d0%be%d0%b7%d0%be%d0%b2%d1%8b%d0%b9\/"},"modified":"2026-02-19T06:43:50","modified_gmt":"2026-02-19T06:43:50","slug":"amazona-%d0%b6%d0%b5%d0%bd%d1%81%d0%ba%d0%b8%d0%b9-bjj-gi-extreme-2-0-%d1%87%d0%b5%d1%80%d0%bd%d1%8b%d0%b9-%d1%80%d0%be%d0%b7%d0%be%d0%b2%d1%8b%d0%b9","status":"publish","type":"product","link":"https:\/\/adidascombat.md\/ro\/Produs\/amazona-%d0%b6%d0%b5%d0%bd%d1%81%d0%ba%d0%b8%d0%b9-bjj-gi-extreme-2-0-%d1%87%d0%b5%d1%80%d0%bd%d1%8b%d0%b9-%d1%80%d0%be%d0%b7%d0%be%d0%b2%d1%8b%d0%b9\/","title":{"rendered":"Amazona BJJ-Gi EXTREME 2.0 pentru femei, negru\/roz"},"content":{"rendered":"<p>Cea mai recent\u0103 linie de BJJ a noastr\u0103 include modele premium concepute special pentru femei:<\/p>\n<p>Amazona Xtreme 2.0 reprezint\u0103 apogeul celor mai recente dezvolt\u0103ri BJJ de la Ju-Sports.<\/p>\n<p>Aceast\u0103 uniform\u0103 este optimizat\u0103 pentru jiu-jitsu brazilian. Stratul exterior al jachetei este confec\u021bionat \u00een mod tradi\u021bional dintr-o singur\u0103 bucat\u0103 de material, cu spate f\u0103r\u0103 cus\u0103turi.<\/p>\n<p>Noua \u021bes\u0103tur\u0103 structurat\u0103 din perle este excep\u021bional de fin\u0103 \u0219i dens\u0103, oferind un echilibru optim \u00eentre rezisten\u021ba la trac\u021biune \u0219i flexibilitate.<\/p>\n<p>Cu o greutate de 500 g\/m\u00b2, materialul este perfect echilibrat pentru un confort superior. Inser\u021bia Lycra f\u0103r\u0103 cus\u0103turi de pe guler este prietenoas\u0103 cu pielea \u0219i respirabil\u0103.<\/p>\n<p>Toate punctele de stres sunt \u00eent\u0103rite cu cus\u0103turi multistrat, folosind o tehnic\u0103 specializat\u0103 de cusut.<\/p>\n<p>Pantalonii sunt confec\u021biona\u021bi din material ripstop durabil. Aceast\u0103 structur\u0103 complex\u0103 de \u021bes\u0103tur\u0103 p\u0103trat\u0103 le permite s\u0103 reziste la sarcini deosebit de mari de trac\u021biune \u0219i rupere. Un \u0219nur elastic special asigur\u0103 o potrivire precis\u0103.<\/p>\n<p>Elementele decorative sunt realizate individual, brodate cu expertiz\u0103 \u0219i \u021besute meticulos.<\/p>\n<p>Gi-ul vine \u00eentr-o geant\u0103 tip rucsac superb\u0103, complet sublimat\u0103, care \u00eembun\u0103t\u0103\u021be\u0219te \u0219i mai mult aspectul general al \u021binutei \u0219i o face un companion practic pentru orice sal\u0103 de sport.<\/p>\n<p><strong>Caracteristici:<\/strong><\/p>\n<ul>\n<li>\u00a0Uniform\u0103 BJJ excelent\u0103 pentru stilurile IBJJF \u0219i JJIF<\/li>\n<li>100% bumbac<\/li>\n<li>Design excelent, culori vibrante<\/li>\n<li>Pantaloni cu \u0219nur din material ripstop u\u0219or<\/li>\n<li>Jachet\u0103 extrem de func\u021bional\u0103, cu o croial\u0103 excelent\u0103<\/li>\n<\/ul>\n","protected":false},"excerpt":{"rendered":"<p>Cea mai recent\u0103 linie de BJJ a noastr\u0103 include modele premium concepute special pentru femei: Amazona Xtreme 2.0 reprezint\u0103 apogeul<\/p>\n","protected":false},"featured_media":37197,"comment_status":"open","ping_status":"closed","template":"","meta":[],"product_brand":[],"product_cat":[785,801,787,813],"product_tag":[],"class_list":{"0":"post-37215","1":"product","2":"type-product","3":"status-publish","4":"has-post-thumbnail","6":"product_cat-adidas-bjj-ro","7":"product_cat-adidas-ju-jutsu","8":"product_cat-costume-ro-6","9":"product_cat-costume-ro-7","11":"first","12":"instock","13":"shipping-taxable","14":"purchasable","15":"product-type-variable"},"_links":{"self":[{"href":"https:\/\/adidascombat.md\/ro\/wp-json\/wp\/v2\/product\/37215","targetHints":{"allow":["GET"]}}],"collection":[{"href":"https:\/\/adidascombat.md\/ro\/wp-json\/wp\/v2\/product"}],"about":[{"href":"https:\/\/adidascombat.md\/ro\/wp-json\/wp\/v2\/types\/product"}],"replies":[{"embeddable":true,"href":"https:\/\/adidascombat.md\/ro\/wp-json\/wp\/v2\/comments?post=37215"}],"version-history":[{"count":2,"href":"https:\/\/adidascombat.md\/ro\/wp-json\/wp\/v2\/product\/37215\/revisions"}],"predecessor-version":[{"id":37220,"href":"https:\/\/adidascombat.md\/ro\/wp-json\/wp\/v2\/product\/37215\/revisions\/37220"}],"wp:featuredmedia":[{"embeddable":true,"href":"https:\/\/adidascombat.md\/ro\/wp-json\/wp\/v2\/media\/37197"}],"wp:attachment":[{"href":"https:\/\/adidascombat.md\/ro\/wp-json\/wp\/v2\/media?parent=37215"}],"wp:term":[{"taxonomy":"product_brand","embeddable":true,"href":"https:\/\/adidascombat.md\/ro\/wp-json\/wp\/v2\/product_brand?post=37215"},{"taxonomy":"product_cat","embeddable":true,"href":"https:\/\/adidascombat.md\/ro\/wp-json\/wp\/v2\/product_cat?post=37215"},{"taxonomy":"product_tag","embeddable":true,"href":"https:\/\/adidascombat.md\/ro\/wp-json\/wp\/v2\/product_tag?post=37215"}],"curies":[{"name":"wp","href":"https:\/\/api.w.org\/{rel}","templated":true}]}}