{"id":37304,"date":"2026-02-19T07:26:33","date_gmt":"2026-02-19T07:26:33","guid":{"rendered":"https:\/\/adidascombat.md\/product\/%d0%ba%d0%be%d1%81%d1%82%d1%8e%d0%bc-%d0%b4%d0%bb%d1%8f-%d0%b1%d1%80%d0%b0%d0%b7%d0%b8%d0%bb%d1%8c%d1%81%d0%ba%d0%be%d0%b3%d0%be-%d0%b4%d0%b6%d0%b8%d1%83-%d0%b4%d0%b6%d0%b8%d1%82%d1%81%d1%83-xtreme-2\/"},"modified":"2026-02-19T07:28:00","modified_gmt":"2026-02-19T07:28:00","slug":"%d0%ba%d0%be%d1%81%d1%82%d1%8e%d0%bc-%d0%b4%d0%bb%d1%8f-%d0%b1%d1%80%d0%b0%d0%b7%d0%b8%d0%bb%d1%8c%d1%81%d0%ba%d0%be%d0%b3%d0%be-%d0%b4%d0%b6%d0%b8%d1%83-%d0%b4%d0%b6%d0%b8%d1%82%d1%81%d1%83-xtreme-2","status":"publish","type":"product","link":"https:\/\/adidascombat.md\/ro\/Produs\/%d0%ba%d0%be%d1%81%d1%82%d1%8e%d0%bc-%d0%b4%d0%bb%d1%8f-%d0%b1%d1%80%d0%b0%d0%b7%d0%b8%d0%bb%d1%8c%d1%81%d0%ba%d0%be%d0%b3%d0%be-%d0%b4%d0%b6%d0%b8%d1%83-%d0%b4%d0%b6%d0%b8%d1%82%d1%81%d1%83-xtreme-2\/","title":{"rendered":"Costum de jiu-jitsu brazilian Xtreme Superlight C19, negru"},"content":{"rendered":"<p>Aceast\u0103 uniform\u0103 de Jiu-Jitsu brazilian este \u00een prezent cel mai u\u0219or model de la Ju-Sports \u0219i a fost conceput\u0103 pentru a atinge cea mai mic\u0103 greutate total\u0103 posibil\u0103. Jacheta este confec\u021bionat\u0103 dintr-o singur\u0103 bucat\u0103 de material \u0219i este \u00eent\u0103rit\u0103 \u00een zonele supuse uzurii intense. Cu doar 275 de grame, materialul c\u00e2nt\u0103re\u0219te chiar mai pu\u021bin dec\u00e2t uniforma standard Superlight.<\/p>\n<p>Uniforma dispune, de asemenea, de o inser\u021bie Lycra pentru un confort sporit \u0219i un aspect elegant. Pantalonii sunt, de asemenea, \u00eent\u0103ri\u021bi \u0219i confec\u021biona\u021bi din twill de bumbac ultra-u\u0219or de 7 uncii. Cus\u0103turile contrastante \u0219i broderia elegant\u0103 adaug\u0103 o not\u0103 de clas\u0103.<\/p>\n<p>\u00cen ciuda greut\u0103\u021bii reduse, uniforma poate rezista rigorilor turneelor \u200b\u200b\u0219i este ideal\u0103 pentru taberele de antrenament de Jiu-Jitsu brazilian, deoarece \u00eencape cu u\u0219urin\u021b\u0103 \u00eentr-un rucsac, precum \u0219i pentru competi\u021biile \u00een care c\u00e2nt\u0103ririle se desf\u0103\u0219oar\u0103 \u00eentr-un gimnaziu. 100% bumbac.<\/p>\n<p><strong>Greutate aproximativ\u0103: A2: 1050 grame, A3: 1150 grame, A4: 1250 grame, A5: 1350 grame<\/strong><\/p>\n<p><strong>Caracteristici:<\/strong><\/p>\n<ul>\n<li>Croial\u0103 conic\u0103 pentru BJJ<\/li>\n<li>Pantaloni cu partea din fa\u021b\u0103 complet \u00eent\u0103rit\u0103 \u0219i \u0219ireturi clasice<\/li>\n<li>Aspect unic \u0219i confort<\/li>\n<\/ul>\n","protected":false},"excerpt":{"rendered":"<p>Aceast\u0103 uniform\u0103 de Jiu-Jitsu brazilian este \u00een prezent cel mai u\u0219or model de la Ju-Sports \u0219i a fost conceput\u0103 pentru<\/p>\n","protected":false},"featured_media":37287,"comment_status":"open","ping_status":"closed","template":"","meta":[],"product_brand":[],"product_cat":[785,801,787,813],"product_tag":[],"class_list":{"0":"post-37304","1":"product","2":"type-product","3":"status-publish","4":"has-post-thumbnail","6":"product_cat-adidas-bjj-ro","7":"product_cat-adidas-ju-jutsu","8":"product_cat-costume-ro-6","9":"product_cat-costume-ro-7","11":"first","12":"instock","13":"shipping-taxable","14":"purchasable","15":"product-type-variable"},"_links":{"self":[{"href":"https:\/\/adidascombat.md\/ro\/wp-json\/wp\/v2\/product\/37304","targetHints":{"allow":["GET"]}}],"collection":[{"href":"https:\/\/adidascombat.md\/ro\/wp-json\/wp\/v2\/product"}],"about":[{"href":"https:\/\/adidascombat.md\/ro\/wp-json\/wp\/v2\/types\/product"}],"replies":[{"embeddable":true,"href":"https:\/\/adidascombat.md\/ro\/wp-json\/wp\/v2\/comments?post=37304"}],"version-history":[{"count":1,"href":"https:\/\/adidascombat.md\/ro\/wp-json\/wp\/v2\/product\/37304\/revisions"}],"predecessor-version":[{"id":37309,"href":"https:\/\/adidascombat.md\/ro\/wp-json\/wp\/v2\/product\/37304\/revisions\/37309"}],"wp:featuredmedia":[{"embeddable":true,"href":"https:\/\/adidascombat.md\/ro\/wp-json\/wp\/v2\/media\/37287"}],"wp:attachment":[{"href":"https:\/\/adidascombat.md\/ro\/wp-json\/wp\/v2\/media?parent=37304"}],"wp:term":[{"taxonomy":"product_brand","embeddable":true,"href":"https:\/\/adidascombat.md\/ro\/wp-json\/wp\/v2\/product_brand?post=37304"},{"taxonomy":"product_cat","embeddable":true,"href":"https:\/\/adidascombat.md\/ro\/wp-json\/wp\/v2\/product_cat?post=37304"},{"taxonomy":"product_tag","embeddable":true,"href":"https:\/\/adidascombat.md\/ro\/wp-json\/wp\/v2\/product_tag?post=37304"}],"curies":[{"name":"wp","href":"https:\/\/api.w.org\/{rel}","templated":true}]}}