{"id":37421,"date":"2026-02-19T08:00:13","date_gmt":"2026-02-19T08:00:13","guid":{"rendered":"https:\/\/adidascombat.md\/product\/%d0%ba%d0%be%d1%81%d1%82%d1%8e%d0%bc-%d0%b4%d0%bb%d1%8f-%d0%b1%d1%80%d0%b0%d0%b7%d0%b8%d0%bb%d1%8c%d1%81%d0%ba%d0%be%d0%b3%d0%be-%d0%b4%d0%b6%d0%b8%d1%83-%d0%b4%d0%b6%d0%b8%d1%82%d1%81%d1%83-adidas-5\/"},"modified":"2026-02-19T08:02:03","modified_gmt":"2026-02-19T08:02:03","slug":"%d0%ba%d0%be%d1%81%d1%82%d1%8e%d0%bc-%d0%b4%d0%bb%d1%8f-%d0%b1%d1%80%d0%b0%d0%b7%d0%b8%d0%bb%d1%8c%d1%81%d0%ba%d0%be%d0%b3%d0%be-%d0%b4%d0%b6%d0%b8%d1%83-%d0%b4%d0%b6%d0%b8%d1%82%d1%81%d1%83-adidas-5","status":"publish","type":"product","link":"https:\/\/adidascombat.md\/ro\/Produs\/%d0%ba%d0%be%d1%81%d1%82%d1%8e%d0%bc-%d0%b4%d0%bb%d1%8f-%d0%b1%d1%80%d0%b0%d0%b7%d0%b8%d0%bb%d1%8c%d1%81%d0%ba%d0%be%d0%b3%d0%be-%d0%b4%d0%b6%d0%b8%d1%83-%d0%b4%d0%b6%d0%b8%d1%82%d1%81%d1%83-adidas-5\/","title":{"rendered":"Costum adidas Contest JJ430P Brazilian Jiu-Jitsu"},"content":{"rendered":"<p>Costumul de competi\u021bie Jiu-Jitsu Contest 2.0 este conceput pentru sportivii ambi\u021bio\u0219i care nu fac compromisuri nici \u00een ceea ce prive\u0219te antrenamentul, nici competi\u021bia. Jacheta este fabricat\u0103 din bumbac 100% BCI, cu o greutate de 450 g\/m\u00b2 (+5%) \u0219i impresioneaz\u0103 prin textura sa alb-alb\u0103 orbitoare, rezisten\u021ba ridicat\u0103 la uzur\u0103 \u0219i confortul.<\/p>\n<p>Pantalonii sunt fabrica\u021bi din material ripstop CVC, cu o greutate de 260 g\/m\u00b2 (+5%), \u0219i ofer\u0103 libertate maxim\u0103 de mi\u0219care \u0219i rezisten\u021b\u0103 ridicat\u0103 la rupere. O band\u0103 de talie cu \u0219nur asigur\u0103 o potrivire sigur\u0103, chiar \u0219i \u00een timpul luptelor \u0219i competi\u021biilor intense.<\/p>\n<p>Vizual, Contest 2.0 face o impresie puternic\u0103: dungile brodate de \u00eenalt\u0103 calitate, combinate cu un model de material sublimat, confer\u0103 costumului un aspect modern \u0219i atr\u0103g\u0103tor &#8211; func\u021bional \u0219i elegant \u00een acela\u0219i timp.<\/p>\n<p>Datorit\u0103 unui pretratament pentru a preveni contrac\u021bia, potrivirea r\u0103m\u00e2ne stabil\u0103 chiar \u0219i dup\u0103 sp\u0103lare. Kimono-ul este ambalat \u00eentr-o pung\u0103 de plastic reciclat, subliniind angajamentul produsului fa\u021b\u0103 de sustenabilitate.<\/p>\n<p><strong>M\u0103rime &#8211; \u00cen\u0103l\u021bime &#8211; Greutate<\/strong><\/p>\n<p><strong>A0 150\u2013160 cm 50\u201365 kg<\/strong><\/p>\n<p><strong>A1 160\u2013172 cm 60\u201375 kg<\/strong><\/p>\n<p><strong>A1L 170\u2013178 cm 60\u201375 kg (suplu \u0219i \u00eenalt)<\/strong><\/p>\n<p><strong>A2 172\u2013182 cm 70\u201385 kg<\/strong><\/p>\n<p><strong>A2L 180\u2013188 cm 70\u201385 kg (suplu \u0219i \u00eenalt)<\/strong><\/p>\n<p><strong>A3 178\u2013188 cm 85\u2013100 kg<\/strong><\/p>\n<p><strong>A4 188\u2013200 cm 100\u2013115 kg<\/strong><\/p>\n<p><strong>Caracteristici principale:<\/strong><\/p>\n<ul>\n<li>Uniform\u0103 de Jiu-Jitsu brazilian de \u00eenalt\u0103 calitate pentru antrenament \u0219i competi\u021bie<\/li>\n<li>Respect\u0103 regulile IBJJF<\/li>\n<li>Geac\u0103: 450 g\/m\u00b2 (+5%) | 100% bumbac BCI<\/li>\n<li>Material alb str\u0103lucitor, decolorat<\/li>\n<li>Pantaloni: 260 g\/m\u00b2 CVC ripstop (+5%)<\/li>\n<li>Banda cu \u0219nur pentru o potrivire sigur\u0103<\/li>\n<li>Dungi brodate \u0219i design prin sublimare<\/li>\n<li>Pre-mic\u0219orat pentru o potrivire uniform\u0103<\/li>\n<\/ul>\n<p>Contest 2.0 \u2013 With Stripes combin\u0103 performan\u021ba, durabilitatea \u0219i designul contemporan \u2013 un accesoriu pentru cei care vor s\u0103 ias\u0103 \u00een eviden\u021b\u0103 pe tatami.<\/p>\n","protected":false},"excerpt":{"rendered":"<p>Costumul de competi\u021bie Jiu-Jitsu Contest 2.0 este conceput pentru sportivii ambi\u021bio\u0219i care nu fac compromisuri nici \u00een ceea ce prive\u0219te<\/p>\n","protected":false},"featured_media":37401,"comment_status":"open","ping_status":"closed","template":"","meta":[],"product_brand":[],"product_cat":[785,801,787,813],"product_tag":[],"class_list":{"0":"post-37421","1":"product","2":"type-product","3":"status-publish","4":"has-post-thumbnail","6":"product_cat-adidas-bjj-ro","7":"product_cat-adidas-ju-jutsu","8":"product_cat-costume-ro-6","9":"product_cat-costume-ro-7","11":"first","12":"instock","13":"shipping-taxable","14":"purchasable","15":"product-type-variable"},"_links":{"self":[{"href":"https:\/\/adidascombat.md\/ro\/wp-json\/wp\/v2\/product\/37421","targetHints":{"allow":["GET"]}}],"collection":[{"href":"https:\/\/adidascombat.md\/ro\/wp-json\/wp\/v2\/product"}],"about":[{"href":"https:\/\/adidascombat.md\/ro\/wp-json\/wp\/v2\/types\/product"}],"replies":[{"embeddable":true,"href":"https:\/\/adidascombat.md\/ro\/wp-json\/wp\/v2\/comments?post=37421"}],"version-history":[{"count":2,"href":"https:\/\/adidascombat.md\/ro\/wp-json\/wp\/v2\/product\/37421\/revisions"}],"predecessor-version":[{"id":37430,"href":"https:\/\/adidascombat.md\/ro\/wp-json\/wp\/v2\/product\/37421\/revisions\/37430"}],"wp:featuredmedia":[{"embeddable":true,"href":"https:\/\/adidascombat.md\/ro\/wp-json\/wp\/v2\/media\/37401"}],"wp:attachment":[{"href":"https:\/\/adidascombat.md\/ro\/wp-json\/wp\/v2\/media?parent=37421"}],"wp:term":[{"taxonomy":"product_brand","embeddable":true,"href":"https:\/\/adidascombat.md\/ro\/wp-json\/wp\/v2\/product_brand?post=37421"},{"taxonomy":"product_cat","embeddable":true,"href":"https:\/\/adidascombat.md\/ro\/wp-json\/wp\/v2\/product_cat?post=37421"},{"taxonomy":"product_tag","embeddable":true,"href":"https:\/\/adidascombat.md\/ro\/wp-json\/wp\/v2\/product_tag?post=37421"}],"curies":[{"name":"wp","href":"https:\/\/api.w.org\/{rel}","templated":true}]}}