{"id":37458,"date":"2026-02-19T08:10:16","date_gmt":"2026-02-19T08:10:16","guid":{"rendered":"https:\/\/adidascombat.md\/product\/ju-jutsu-anzug-fighter-2-0-ripstop%d1%8d%d1%82%d0%be%d1%82-%d0%b1%d0%be%d0%b5%d0%b2%d0%be%d0%b9-%d0%ba%d0%be%d1%81%d1%82%d1%8e%d0%bc-%d0%b4%d0%bb%d1%8f-%d0%b4%d0%b6%d0%b8%d1%83-%d0%b4%d0%b6%d0%b8\/"},"modified":"2026-02-19T08:12:10","modified_gmt":"2026-02-19T08:12:10","slug":"ju-jutsu-anzug-fighter-2-0-ripstop%d1%8d%d1%82%d0%be%d1%82-%d0%b1%d0%be%d0%b5%d0%b2%d0%be%d0%b9-%d0%ba%d0%be%d1%81%d1%82%d1%8e%d0%bc-%d0%b4%d0%bb%d1%8f-%d0%b4%d0%b6%d0%b8%d1%83-%d0%b4%d0%b6%d0%b8","status":"publish","type":"product","link":"https:\/\/adidascombat.md\/ro\/Produs\/ju-jutsu-anzug-fighter-2-0-ripstop%d1%8d%d1%82%d0%be%d1%82-%d0%b1%d0%be%d0%b5%d0%b2%d0%be%d0%b9-%d0%ba%d0%be%d1%81%d1%82%d1%8e%d0%bc-%d0%b4%d0%bb%d1%8f-%d0%b4%d0%b6%d0%b8%d1%83-%d0%b4%d0%b6%d0%b8\/","title":{"rendered":"Ju-Jutsu Anzug Fighter 2.0 RipStop"},"content":{"rendered":"<p>Acest costum de lupt\u0103 pentru jiu-jitsu, confec\u021bionat din material ripstop rezistent, alb str\u0103lucitor, impresioneaz\u0103 nu doar prin incredibila sa u\u0219urin\u021b\u0103, ci \u0219i prin func\u021bionalitatea sa. Jacheta \u0219i pantalonii sunt \u00eent\u0103ri\u021bi \u00een zonele de uzur\u0103 ridicat\u0103 \u0219i dispun de cus\u0103turi pe mai multe r\u00e2nduri. Cus\u0103turile contrastante \u0219i detaliile elegante brodate confer\u0103 costumului un aspect unic.<\/p>\n<p>Desigur, logo-ul Fighter 2.0 este afi\u0219at proeminent pe umeri. \u00cen plus, genunchii sunt c\u0103ptu\u0219i\u021bi cu Lycra pentru a preveni lipirea pantalonilor de picioare \u00een timpul loviturilor \u0219i pentru a le permite s\u0103 se ridice mai u\u0219or.<\/p>\n<p>Jacheta are, de asemenea, o c\u0103ptu\u0219eal\u0103 Lycra pe interiorul umerilor pentru un confort maxim. \u00cen ciuda designului s\u0103u u\u0219or, costumul poate rezista rigorilor turneelor \u200b\u200b\u0219i este ideal pentru taberele de antrenament de jiu-jitsu, deoarece \u00eencape cu u\u0219urin\u021b\u0103 \u00eentr-un rucsac.<\/p>\n<p>Un costum de lupt\u0103 pentru cei care cer u\u0219urin\u021b\u0103 maxim\u0103. Libertatea de mi\u0219care \u0219i viteza sunt primordiale. \u00cen jiu-jitsu, majoritatea punctelor se marcheaz\u0103 \u00een prima repriz\u0103, a\u0219a c\u0103 reducerea greut\u0103\u021bii \u0219i u\u0219urin\u021ba \u00een timpul unei lupte sunt primordiale!<\/p>\n<ul>\n<li>100% bumbac<\/li>\n<li>Croial\u0103 slim pentru BJJ<\/li>\n<li>Material ultra-u\u0219or \u0219i sub\u021bire<\/li>\n<li>Aspect \u0219i confort unice<\/li>\n<\/ul>\n","protected":false},"excerpt":{"rendered":"<p>Acest costum de lupt\u0103 pentru jiu-jitsu, confec\u021bionat din material ripstop rezistent, alb str\u0103lucitor, impresioneaz\u0103 nu doar prin incredibila sa u\u0219urin\u021b\u0103,<\/p>\n","protected":false},"featured_media":37439,"comment_status":"open","ping_status":"closed","template":"","meta":[],"product_brand":[],"product_cat":[785,801,787,813],"product_tag":[],"class_list":{"0":"post-37458","1":"product","2":"type-product","3":"status-publish","4":"has-post-thumbnail","6":"product_cat-adidas-bjj-ro","7":"product_cat-adidas-ju-jutsu","8":"product_cat-costume-ro-6","9":"product_cat-costume-ro-7","11":"first","12":"instock","13":"shipping-taxable","14":"purchasable","15":"product-type-variable"},"_links":{"self":[{"href":"https:\/\/adidascombat.md\/ro\/wp-json\/wp\/v2\/product\/37458","targetHints":{"allow":["GET"]}}],"collection":[{"href":"https:\/\/adidascombat.md\/ro\/wp-json\/wp\/v2\/product"}],"about":[{"href":"https:\/\/adidascombat.md\/ro\/wp-json\/wp\/v2\/types\/product"}],"replies":[{"embeddable":true,"href":"https:\/\/adidascombat.md\/ro\/wp-json\/wp\/v2\/comments?post=37458"}],"version-history":[{"count":2,"href":"https:\/\/adidascombat.md\/ro\/wp-json\/wp\/v2\/product\/37458\/revisions"}],"predecessor-version":[{"id":37466,"href":"https:\/\/adidascombat.md\/ro\/wp-json\/wp\/v2\/product\/37458\/revisions\/37466"}],"wp:featuredmedia":[{"embeddable":true,"href":"https:\/\/adidascombat.md\/ro\/wp-json\/wp\/v2\/media\/37439"}],"wp:attachment":[{"href":"https:\/\/adidascombat.md\/ro\/wp-json\/wp\/v2\/media?parent=37458"}],"wp:term":[{"taxonomy":"product_brand","embeddable":true,"href":"https:\/\/adidascombat.md\/ro\/wp-json\/wp\/v2\/product_brand?post=37458"},{"taxonomy":"product_cat","embeddable":true,"href":"https:\/\/adidascombat.md\/ro\/wp-json\/wp\/v2\/product_cat?post=37458"},{"taxonomy":"product_tag","embeddable":true,"href":"https:\/\/adidascombat.md\/ro\/wp-json\/wp\/v2\/product_tag?post=37458"}],"curies":[{"name":"wp","href":"https:\/\/api.w.org\/{rel}","templated":true}]}}