{"id":37571,"date":"2026-02-19T08:46:38","date_gmt":"2026-02-19T08:46:38","guid":{"rendered":"https:\/\/adidascombat.md\/product\/%d0%ba%d0%be%d1%81%d1%82%d1%8e%d0%bc-jj-extreme-2-0-c24-%d0%bf%d0%b5%d1%81%d0%be%d1%87%d0%bd%d0%be-%d0%b7%d0%be%d0%bb%d0%be%d1%82%d0%be%d0%b9\/"},"modified":"2026-02-19T08:48:03","modified_gmt":"2026-02-19T08:48:03","slug":"%d0%ba%d0%be%d1%81%d1%82%d1%8e%d0%bc-jj-extreme-2-0-c24-%d0%bf%d0%b5%d1%81%d0%be%d1%87%d0%bd%d0%be-%d0%b7%d0%be%d0%bb%d0%be%d1%82%d0%be%d0%b9","status":"publish","type":"product","link":"https:\/\/adidascombat.md\/ro\/Produs\/%d0%ba%d0%be%d1%81%d1%82%d1%8e%d0%bc-jj-extreme-2-0-c24-%d0%bf%d0%b5%d1%81%d0%be%d1%87%d0%bd%d0%be-%d0%b7%d0%be%d0%bb%d0%be%d1%82%d0%be%d0%b9\/","title":{"rendered":"Costum JJ EXTREME 2.0 C24, Nisip \u0219i Auriu"},"content":{"rendered":"<p>Xtreme 2.0 reprezint\u0103 apogeul celor mai recente dezvolt\u0103ri ale Ju-Sports \u00een Jiu-Jitsu Brazilian. Aceast\u0103 uniform\u0103 este optimizat\u0103 pentru Jiu-Jitsu Brazilian. Stratul exterior al jachetei este confec\u021bionat \u00een mod tradi\u021bional dintr-o singur\u0103 bucat\u0103 de material, cu un suport f\u0103r\u0103 cus\u0103turi. Noua \u021bes\u0103tur\u0103 structurat\u0103 din perle este excep\u021bional de fin\u0103 \u0219i dens\u0103, oferind un echilibru optim \u00eentre rezisten\u021ba la trac\u021biune \u0219i flexibilitate. Densitatea materialului de 500 g\/m\u00b2 este perfect echilibrat\u0103 pentru un confort superior. Inser\u021bia Lycra f\u0103r\u0103 cus\u0103turi de pe guler este prietenoas\u0103 cu pielea \u0219i respirabil\u0103. Toate punctele de stres sunt \u00eent\u0103rite cu cus\u0103turi multistrat, folosind o tehnic\u0103 specializat\u0103 de cusut. Pantalonii sunt confec\u021biona\u021bi din material ripstop durabil. Aceast\u0103 structur\u0103 complex\u0103 a \u021bes\u0103turii p\u0103trate \u00eei permite s\u0103 reziste la for\u021be de trac\u021biune \u0219i rupere deosebit de mari. Un \u0219nur elastic special asigur\u0103 o potrivire precis\u0103. Toate elementele decorative sunt brodate individual \u0219i meticulos \u0219i \u021besute cu cea mai mare precizie.<\/p>\n<p>&nbsp;<\/p>\n<ul>\n<li>\u00a0Material: 100% bumbac<\/li>\n<li>Croial\u0103 slim pentru BJJ<\/li>\n<li>Material de \u00eenalt\u0103 rezisten\u021b\u0103, rezistent la rupere<\/li>\n<li>Pantaloni cu fa\u021b\u0103 \u00eent\u0103rit\u0103 \u0219i \u00eenchidere clasic\u0103 cu \u0219nur<\/li>\n<li>Aspect elegant datorit\u0103 paspoalului \u0219i broderiei de \u00eenalt\u0103 calitate<\/li>\n<\/ul>\n","protected":false},"excerpt":{"rendered":"<p>Xtreme 2.0 reprezint\u0103 apogeul celor mai recente dezvolt\u0103ri ale Ju-Sports \u00een Jiu-Jitsu Brazilian. Aceast\u0103 uniform\u0103 este optimizat\u0103 pentru Jiu-Jitsu Brazilian.<\/p>\n","protected":false},"featured_media":37548,"comment_status":"open","ping_status":"closed","template":"","meta":[],"product_brand":[],"product_cat":[785,801,787,813],"product_tag":[],"class_list":{"0":"post-37571","1":"product","2":"type-product","3":"status-publish","4":"has-post-thumbnail","6":"product_cat-adidas-bjj-ro","7":"product_cat-adidas-ju-jutsu","8":"product_cat-costume-ro-6","9":"product_cat-costume-ro-7","11":"first","12":"instock","13":"shipping-taxable","14":"purchasable","15":"product-type-variable"},"_links":{"self":[{"href":"https:\/\/adidascombat.md\/ro\/wp-json\/wp\/v2\/product\/37571","targetHints":{"allow":["GET"]}}],"collection":[{"href":"https:\/\/adidascombat.md\/ro\/wp-json\/wp\/v2\/product"}],"about":[{"href":"https:\/\/adidascombat.md\/ro\/wp-json\/wp\/v2\/types\/product"}],"replies":[{"embeddable":true,"href":"https:\/\/adidascombat.md\/ro\/wp-json\/wp\/v2\/comments?post=37571"}],"version-history":[{"count":2,"href":"https:\/\/adidascombat.md\/ro\/wp-json\/wp\/v2\/product\/37571\/revisions"}],"predecessor-version":[{"id":37577,"href":"https:\/\/adidascombat.md\/ro\/wp-json\/wp\/v2\/product\/37571\/revisions\/37577"}],"wp:featuredmedia":[{"embeddable":true,"href":"https:\/\/adidascombat.md\/ro\/wp-json\/wp\/v2\/media\/37548"}],"wp:attachment":[{"href":"https:\/\/adidascombat.md\/ro\/wp-json\/wp\/v2\/media?parent=37571"}],"wp:term":[{"taxonomy":"product_brand","embeddable":true,"href":"https:\/\/adidascombat.md\/ro\/wp-json\/wp\/v2\/product_brand?post=37571"},{"taxonomy":"product_cat","embeddable":true,"href":"https:\/\/adidascombat.md\/ro\/wp-json\/wp\/v2\/product_cat?post=37571"},{"taxonomy":"product_tag","embeddable":true,"href":"https:\/\/adidascombat.md\/ro\/wp-json\/wp\/v2\/product_tag?post=37571"}],"curies":[{"name":"wp","href":"https:\/\/api.w.org\/{rel}","templated":true}]}}