{"id":37638,"date":"2026-02-19T09:09:10","date_gmt":"2026-02-19T09:09:10","guid":{"rendered":"https:\/\/adidascombat.md\/product\/%d0%ba%d0%be%d1%81%d1%82%d1%8e%d0%bc-%d0%b4%d0%bb%d1%8f-%d0%b4%d0%b7%d1%8e-%d0%b4%d0%b7%d1%8e%d1%86%d1%83-pearl-fighter-2-0-%d0%be%d0%b4%d0%be%d0%b1%d1%80%d0%b5%d0%bd-jjif\/"},"modified":"2026-02-19T09:10:50","modified_gmt":"2026-02-19T09:10:50","slug":"%d0%ba%d0%be%d1%81%d1%82%d1%8e%d0%bc-%d0%b4%d0%bb%d1%8f-%d0%b4%d0%b7%d1%8e-%d0%b4%d0%b7%d1%8e%d1%86%d1%83-pearl-fighter-2-0-%d0%be%d0%b4%d0%be%d0%b1%d1%80%d0%b5%d0%bd-jjif","status":"publish","type":"product","link":"https:\/\/adidascombat.md\/ro\/Produs\/%d0%ba%d0%be%d1%81%d1%82%d1%8e%d0%bc-%d0%b4%d0%bb%d1%8f-%d0%b4%d0%b7%d1%8e-%d0%b4%d0%b7%d1%8e%d1%86%d1%83-pearl-fighter-2-0-%d0%be%d0%b4%d0%be%d0%b1%d1%80%d0%b5%d0%bd-jjif\/","title":{"rendered":"Costumul Pearl Fighter 2.0 Jujutsu este aprobat de JJIF."},"content":{"rendered":"<p>V\u0103 prezent\u0103m noul Fighter 2.0, un gimnaziu conceput special pentru luptele de jiu-jitsu\/jujitsu\/jiu-jitsu. Gimnaziu este fabricat din bumbac 100%, \u00een timp ce jacheta \u0219i pantalonii sunt c\u0103ptu\u0219i\u021bi cu poliester 100%.<\/p>\n<p>Croiala este str\u00e2mt\u0103, ceea ce face dificil\u0103 prinderea de c\u0103tre adversar.<\/p>\n<p>Pantalonii au o band\u0103 clasic\u0103 cu \u0219nur de re\u021binere \u00een talie, cu patru bucle \u00een fa\u021b\u0103, pentru o potrivire perfect\u0103. Sunt foarte u\u0219ori, permi\u021b\u00e2nd lovituri libere. Partea interioar\u0103 din fa\u021b\u0103 a pantalonilor este c\u0103ptu\u0219it\u0103 cu Lycra (100% poliester), permi\u021b\u00e2nd pantalonilor s\u0103 se mi\u0219te odat\u0103 cu tine \u00een timpul loviturilor de picior \u0219i pumn.<\/p>\n<p>Genunchii sunt \u00eent\u0103ri\u021bi.<\/p>\n<p>Jacheta este fabricat\u0103 din material de 500 g\/m\u00b2 \u0219i are un design atr\u0103g\u0103tor.<\/p>\n<p>Cus\u0103turile sunt contrastante de culoare neagr\u0103, iar logo-ul brodat \u201eFighter 2.0\u201d de pe umeri este realizat cu un finisaj tehnic de \u00eenalt\u0103 calitate.<\/p>\n<p>Pantalonii au o \u00eenchidere clasic\u0103 cu \u0219nur de re\u021binere, cu patru bucle \u00een fa\u021b\u0103, pentru o potrivire perfect\u0103. Bretelele sunt c\u0103ptu\u0219ite cu lycra 100% poliester pentru a preveni zg\u00e2rieturile cauzate de etichete \u0219i etichete. Gi-ul vine cu un rucsac elegant cu imprimare prin sublimare, care poate fi folosit \u0219i pentru purtarea zilnic\u0103.<\/p>\n<p>Per total, acesta este un produs de jiu-jitsu bine conceput, care a fost deja purtat de campionii mondiali JJIF.<\/p>\n<p>Gi-ul este aprobat de JJIF, ceea ce \u00eenseamn\u0103 c\u0103 poate fi purtat la toate turneele Federa\u021biei Interna\u021bionale de Jiu-Jitsu.<\/p>\n<p><strong>Caracteristici:<\/strong><\/p>\n<ul>\n<li>\u00a0Gi-ul de Jiu-Jitsu pentru lupte<\/li>\n<li>Finisaje excelente, bretele \u0219i genunchi c\u0103ptu\u0219ite<\/li>\n<li>Pantaloni ultra-u\u0219ori pentru lovituri \u00eenalte<\/li>\n<li>Croial\u0103 adaptat\u0103 pentru performan\u021b\u0103 atletic\u0103<\/li>\n<li>Design modern \u0219i caracteristici tehnice \u00eentr-un singur gi-ul<\/li>\n<\/ul>\n","protected":false},"excerpt":{"rendered":"<p>V\u0103 prezent\u0103m noul Fighter 2.0, un gimnaziu conceput special pentru luptele de jiu-jitsu\/jujitsu\/jiu-jitsu. Gimnaziu este fabricat din bumbac 100%, \u00een<\/p>\n","protected":false},"featured_media":37617,"comment_status":"open","ping_status":"closed","template":"","meta":[],"product_brand":[],"product_cat":[801,813],"product_tag":[],"class_list":{"0":"post-37638","1":"product","2":"type-product","3":"status-publish","4":"has-post-thumbnail","6":"product_cat-adidas-ju-jutsu","7":"product_cat-costume-ro-7","9":"first","10":"instock","11":"shipping-taxable","12":"purchasable","13":"product-type-variable"},"_links":{"self":[{"href":"https:\/\/adidascombat.md\/ro\/wp-json\/wp\/v2\/product\/37638","targetHints":{"allow":["GET"]}}],"collection":[{"href":"https:\/\/adidascombat.md\/ro\/wp-json\/wp\/v2\/product"}],"about":[{"href":"https:\/\/adidascombat.md\/ro\/wp-json\/wp\/v2\/types\/product"}],"replies":[{"embeddable":true,"href":"https:\/\/adidascombat.md\/ro\/wp-json\/wp\/v2\/comments?post=37638"}],"version-history":[{"count":1,"href":"https:\/\/adidascombat.md\/ro\/wp-json\/wp\/v2\/product\/37638\/revisions"}],"predecessor-version":[{"id":37646,"href":"https:\/\/adidascombat.md\/ro\/wp-json\/wp\/v2\/product\/37638\/revisions\/37646"}],"wp:featuredmedia":[{"embeddable":true,"href":"https:\/\/adidascombat.md\/ro\/wp-json\/wp\/v2\/media\/37617"}],"wp:attachment":[{"href":"https:\/\/adidascombat.md\/ro\/wp-json\/wp\/v2\/media?parent=37638"}],"wp:term":[{"taxonomy":"product_brand","embeddable":true,"href":"https:\/\/adidascombat.md\/ro\/wp-json\/wp\/v2\/product_brand?post=37638"},{"taxonomy":"product_cat","embeddable":true,"href":"https:\/\/adidascombat.md\/ro\/wp-json\/wp\/v2\/product_cat?post=37638"},{"taxonomy":"product_tag","embeddable":true,"href":"https:\/\/adidascombat.md\/ro\/wp-json\/wp\/v2\/product_tag?post=37638"}],"curies":[{"name":"wp","href":"https:\/\/api.w.org\/{rel}","templated":true}]}}