{"id":37662,"date":"2026-02-19T09:49:08","date_gmt":"2026-02-19T09:49:08","guid":{"rendered":"https:\/\/adidascombat.md\/product\/%d0%ba%d0%be%d1%81%d1%82%d1%8e%d0%bc-%d0%b4%d0%bb%d1%8f-%d0%b1%d1%80%d0%b0%d0%b7%d0%b8%d0%bb%d1%8c%d1%81%d0%ba%d0%be%d0%b3%d0%be-%d0%b4%d0%b6%d0%b8%d1%83-%d0%b4%d0%b6%d0%b8%d1%82%d1%81%d1%83-adidas\/"},"modified":"2026-02-19T09:50:23","modified_gmt":"2026-02-19T09:50:23","slug":"%d0%ba%d0%be%d1%81%d1%82%d1%8e%d0%bc-%d0%b4%d0%bb%d1%8f-%d0%b1%d1%80%d0%b0%d0%b7%d0%b8%d0%bb%d1%8c%d1%81%d0%ba%d0%be%d0%b3%d0%be-%d0%b4%d0%b6%d0%b8%d1%83-%d0%b4%d0%b6%d0%b8%d1%82%d1%81%d1%83-adidas","status":"publish","type":"product","link":"https:\/\/adidascombat.md\/ro\/Produs\/%d0%ba%d0%be%d1%81%d1%82%d1%8e%d0%bc-%d0%b4%d0%bb%d1%8f-%d0%b1%d1%80%d0%b0%d0%b7%d0%b8%d0%bb%d1%8c%d1%81%d0%ba%d0%be%d0%b3%d0%be-%d0%b4%d0%b6%d0%b8%d1%83-%d0%b4%d0%b6%d0%b8%d1%82%d1%81%d1%83-adidas\/","title":{"rendered":"Costum Adidas &#8222;PRO&#8221; Brazilian Jiu-Jitsu, albastru, JJ430PRO"},"content":{"rendered":"<p>Mai pu\u021bin \u00eenseamn\u0103 mai mult \u2013 JJ430 Pro \u00eentruchipeaz\u0103 perfect motto-ul adidas \u2013 este un gimnaziu fantastic pentru oricine prefer\u0103 un stil discret de jiu-jitsu brazilian \u0219i dore\u0219te s\u0103 impresioneze printr-un design simplu \u0219i o calitate superioar\u0103.<\/p>\n<p>Jacheta este confec\u021bionat\u0103 din material 430 Pearl Wave, care nu este nici prea gros, nici prea sub\u021bire, fiind ideal\u0103 at\u00e2t pentru antrenamente zilnice, c\u00e2t \u0219i pentru competi\u021bii intense. Reverele ripstop sunt foarte rezistente \u0219i prezint\u0103 mai multe r\u00e2nduri de cus\u0103turi.<\/p>\n<p>Sigla adidas elegant brodat\u0103 pe piept, cus\u0103turile contrastante \u0219i bordura intern\u0103 de la tiv \u0219i man\u0219ete sporesc aspectul discret. Dungile clasice adidas \u00een culoarea semn\u0103tur\u0103 alb-negru sunt, de asemenea, brodate direct pe material pentru o durabilitate maxim\u0103 \u0219i un aspect premium.<\/p>\n<p>Pantalonii sunt confec\u021biona\u021bi din material ripstop \u0219i prezint\u0103 trei dungi adidas brodate. \u0218ireturile sunt confec\u021bionate din \u0219nururi rotunde \u0219i sunt trecute prin trei bucle pe fiecare parte pentru o fixare sigur\u0103. Genunchii sunt \u00eent\u0103ri\u021bi.<\/p>\n<p>Kimono-ul vine \u00eentr-o geant\u0103 de transport convenabil\u0103, care poate fi folosit\u0103 \u0219i ca geant\u0103 de sal\u0103.<\/p>\n<p>Jachet\u0103: 100% bumbac<br \/>\nPantaloni: 65% poliester, 35% bumbac<\/p>\n<p><strong>Tabel de m\u0103rimi: A1 aproximativ 155-168 cm, A2 169-176 cm, A3 aproximativ 177-188 cm, A4 aproximativ +188 cm<\/strong><br \/>\n<strong>\u00cen general, dac\u0103 ave\u021bi o mu\u0219chitur\u0103 foarte dezvoltat\u0103, alege\u021bi o m\u0103rime mai mare.<\/strong><\/p>\n","protected":false},"excerpt":{"rendered":"<p>Mai pu\u021bin \u00eenseamn\u0103 mai mult \u2013 JJ430 Pro \u00eentruchipeaz\u0103 perfect motto-ul adidas \u2013 este un gimnaziu fantastic pentru oricine prefer\u0103<\/p>\n","protected":false},"featured_media":37653,"comment_status":"open","ping_status":"closed","template":"","meta":[],"product_brand":[],"product_cat":[785,787],"product_tag":[],"class_list":{"0":"post-37662","1":"product","2":"type-product","3":"status-publish","4":"has-post-thumbnail","6":"product_cat-adidas-bjj-ro","7":"product_cat-costume-ro-6","9":"first","10":"instock","11":"shipping-taxable","12":"purchasable","13":"product-type-variable"},"_links":{"self":[{"href":"https:\/\/adidascombat.md\/ro\/wp-json\/wp\/v2\/product\/37662","targetHints":{"allow":["GET"]}}],"collection":[{"href":"https:\/\/adidascombat.md\/ro\/wp-json\/wp\/v2\/product"}],"about":[{"href":"https:\/\/adidascombat.md\/ro\/wp-json\/wp\/v2\/types\/product"}],"replies":[{"embeddable":true,"href":"https:\/\/adidascombat.md\/ro\/wp-json\/wp\/v2\/comments?post=37662"}],"version-history":[{"count":2,"href":"https:\/\/adidascombat.md\/ro\/wp-json\/wp\/v2\/product\/37662\/revisions"}],"predecessor-version":[{"id":37668,"href":"https:\/\/adidascombat.md\/ro\/wp-json\/wp\/v2\/product\/37662\/revisions\/37668"}],"wp:featuredmedia":[{"embeddable":true,"href":"https:\/\/adidascombat.md\/ro\/wp-json\/wp\/v2\/media\/37653"}],"wp:attachment":[{"href":"https:\/\/adidascombat.md\/ro\/wp-json\/wp\/v2\/media?parent=37662"}],"wp:term":[{"taxonomy":"product_brand","embeddable":true,"href":"https:\/\/adidascombat.md\/ro\/wp-json\/wp\/v2\/product_brand?post=37662"},{"taxonomy":"product_cat","embeddable":true,"href":"https:\/\/adidascombat.md\/ro\/wp-json\/wp\/v2\/product_cat?post=37662"},{"taxonomy":"product_tag","embeddable":true,"href":"https:\/\/adidascombat.md\/ro\/wp-json\/wp\/v2\/product_tag?post=37662"}],"curies":[{"name":"wp","href":"https:\/\/api.w.org\/{rel}","templated":true}]}}