{"id":37748,"date":"2026-02-20T07:14:33","date_gmt":"2026-02-20T07:14:33","guid":{"rendered":"https:\/\/adidascombat.md\/product\/%d0%b7%d0%b0%d1%89%d0%b8%d1%82%d0%bd%d1%8b%d0%b9-%d0%ba%d0%be%d0%bc%d0%bf%d0%bb%d0%b5%d0%ba%d1%82-%d0%b4%d0%bb%d1%8f-%d0%b4%d0%b7%d1%8e-%d0%b4%d0%b7%d1%8e%d1%86%d1%83-%d1%81%d0%b8%d0%bd%d0%b8%d0%b9\/"},"modified":"2026-02-20T07:17:46","modified_gmt":"2026-02-20T07:17:46","slug":"%d0%b7%d0%b0%d1%89%d0%b8%d1%82%d0%bd%d1%8b%d0%b9-%d0%ba%d0%be%d0%bc%d0%bf%d0%bb%d0%b5%d0%ba%d1%82-%d0%b4%d0%bb%d1%8f-%d0%b4%d0%b7%d1%8e-%d0%b4%d0%b7%d1%8e%d1%86%d1%83-%d1%81%d0%b8%d0%bd%d0%b8%d0%b9","status":"publish","type":"product","link":"https:\/\/adidascombat.md\/ro\/Produs\/%d0%b7%d0%b0%d1%89%d0%b8%d1%82%d0%bd%d1%8b%d0%b9-%d0%ba%d0%be%d0%bc%d0%bf%d0%bb%d0%b5%d0%ba%d1%82-%d0%b4%d0%bb%d1%8f-%d0%b4%d0%b7%d1%8e-%d0%b4%d0%b7%d1%8e%d1%86%d1%83-%d1%81%d0%b8%d0%bd%d0%b8%d0%b9\/","title":{"rendered":"Set echipament de protec\u021bie pentru ju-jutsu, albastru, protec\u021bie pentru bra\u021be \u0219i picioare."},"content":{"rendered":"<p>Set echipament de protec\u021bie Blue Jiu-Jitsu \u2013 Economisi\u021bi bani \u00een compara\u021bie cu achizi\u021bionarea articolelor individuale!<\/p>\n<p>Setul include:<\/p>\n<p>1. Ap\u0103r\u0103tori de m\u00e2n\u0103 de \u00eenalt\u0103 calitate, perfecte pentru competi\u021bii! Construc\u021bie durabil\u0103 cu \u00eenchidere cu velcro la \u00eencheietura m\u00e2inii, c\u0103ptu\u0219eal\u0103 din piele \u00eentoars\u0103 \u0219i exterior din piele ecologic\u0103. Materialele sunt selectate optim pentru performan\u021be maxime \u00een competi\u021bii. Aprobate de JJIF (Federa\u021bia Interna\u021bional\u0103 de Jiu-Jitsu) pentru toate competi\u021biile din Germania, Europa \u0219i \u00een \u00eentreaga lume.<\/p>\n<p>2. Protec\u021bii pentru tibie \u0219i picior din material elastic. De asemenea, aprobate de Federa\u021bia Interna\u021bional\u0103 de Jiu-Jitsu \u0219i, bine\u00een\u021beles, de DJJV (Asocia\u021bia German\u0103 de Jiu-Jitsu)!<\/p>\n<ul>\n<li>\u00a0Protec\u021bii pentru tibie \u0219i picior din 100% bumbac<\/li>\n<li>Potrivite pentru toate artele mar\u021biale<\/li>\n<li>Material elastic<\/li>\n<li>Lavabile<\/li>\n<\/ul>\n","protected":false},"excerpt":{"rendered":"<p>Set echipament de protec\u021bie Blue Jiu-Jitsu \u2013 Economisi\u021bi bani \u00een compara\u021bie cu achizi\u021bionarea articolelor individuale! Setul include: 1. Ap\u0103r\u0103tori de<\/p>\n","protected":false},"featured_media":37729,"comment_status":"open","ping_status":"closed","template":"","meta":[],"product_brand":[],"product_cat":[801,804],"product_tag":[],"class_list":{"0":"post-37748","1":"product","2":"type-product","3":"status-publish","4":"has-post-thumbnail","6":"product_cat-adidas-ju-jutsu","7":"product_cat-echipament-protectie-7","9":"first","10":"instock","11":"shipping-taxable","12":"purchasable","13":"product-type-variable"},"_links":{"self":[{"href":"https:\/\/adidascombat.md\/ro\/wp-json\/wp\/v2\/product\/37748","targetHints":{"allow":["GET"]}}],"collection":[{"href":"https:\/\/adidascombat.md\/ro\/wp-json\/wp\/v2\/product"}],"about":[{"href":"https:\/\/adidascombat.md\/ro\/wp-json\/wp\/v2\/types\/product"}],"replies":[{"embeddable":true,"href":"https:\/\/adidascombat.md\/ro\/wp-json\/wp\/v2\/comments?post=37748"}],"version-history":[{"count":2,"href":"https:\/\/adidascombat.md\/ro\/wp-json\/wp\/v2\/product\/37748\/revisions"}],"predecessor-version":[{"id":37755,"href":"https:\/\/adidascombat.md\/ro\/wp-json\/wp\/v2\/product\/37748\/revisions\/37755"}],"wp:featuredmedia":[{"embeddable":true,"href":"https:\/\/adidascombat.md\/ro\/wp-json\/wp\/v2\/media\/37729"}],"wp:attachment":[{"href":"https:\/\/adidascombat.md\/ro\/wp-json\/wp\/v2\/media?parent=37748"}],"wp:term":[{"taxonomy":"product_brand","embeddable":true,"href":"https:\/\/adidascombat.md\/ro\/wp-json\/wp\/v2\/product_brand?post=37748"},{"taxonomy":"product_cat","embeddable":true,"href":"https:\/\/adidascombat.md\/ro\/wp-json\/wp\/v2\/product_cat?post=37748"},{"taxonomy":"product_tag","embeddable":true,"href":"https:\/\/adidascombat.md\/ro\/wp-json\/wp\/v2\/product_tag?post=37748"}],"curies":[{"name":"wp","href":"https:\/\/api.w.org\/{rel}","templated":true}]}}