{"id":37774,"date":"2026-02-20T07:25:00","date_gmt":"2026-02-20T07:25:00","guid":{"rendered":"https:\/\/adidascombat.md\/product\/%d0%b7%d0%b0%d1%89%d0%b8%d1%82%d0%bd%d1%8b%d0%b9-%d0%ba%d0%be%d0%bc%d0%bf%d0%bb%d0%b5%d0%ba%d1%82-%d0%b4%d0%bb%d1%8f-%d0%b4%d0%b7%d1%8e-%d0%b4%d0%b7%d1%8e%d1%86%d1%83-%d0%ba%d1%80%d0%b0%d1%81%d0%bd\/"},"modified":"2026-02-20T07:26:59","modified_gmt":"2026-02-20T07:26:59","slug":"%d0%b7%d0%b0%d1%89%d0%b8%d1%82%d0%bd%d1%8b%d0%b9-%d0%ba%d0%be%d0%bc%d0%bf%d0%bb%d0%b5%d0%ba%d1%82-%d0%b4%d0%bb%d1%8f-%d0%b4%d0%b7%d1%8e-%d0%b4%d0%b7%d1%8e%d1%86%d1%83-%d0%ba%d1%80%d0%b0%d1%81%d0%bd","status":"publish","type":"product","link":"https:\/\/adidascombat.md\/ro\/Produs\/%d0%b7%d0%b0%d1%89%d0%b8%d1%82%d0%bd%d1%8b%d0%b9-%d0%ba%d0%be%d0%bc%d0%bf%d0%bb%d0%b5%d0%ba%d1%82-%d0%b4%d0%bb%d1%8f-%d0%b4%d0%b7%d1%8e-%d0%b4%d0%b7%d1%8e%d1%86%d1%83-%d0%ba%d1%80%d0%b0%d1%81%d0%bd\/","title":{"rendered":"Set de protec\u021bie pentru ju-jutsu, ro\u0219u, protec\u021bie pentru bra\u021be \u0219i picioare."},"content":{"rendered":"<p>Set echipament de protec\u021bie Ju-Jitsu albastru &#8211; Economisi\u021bi \u00een compara\u021bie cu achizi\u021bionarea articolelor individual!<\/p>\n<p>Setul include:<\/p>\n<p>1. Protec\u021bie pentru m\u00e2ini de \u00eenalt\u0103 calitate, ideal\u0103 pentru competi\u021bii! Construc\u021bie robust\u0103, cu \u00eenchidere Velcro la \u00eencheietura m\u00e2inii, c\u0103ptu\u0219eal\u0103 din piele \u00eentoars\u0103 \u0219i exterior din piele sintetic\u0103. Materialele sunt optim potrivite pentru performan\u021be maxime \u00een competi\u021bii. Aprobat de JJIF (Federa\u021bia Interna\u021bional\u0103 de Ju-Jitsu) \u0219i permis pentru toate competi\u021biile din Germania, Europa \u0219i \u00een \u00eentreaga lume.<\/p>\n<p>2. Ap\u0103r\u0103tori de tibie \u0219i picior din material textil cu aspect de bandaj. De asemenea, aprobat de Federa\u021bia Interna\u021bional\u0103 de Ju-Jitsu \u0219i, bine\u00een\u021beles, de DJJV (Asocia\u021bia German\u0103 de Ju-Jitsu)!<\/p>\n<ul>\n<li>\u00a0Ap\u0103r\u0103tori de tibie \u0219i picior din material textil (100% bumbac)<\/li>\n<li>Potrivit pentru toate artele mar\u021biale<\/li>\n<li>Material tip bandaj<\/li>\n<li>Lavabil<\/li>\n<\/ul>\n","protected":false},"excerpt":{"rendered":"<p>Set echipament de protec\u021bie Ju-Jitsu albastru &#8211; Economisi\u021bi \u00een compara\u021bie cu achizi\u021bionarea articolelor individual! Setul include: 1. Protec\u021bie pentru m\u00e2ini<\/p>\n","protected":false},"featured_media":37771,"comment_status":"open","ping_status":"closed","template":"","meta":[],"product_brand":[],"product_cat":[801,804],"product_tag":[],"class_list":{"0":"post-37774","1":"product","2":"type-product","3":"status-publish","4":"has-post-thumbnail","6":"product_cat-adidas-ju-jutsu","7":"product_cat-echipament-protectie-7","9":"first","10":"instock","11":"shipping-taxable","12":"purchasable","13":"product-type-variable"},"_links":{"self":[{"href":"https:\/\/adidascombat.md\/ro\/wp-json\/wp\/v2\/product\/37774","targetHints":{"allow":["GET"]}}],"collection":[{"href":"https:\/\/adidascombat.md\/ro\/wp-json\/wp\/v2\/product"}],"about":[{"href":"https:\/\/adidascombat.md\/ro\/wp-json\/wp\/v2\/types\/product"}],"replies":[{"embeddable":true,"href":"https:\/\/adidascombat.md\/ro\/wp-json\/wp\/v2\/comments?post=37774"}],"version-history":[{"count":2,"href":"https:\/\/adidascombat.md\/ro\/wp-json\/wp\/v2\/product\/37774\/revisions"}],"predecessor-version":[{"id":37781,"href":"https:\/\/adidascombat.md\/ro\/wp-json\/wp\/v2\/product\/37774\/revisions\/37781"}],"wp:featuredmedia":[{"embeddable":true,"href":"https:\/\/adidascombat.md\/ro\/wp-json\/wp\/v2\/media\/37771"}],"wp:attachment":[{"href":"https:\/\/adidascombat.md\/ro\/wp-json\/wp\/v2\/media?parent=37774"}],"wp:term":[{"taxonomy":"product_brand","embeddable":true,"href":"https:\/\/adidascombat.md\/ro\/wp-json\/wp\/v2\/product_brand?post=37774"},{"taxonomy":"product_cat","embeddable":true,"href":"https:\/\/adidascombat.md\/ro\/wp-json\/wp\/v2\/product_cat?post=37774"},{"taxonomy":"product_tag","embeddable":true,"href":"https:\/\/adidascombat.md\/ro\/wp-json\/wp\/v2\/product_tag?post=37774"}],"curies":[{"name":"wp","href":"https:\/\/api.w.org\/{rel}","templated":true}]}}