{"id":37978,"date":"2026-02-20T10:53:47","date_gmt":"2026-02-20T10:53:47","guid":{"rendered":"https:\/\/adidascombat.md\/product\/%d0%b7%d0%b0%d1%89%d0%b8%d1%82%d0%b0-%d0%b4%d0%bb%d1%8f-%d1%80%d1%83%d0%ba-%d0%b4%d0%bb%d1%8f-%d0%b4%d0%b6%d0%b8%d1%83-%d0%b4%d0%b6%d0%b8%d1%82%d1%81%d1%83\/"},"modified":"2026-02-20T10:55:06","modified_gmt":"2026-02-20T10:55:06","slug":"%d0%b7%d0%b0%d1%89%d0%b8%d1%82%d0%b0-%d0%b4%d0%bb%d1%8f-%d1%80%d1%83%d0%ba-%d0%b4%d0%bb%d1%8f-%d0%b4%d0%b6%d0%b8%d1%83-%d0%b4%d0%b6%d0%b8%d1%82%d1%81%d1%83","status":"publish","type":"product","link":"https:\/\/adidascombat.md\/ro\/Produs\/%d0%b7%d0%b0%d1%89%d0%b8%d1%82%d0%b0-%d0%b4%d0%bb%d1%8f-%d1%80%d1%83%d0%ba-%d0%b4%d0%bb%d1%8f-%d0%b4%d0%b6%d0%b8%d1%83-%d0%b4%d0%b6%d0%b8%d1%82%d1%81%d1%83\/","title":{"rendered":"Ap\u0103r\u0103tori de m\u00e2n\u0103 Jiu-Jitsu"},"content":{"rendered":"<p>Protec\u021bie de baz\u0103 pentru m\u00e2ini, potrivit\u0103 pentru \u00eencep\u0103tori \u00een antrenamentul de contact \u0219i competi\u021biile de jiu-jitsu.<\/p>\n<p>Modelul nostru pentru \u00eencep\u0103tori, cu un design dovedit.<\/p>\n<p>O pernu\u021b\u0103 simpl\u0103 din piele sintetic\u0103, cu patru bucle pentru degete \u0219i o \u00eenchidere cu velcro la \u00eencheietura m\u00e2inii.<\/p>\n","protected":false},"excerpt":{"rendered":"<p>Protec\u021bie de baz\u0103 pentru m\u00e2ini, potrivit\u0103 pentru \u00eencep\u0103tori \u00een antrenamentul de contact \u0219i competi\u021biile de jiu-jitsu. Modelul nostru pentru \u00eencep\u0103tori,<\/p>\n","protected":false},"featured_media":37941,"comment_status":"open","ping_status":"closed","template":"","meta":[],"product_brand":[],"product_cat":[801,804],"product_tag":[],"class_list":{"0":"post-37978","1":"product","2":"type-product","3":"status-publish","4":"has-post-thumbnail","6":"product_cat-adidas-ju-jutsu","7":"product_cat-echipament-protectie-7","9":"first","10":"instock","11":"shipping-taxable","12":"purchasable","13":"product-type-variable"},"_links":{"self":[{"href":"https:\/\/adidascombat.md\/ro\/wp-json\/wp\/v2\/product\/37978","targetHints":{"allow":["GET"]}}],"collection":[{"href":"https:\/\/adidascombat.md\/ro\/wp-json\/wp\/v2\/product"}],"about":[{"href":"https:\/\/adidascombat.md\/ro\/wp-json\/wp\/v2\/types\/product"}],"replies":[{"embeddable":true,"href":"https:\/\/adidascombat.md\/ro\/wp-json\/wp\/v2\/comments?post=37978"}],"version-history":[{"count":2,"href":"https:\/\/adidascombat.md\/ro\/wp-json\/wp\/v2\/product\/37978\/revisions"}],"predecessor-version":[{"id":37992,"href":"https:\/\/adidascombat.md\/ro\/wp-json\/wp\/v2\/product\/37978\/revisions\/37992"}],"wp:featuredmedia":[{"embeddable":true,"href":"https:\/\/adidascombat.md\/ro\/wp-json\/wp\/v2\/media\/37941"}],"wp:attachment":[{"href":"https:\/\/adidascombat.md\/ro\/wp-json\/wp\/v2\/media?parent=37978"}],"wp:term":[{"taxonomy":"product_brand","embeddable":true,"href":"https:\/\/adidascombat.md\/ro\/wp-json\/wp\/v2\/product_brand?post=37978"},{"taxonomy":"product_cat","embeddable":true,"href":"https:\/\/adidascombat.md\/ro\/wp-json\/wp\/v2\/product_cat?post=37978"},{"taxonomy":"product_tag","embeddable":true,"href":"https:\/\/adidascombat.md\/ro\/wp-json\/wp\/v2\/product_tag?post=37978"}],"curies":[{"name":"wp","href":"https:\/\/api.w.org\/{rel}","templated":true}]}}