{"id":38007,"date":"2026-02-23T07:11:14","date_gmt":"2026-02-23T07:11:14","guid":{"rendered":"https:\/\/adidascombat.md\/product\/%d0%b7%d0%b0%d1%89%d0%b8%d1%82%d0%bd%d1%8b%d0%b5-%d0%bf%d0%b5%d1%80%d1%87%d0%b0%d1%82%d0%ba%d0%b8-%d0%b4%d0%bb%d1%8f-%d0%b4%d0%b7%d1%8e-%d0%b4%d0%b7%d1%8e%d1%86%d1%83-%d0%b1%d0%b5%d0%bb%d1%8b%d0%b5\/"},"modified":"2026-02-23T08:23:12","modified_gmt":"2026-02-23T08:23:12","slug":"%d0%b7%d0%b0%d1%89%d0%b8%d1%82%d0%bd%d1%8b%d0%b5-%d0%bf%d0%b5%d1%80%d1%87%d0%b0%d1%82%d0%ba%d0%b8-%d0%b4%d0%bb%d1%8f-%d0%b4%d0%b7%d1%8e-%d0%b4%d0%b7%d1%8e%d1%86%d1%83-%d0%b1%d0%b5%d0%bb%d1%8b%d0%b5","status":"publish","type":"product","link":"https:\/\/adidascombat.md\/ro\/Produs\/%d0%b7%d0%b0%d1%89%d0%b8%d1%82%d0%bd%d1%8b%d0%b5-%d0%bf%d0%b5%d1%80%d1%87%d0%b0%d1%82%d0%ba%d0%b8-%d0%b4%d0%bb%d1%8f-%d0%b4%d0%b7%d1%8e-%d0%b4%d0%b7%d1%8e%d1%86%d1%83-%d0%b1%d0%b5%d0%bb%d1%8b%d0%b5\/","title":{"rendered":"M\u0103nu\u0219i de protec\u021bie pentru ju-jutsu, albe"},"content":{"rendered":"<p>M\u0103nu\u0219i de \u00eenalt\u0103 calitate, ideale pentru competi\u021bii! Construc\u021bie durabil\u0103, \u00eenchidere cu velcro pentru \u00eencheietura m\u00e2inii, c\u0103ptu\u0219eal\u0103 din piele \u00eentoars\u0103, strat exterior din piele ecologic\u0103 \u0219i materiale selectate optim pentru performan\u021b\u0103 maxim\u0103 \u00een competi\u021bii (disponibile \u00een ro\u0219u \u0219i albastru). Culoarea alb\u0103 este potrivit\u0103 pentru examenele de centur\u0103 \u0219i antrenament.<\/p>\n<p>Caracteristici:<\/p>\n<ul>\n<li>M\u0103nu\u0219i pentru antrenament jiu-jitsu<\/li>\n<li>Pielea ecologic\u0103 durabil\u0103 rezist\u0103 la sarcini mari<\/li>\n<li>Suport excelent pentru \u00eencheietura m\u00e2inii datorit\u0103 benzii elastice cu \u00eenchidere cu velcro pentru o fixare sigur\u0103<\/li>\n<\/ul>\n","protected":false},"excerpt":{"rendered":"<p>M\u0103nu\u0219i de \u00eenalt\u0103 calitate, ideale pentru competi\u021bii! Construc\u021bie durabil\u0103, \u00eenchidere cu velcro pentru \u00eencheietura m\u00e2inii, c\u0103ptu\u0219eal\u0103 din piele \u00eentoars\u0103, strat<\/p>\n","protected":false},"featured_media":37999,"comment_status":"open","ping_status":"closed","template":"","meta":[],"product_brand":[],"product_cat":[801,804],"product_tag":[],"class_list":{"0":"post-38007","1":"product","2":"type-product","3":"status-publish","4":"has-post-thumbnail","6":"product_cat-adidas-ju-jutsu","7":"product_cat-echipament-protectie-7","9":"first","10":"instock","11":"shipping-taxable","12":"purchasable","13":"product-type-variable"},"_links":{"self":[{"href":"https:\/\/adidascombat.md\/ro\/wp-json\/wp\/v2\/product\/38007","targetHints":{"allow":["GET"]}}],"collection":[{"href":"https:\/\/adidascombat.md\/ro\/wp-json\/wp\/v2\/product"}],"about":[{"href":"https:\/\/adidascombat.md\/ro\/wp-json\/wp\/v2\/types\/product"}],"replies":[{"embeddable":true,"href":"https:\/\/adidascombat.md\/ro\/wp-json\/wp\/v2\/comments?post=38007"}],"version-history":[{"count":2,"href":"https:\/\/adidascombat.md\/ro\/wp-json\/wp\/v2\/product\/38007\/revisions"}],"predecessor-version":[{"id":38013,"href":"https:\/\/adidascombat.md\/ro\/wp-json\/wp\/v2\/product\/38007\/revisions\/38013"}],"wp:featuredmedia":[{"embeddable":true,"href":"https:\/\/adidascombat.md\/ro\/wp-json\/wp\/v2\/media\/37999"}],"wp:attachment":[{"href":"https:\/\/adidascombat.md\/ro\/wp-json\/wp\/v2\/media?parent=38007"}],"wp:term":[{"taxonomy":"product_brand","embeddable":true,"href":"https:\/\/adidascombat.md\/ro\/wp-json\/wp\/v2\/product_brand?post=38007"},{"taxonomy":"product_cat","embeddable":true,"href":"https:\/\/adidascombat.md\/ro\/wp-json\/wp\/v2\/product_cat?post=38007"},{"taxonomy":"product_tag","embeddable":true,"href":"https:\/\/adidascombat.md\/ro\/wp-json\/wp\/v2\/product_tag?post=38007"}],"curies":[{"name":"wp","href":"https:\/\/api.w.org\/{rel}","templated":true}]}}