{"id":38038,"date":"2026-02-23T08:48:29","date_gmt":"2026-02-23T08:48:29","guid":{"rendered":"https:\/\/adidascombat.md\/product\/%d0%b1%d1%80%d0%b5%d0%bb%d0%be%d0%ba-%d0%bf%d0%be%d1%8f%d1%81-%d0%b4%d0%bb%d1%8f-%d0%b4%d0%b7%d1%8e-%d0%b4%d0%b7%d1%8e%d1%86%d1%83\/"},"modified":"2026-02-23T08:52:05","modified_gmt":"2026-02-23T08:52:05","slug":"%d0%b1%d1%80%d0%b5%d0%bb%d0%be%d0%ba-%d0%bf%d0%be%d1%8f%d1%81-%d0%b4%d0%bb%d1%8f-%d0%b4%d0%b7%d1%8e-%d0%b4%d0%b7%d1%8e%d1%86%d1%83","status":"publish","type":"product","link":"https:\/\/adidascombat.md\/ro\/Produs\/%d0%b1%d1%80%d0%b5%d0%bb%d0%be%d0%ba-%d0%bf%d0%be%d1%8f%d1%81-%d0%b4%d0%bb%d1%8f-%d0%b4%d0%b7%d1%8e-%d0%b4%d0%b7%d1%8e%d1%86%d1%83\/","title":{"rendered":"Breloc cu centur\u0103 Ju-Jutsu"},"content":{"rendered":"<p>Eviden\u021biaz\u0103-\u021bi individualitatea! Acest breloc unic \u00een form\u0103 de curea prezint\u0103 o broderie elegant\u0103 aurie cu simboluri sportive,<\/p>\n<p>de aproximativ 10 x 4 cm.<\/p>\n<p>Caracteristici:<\/p>\n<ul>\n<li>Material unic<\/li>\n<li>Eviden\u021biaz\u0103 culoarea curelei tale pe acest breloc!<\/li>\n<li>Broderie aurie frumoas\u0103 cu simboluri sportive<\/li>\n<li>aproximativ 10 x 4 cm<\/li>\n<\/ul>\n","protected":false},"excerpt":{"rendered":"<p>Eviden\u021biaz\u0103-\u021bi individualitatea! Acest breloc unic \u00een form\u0103 de curea prezint\u0103 o broderie elegant\u0103 aurie cu simboluri sportive, de aproximativ 10<\/p>\n","protected":false},"featured_media":38029,"comment_status":"open","ping_status":"closed","template":"","meta":[],"product_brand":[],"product_cat":[814,801],"product_tag":[],"class_list":{"0":"post-38038","1":"product","2":"type-product","3":"status-publish","4":"has-post-thumbnail","6":"product_cat-accesorii-ro-7","7":"product_cat-adidas-ju-jutsu","9":"first","10":"instock","11":"shipping-taxable","12":"purchasable","13":"product-type-variable"},"_links":{"self":[{"href":"https:\/\/adidascombat.md\/ro\/wp-json\/wp\/v2\/product\/38038","targetHints":{"allow":["GET"]}}],"collection":[{"href":"https:\/\/adidascombat.md\/ro\/wp-json\/wp\/v2\/product"}],"about":[{"href":"https:\/\/adidascombat.md\/ro\/wp-json\/wp\/v2\/types\/product"}],"replies":[{"embeddable":true,"href":"https:\/\/adidascombat.md\/ro\/wp-json\/wp\/v2\/comments?post=38038"}],"version-history":[{"count":1,"href":"https:\/\/adidascombat.md\/ro\/wp-json\/wp\/v2\/product\/38038\/revisions"}],"predecessor-version":[{"id":38047,"href":"https:\/\/adidascombat.md\/ro\/wp-json\/wp\/v2\/product\/38038\/revisions\/38047"}],"wp:featuredmedia":[{"embeddable":true,"href":"https:\/\/adidascombat.md\/ro\/wp-json\/wp\/v2\/media\/38029"}],"wp:attachment":[{"href":"https:\/\/adidascombat.md\/ro\/wp-json\/wp\/v2\/media?parent=38038"}],"wp:term":[{"taxonomy":"product_brand","embeddable":true,"href":"https:\/\/adidascombat.md\/ro\/wp-json\/wp\/v2\/product_brand?post=38038"},{"taxonomy":"product_cat","embeddable":true,"href":"https:\/\/adidascombat.md\/ro\/wp-json\/wp\/v2\/product_cat?post=38038"},{"taxonomy":"product_tag","embeddable":true,"href":"https:\/\/adidascombat.md\/ro\/wp-json\/wp\/v2\/product_tag?post=38038"}],"curies":[{"name":"wp","href":"https:\/\/api.w.org\/{rel}","templated":true}]}}